{"id":964,"date":"2018-02-23T12:08:10","date_gmt":"2018-02-23T12:08:10","guid":{"rendered":"https:\/\/kollagen-inventia.de\/produkt\/natural-collagen-inventia-elixir-para-o-contorno-dos-olhos-serum-antirrugas-15-ml"},"modified":"2018-02-23T12:08:10","modified_gmt":"2018-02-23T12:08:10","slug":"natural-collagen-inventia-elixir-para-o-contorno-dos-olhos-serum-antirrugas-15-ml","status":"publish","type":"product","link":"https:\/\/kollagen-inventia.de\/pt-pt\/produkt\/natural-collagen-inventia-elixir-para-o-contorno-dos-olhos-serum-antirrugas-15-ml","title":{"rendered":"Natural Collagen Inventia Elixir para o Contorno dos Olhos &#8211; S\u00e9rum antirrugas 15 ml"},"content":{"rendered":"<p><span id=\"ctl00_ContentPlaceHolder1_lblText\">O Natural Collagen Inventia Elixir para o Contorno dos Olhos \u00e9 um creme suave com colag\u00e9nio, destinado a um tratamento antirrugas para a pele delicada e particularmente sens\u00edvel \u00e0 volta dos olhos. O creme \u00e9 rico em colag\u00e9nio, Pepha\u00ae-Tight e Moist 24TM, com propriedades excecionais de hidrata\u00e7\u00e3o, firmeza e estimula\u00e7\u00e3o. Cont\u00e9m Eyeseryl\u00ae, que suaviza visivelmente as rugas ao estimular a microcircula\u00e7\u00e3o, bem como ao reduzir edemas e olheiras. O elixir com colag\u00e9nio natural revitaliza e regenera a epiderme, respeitando a sensibilidade especial desta zona. Logo na primeira aplica\u00e7\u00e3o, a pele \u00e0 volta dos olhos fica mais hidratada, luminosa e lisa. O Natural Collagen Inventia Under Eye Elixir devolve ao seu olhar um brilho radiante.     <\/span><\/p>\n<p><span id=\"ctl00_ContentPlaceHolder1_lblText\"><strong>EFEITOS<\/strong><\/span><\/p>\n<ul>\n<li><span id=\"ctl00_ContentPlaceHolder1_lblText\">Prote\u00e7\u00e3o ativa contra o envelhecimento precoce da pele \u00e0 volta dos olhos<\/span><\/li>\n<li><span id=\"ctl00_ContentPlaceHolder1_lblText\">Cuida da pele exigente e muito seca \u00e0 volta dos olhos<\/span><\/li>\n<li>ajuda a combater as olheiras e as rugas \u00e0 volta dos olhos<\/li>\n<li><span id=\"ctl00_ContentPlaceHolder1_lblText\">Hidrata, suaviza e confere firmeza<\/span><\/li>\n<li><span id=\"ctl00_ContentPlaceHolder1_lblText\">Acalma e reduz os edemas<\/span><\/li>\n<li><span id=\"ctl00_ContentPlaceHolder1_lblText\">Confere um brilho suave e uma sensa\u00e7\u00e3o de frescura extraordin\u00e1ria<\/span><\/li>\n<li>cont\u00e9m colag\u00e9nio natural de peixe<\/li>\n<\/ul>\n<div align=\"center\">\n<script async=\"\" src=\"\/\/pagead2.googlesyndication.com\/pagead\/js\/adsbygoogle.js\"><\/script><br \/>\n<ins class=\"adsbygoogle\" style=\"display:block; text-align:center;\" data-ad-layout=\"in-article\" data-ad-format=\"fluid\" data-ad-client=\"ca-pub-6998664093247383\" data-ad-slot=\"1150623665\"><\/ins><br \/>\n<script>\n     (adsbygoogle = window.adsbygoogle || []).push({});\n<\/script>\n\t<\/div>\n","protected":false},"excerpt":{"rendered":"<p><span id=\"ctl00_ContentPlaceHolder1_lblText\">O Natural Collagen Inventia Elixir para o Contorno dos Olhos \u00e9 um creme suave, destinado a um tratamento antirrugas para a pele delicada e particularmente sens\u00edvel \u00e0 volta dos olhos. O creme \u00e9 rico em colag\u00e9nio, Pepha\u00ae-Tight e Moist 24TM, com propriedades excecionais de hidrata\u00e7\u00e3o, firmeza e estimula\u00e7\u00e3o. <\/span><\/p>\n","protected":false},"featured_media":156,"comment_status":"open","ping_status":"closed","template":"","meta":[],"product_brand":[],"product_cat":[71],"product_tag":[72],"class_list":{"0":"post-964","1":"product","2":"type-product","3":"status-publish","4":"has-post-thumbnail","6":"product_cat-cuidados-de-rosto","7":"product_tag-natural-collagen-inventia","9":"first","10":"instock","11":"sale","12":"taxable","13":"shipping-taxable","14":"purchasable","15":"product-type-simple"},"aioseo_notices":[],"_links":{"self":[{"href":"https:\/\/kollagen-inventia.de\/pt-pt\/wp-json\/wp\/v2\/product\/964","targetHints":{"allow":["GET"]}}],"collection":[{"href":"https:\/\/kollagen-inventia.de\/pt-pt\/wp-json\/wp\/v2\/product"}],"about":[{"href":"https:\/\/kollagen-inventia.de\/pt-pt\/wp-json\/wp\/v2\/types\/product"}],"replies":[{"embeddable":true,"href":"https:\/\/kollagen-inventia.de\/pt-pt\/wp-json\/wp\/v2\/comments?post=964"}],"wp:featuredmedia":[{"embeddable":true,"href":"https:\/\/kollagen-inventia.de\/pt-pt\/wp-json\/wp\/v2\/media\/156"}],"wp:attachment":[{"href":"https:\/\/kollagen-inventia.de\/pt-pt\/wp-json\/wp\/v2\/media?parent=964"}],"wp:term":[{"taxonomy":"product_brand","embeddable":true,"href":"https:\/\/kollagen-inventia.de\/pt-pt\/wp-json\/wp\/v2\/product_brand?post=964"},{"taxonomy":"product_cat","embeddable":true,"href":"https:\/\/kollagen-inventia.de\/pt-pt\/wp-json\/wp\/v2\/product_cat?post=964"},{"taxonomy":"product_tag","embeddable":true,"href":"https:\/\/kollagen-inventia.de\/pt-pt\/wp-json\/wp\/v2\/product_tag?post=964"}],"curies":[{"name":"wp","href":"https:\/\/api.w.org\/{rel}","templated":true}]}}