{"id":959,"date":"2018-02-25T13:44:11","date_gmt":"2018-02-25T13:44:11","guid":{"rendered":"https:\/\/kollagen-inventia.de\/produkt\/creme-clareador-natural-collagen-inventia-50-ml"},"modified":"2018-02-25T13:44:11","modified_gmt":"2018-02-25T13:44:11","slug":"creme-clareador-natural-collagen-inventia-50-ml","status":"publish","type":"product","link":"https:\/\/kollagen-inventia.de\/pt-pt\/produkt\/creme-clareador-natural-collagen-inventia-50-ml","title":{"rendered":"Creme Clareador Natural Collagen Inventia &#8211; 50 ml"},"content":{"rendered":"<p>A Natural Collagen Whitening Cream com colag\u00e9nio \u00e9 um produto baseado numa f\u00f3rmula incrivelmente rica e eficaz. Cont\u00e9m tr\u00eas ingredientes ativos que tornam a pele mais branca e luminosa. A Whitening Cream com colag\u00e9nio cont\u00e9m um complexo de oligossacar\u00eddeos para a s\u00edntese de melanina, o principal pigmento respons\u00e1vel pela cor da pele. O extrato de levedura no creme reduz a quantidade de melanina produzida pela nossa pele. O clareamento ativo da pele \u00e9 tamb\u00e9m garantido pelas vitaminas C e pelo \u00e1cido l\u00e1ctico inclu\u00eddos. O Natural Collagen Inventia assegura que a pele fica bem nutrida, regenerada e hidratada. Al\u00e9m disso, a f\u00f3rmula da Natural Collagen Inventia Whitening Cream com colag\u00e9nio (colag\u00e9nio de peixe) est\u00e1 tamb\u00e9m enriquecida com esqualano, obtido do azeite, que cria uma barreira hidrolip\u00eddica natural e assegura hidrata\u00e7\u00e3o suficiente. A prote\u00e7\u00e3o solar f\u00edsica protege a pele contra a radia\u00e7\u00e3o UV-A e UV-B.       <\/p>\n","protected":false},"excerpt":{"rendered":"<p>A Natural Collagen Whitening Cream com colag\u00e9nio \u00e9 um produto baseado numa f\u00f3rmula incrivelmente rica e eficaz. Cont\u00e9m tr\u00eas ingredientes ativos que tornam a pele mais branca e luminosa. <\/p>\n","protected":false},"featured_media":193,"comment_status":"open","ping_status":"closed","template":"","meta":[],"product_brand":[],"product_cat":[78],"product_tag":[],"class_list":{"0":"post-959","1":"product","2":"type-product","3":"status-publish","4":"has-post-thumbnail","6":"product_cat-cuidado-corporal","8":"first","9":"outofstock","10":"taxable","11":"shipping-taxable","12":"purchasable","13":"product-type-simple"},"aioseo_notices":[],"_links":{"self":[{"href":"https:\/\/kollagen-inventia.de\/pt-pt\/wp-json\/wp\/v2\/product\/959","targetHints":{"allow":["GET"]}}],"collection":[{"href":"https:\/\/kollagen-inventia.de\/pt-pt\/wp-json\/wp\/v2\/product"}],"about":[{"href":"https:\/\/kollagen-inventia.de\/pt-pt\/wp-json\/wp\/v2\/types\/product"}],"replies":[{"embeddable":true,"href":"https:\/\/kollagen-inventia.de\/pt-pt\/wp-json\/wp\/v2\/comments?post=959"}],"wp:featuredmedia":[{"embeddable":true,"href":"https:\/\/kollagen-inventia.de\/pt-pt\/wp-json\/wp\/v2\/media\/193"}],"wp:attachment":[{"href":"https:\/\/kollagen-inventia.de\/pt-pt\/wp-json\/wp\/v2\/media?parent=959"}],"wp:term":[{"taxonomy":"product_brand","embeddable":true,"href":"https:\/\/kollagen-inventia.de\/pt-pt\/wp-json\/wp\/v2\/product_brand?post=959"},{"taxonomy":"product_cat","embeddable":true,"href":"https:\/\/kollagen-inventia.de\/pt-pt\/wp-json\/wp\/v2\/product_cat?post=959"},{"taxonomy":"product_tag","embeddable":true,"href":"https:\/\/kollagen-inventia.de\/pt-pt\/wp-json\/wp\/v2\/product_tag?post=959"}],"curies":[{"name":"wp","href":"https:\/\/api.w.org\/{rel}","templated":true}]}}