{"id":955,"date":"2018-02-23T15:53:24","date_gmt":"2018-02-23T15:53:24","guid":{"rendered":"https:\/\/kollagen-inventia.de\/produkt\/natural-collagen-inventia-leite-de-limpeza-vitalizante"},"modified":"2018-02-23T15:53:24","modified_gmt":"2018-02-23T15:53:24","slug":"natural-collagen-inventia-leite-de-limpeza-vitalizante","status":"publish","type":"product","link":"https:\/\/kollagen-inventia.de\/pt-pt\/produkt\/natural-collagen-inventia-leite-de-limpeza-vitalizante","title":{"rendered":"Natural Collagen Inventia leite de limpeza vitalizante"},"content":{"rendered":"<p><span id=\"ctl00_ContentPlaceHolder1_lblText\">O Natural Collagen Inventia leite de limpeza vitalizante \u00e9 uma emuls\u00e3o excepcionalmente suave para remo\u00e7\u00e3o de maquilhagem, destinada a todos os tipos de pele, especialmente para pele sens\u00edvel e exigente. Um preparado suave, baseado em ingredientes excepcionalmente delicados e especialmente selecionados, bem tolerado pela pele. O leite cont\u00e9m ingredientes ativos como: colag\u00e9nio (colag\u00e9nio natural de peixe), Matrixyl\u00ae 3000, Moist 24TM, \u00f3leo de borragem, vitamina E, D-pantenol, alanto\u00edna e extrato de alo\u00e9. Uma f\u00f3rmula t\u00e3o rica garante a a\u00e7\u00e3o \u00fanica do produto. O Natural Collagen Inventia Vitalizing Milk elimina as impurezas de forma profunda e proporciona simultaneamente uma sensa\u00e7\u00e3o de conforto excecional.    <\/span><\/p>\n<p><span id=\"ctl00_ContentPlaceHolder1_lblText\"><strong>EFEITOS<\/strong><\/span><\/p>\n<ul>\n<li><span id=\"ctl00_ContentPlaceHolder1_lblText\">Elimina as impurezas de forma eficaz e suave ao mesmo tempo<\/span><\/li>\n<li><span id=\"ctl00_ContentPlaceHolder1_lblText\">Cuida, hidrata e firma a pele<\/span><\/li>\n<li><span id=\"ctl00_ContentPlaceHolder1_lblText\">Suaviza e alivia as irrita\u00e7\u00f5es<\/span><\/li>\n<\/ul>\n<div align=\"center\">\n<script async=\"\" src=\"\/\/pagead2.googlesyndication.com\/pagead\/js\/adsbygoogle.js\"><\/script><br \/>\n<ins class=\"adsbygoogle\" style=\"display:block; text-align:center;\" data-ad-layout=\"in-article\" data-ad-format=\"fluid\" data-ad-client=\"ca-pub-6998664093247383\" data-ad-slot=\"1150623665\"><\/ins><br \/>\n<script>\n     (adsbygoogle = window.adsbygoogle || []).push({});\n<\/script>\n\t<\/div>\n","protected":false},"excerpt":{"rendered":"<p><span id=\"ctl00_ContentPlaceHolder1_lblText\">O Natural Collagen Inventia leite de limpeza vitalizante \u00e9 uma emuls\u00e3o excepcionalmente suave para remo\u00e7\u00e3o de maquilhagem, destinada a todos os tipos de pele, especialmente para pele sens\u00edvel e exigente. Um preparado suave, baseado em ingredientes excepcionalmente delicados e especialmente selecionados, bem tolerado pela pele. <\/span><\/p>\n","protected":false},"featured_media":162,"comment_status":"open","ping_status":"closed","template":"","meta":[],"product_brand":[],"product_cat":[71],"product_tag":[72],"class_list":{"0":"post-955","1":"product","2":"type-product","3":"status-publish","4":"has-post-thumbnail","6":"product_cat-cuidados-de-rosto","7":"product_tag-natural-collagen-inventia","9":"first","10":"instock","11":"sale","12":"taxable","13":"shipping-taxable","14":"purchasable","15":"product-type-simple"},"aioseo_notices":[],"_links":{"self":[{"href":"https:\/\/kollagen-inventia.de\/pt-pt\/wp-json\/wp\/v2\/product\/955","targetHints":{"allow":["GET"]}}],"collection":[{"href":"https:\/\/kollagen-inventia.de\/pt-pt\/wp-json\/wp\/v2\/product"}],"about":[{"href":"https:\/\/kollagen-inventia.de\/pt-pt\/wp-json\/wp\/v2\/types\/product"}],"replies":[{"embeddable":true,"href":"https:\/\/kollagen-inventia.de\/pt-pt\/wp-json\/wp\/v2\/comments?post=955"}],"wp:featuredmedia":[{"embeddable":true,"href":"https:\/\/kollagen-inventia.de\/pt-pt\/wp-json\/wp\/v2\/media\/162"}],"wp:attachment":[{"href":"https:\/\/kollagen-inventia.de\/pt-pt\/wp-json\/wp\/v2\/media?parent=955"}],"wp:term":[{"taxonomy":"product_brand","embeddable":true,"href":"https:\/\/kollagen-inventia.de\/pt-pt\/wp-json\/wp\/v2\/product_brand?post=955"},{"taxonomy":"product_cat","embeddable":true,"href":"https:\/\/kollagen-inventia.de\/pt-pt\/wp-json\/wp\/v2\/product_cat?post=955"},{"taxonomy":"product_tag","embeddable":true,"href":"https:\/\/kollagen-inventia.de\/pt-pt\/wp-json\/wp\/v2\/product_tag?post=955"}],"curies":[{"name":"wp","href":"https:\/\/api.w.org\/{rel}","templated":true}]}}