{"id":951,"date":"2018-05-14T08:48:10","date_gmt":"2018-05-14T08:48:10","guid":{"rendered":"https:\/\/kollagen-inventia.de\/produkt\/natural-collagen-inventia-spray-de-colagenio-com-acido-hialuronico-100-ml"},"modified":"2018-05-14T08:48:10","modified_gmt":"2018-05-14T08:48:10","slug":"natural-collagen-inventia-spray-de-colagenio-com-acido-hialuronico-100-ml","status":"publish","type":"product","link":"https:\/\/kollagen-inventia.de\/pt-pt\/produkt\/natural-collagen-inventia-spray-de-colagenio-com-acido-hialuronico-100-ml","title":{"rendered":"Natural Collagen Inventia Spray de Colag\u00e9nio com \u00c1cido Hialur\u00f3nico 100 ml"},"content":{"rendered":"<p>Para rosto, decote e corpo. O Natural Collagen Inventia Face &amp; Body Spray 100 ml \u00e9 um spray de colag\u00e9nio rejuvenescedor, regenerador e hidratante, com uma a\u00e7\u00e3o intensiva contra rugas. O spray hidrata intensamente, revitaliza e refresca a pele do rosto e do corpo, sendo adequado para peles jovens, maduras e at\u00e9 muito sens\u00edveis. Melhora significativamente a firmeza, flexibilidade e hidrata\u00e7\u00e3o da pele, tornando-a suave e visivelmente mais macia.<br \/>\nO revigorante Natural Collagen Inventia Spray de Colag\u00e9nio cont\u00e9m hidrato de colag\u00e9nio natural altamente eficaz e \u00e1cido hialur\u00f3nico \u2013 duas subst\u00e2ncias altamente ativas com uma capacidade anti-idade particularmente boa. O colag\u00e9nio e o \u00e1cido hialur\u00f3nico melhoram significativamente a apar\u00eancia da pele, ret\u00eam a humidade e previnem a desidrata\u00e7\u00e3o da pele. Al\u00e9m disso, o colag\u00e9nio suaviza a pele, reduz as rugas, atua contra o aparecimento de novas rugas, estimula a produ\u00e7\u00e3o de colag\u00e9nio pr\u00f3pria da pele e acelera o processo de regenera\u00e7\u00e3o da pele.     <\/p>\n<p>O Natural Collagen Inventia Spray de Colag\u00e9nio \u00e9 rico em subst\u00e2ncias raras, complexas e naturais. O seu fator de hidrata\u00e7\u00e3o (NMF), PCA, lactato e amino\u00e1cidos melhoram a hidrata\u00e7\u00e3o da pele, fortalecem a sua barreira protetora natural e tornam a pele mais resistente a influ\u00eancias externas nocivas. <\/p>\n<p>Um componente importante do Natural Collagen Inventia Spray \u00e9 um extrato da fruta tropical Noni, que cont\u00e9m grandes quantidades de humectantes e prote\u00ednas e enzimas \u00fanicas para a nutri\u00e7\u00e3o da pele.<\/p>\n<p>O Natural Collagen Inventia Spray \u00e9 hipoalerg\u00e9nico, dermatologicamente testado, livre de parabenos, corantes e \u00e1lcool. A pele n\u00e3o seca e o spray pode tamb\u00e9m ser usado para fixar a maquilhagem. <\/p>\n<ul>\n<li> regenera e fortalece as estruturas naturais da pele e reconstr\u00f3i-as<\/li>\n<li> cont\u00e9m colag\u00e9nio natural<\/li>\n<li> atua contra as rugas<\/li>\n<li> estimula a s\u00edntese de colag\u00e9nio<\/li>\n<li> reduz significativamente a visibilidade de rugas profundas<\/li>\n<li> hidrata a pele de forma significativa e duradoura<\/li>\n<li> a pele fica mais firme, el\u00e1stica e suave<\/li>\n<li> devolve \u00e0 pele o seu brilho e vitalidade juvenis<\/li>\n<\/ul>\n<p><strong>Aplica\u00e7\u00e3o<\/strong><br \/>\nDe manh\u00e3 e \u00e0 noite, aplique uma pequena quantidade de Natural Collagen Inventia Spray de Colag\u00e9nio na pele limpa do rosto, pesco\u00e7o e decote e deixe secar. Ao pulverizar no rosto, mantenha os olhos fechados. O s\u00e9rum \u00e9 adequado para todos os tipos de pele, mesmo para peles sens\u00edveis e delicadas.  <\/p>\n<p><strong>Composi\u00e7\u00e3o<\/strong><br \/>\nAqua, Butylene Glycol, Gluconolactone, Arginine, Polysorbate 20, Morinda Citrifolia Fruit Extract, Soluble Collagen, Methyl Gluceth-10, Sodium PCA, Glucose, Urea, Glutamic Acid, Sodium Hyaluronate, Lysine, Glycine, Allantoin, Lactic Acid, Propylene Glycol, Sodium Benzoate, Perfume, Phenoxyelhanol, Hexyl Cinnamal, Butylphenyl Methylpropional, Limonene, Linalool.<\/p>\n<div align=\"center\">\n<script async=\"\" src=\"\/\/pagead2.googlesyndication.com\/pagead\/js\/adsbygoogle.js\"><\/script><br \/>\n<ins class=\"adsbygoogle\" style=\"display:block; text-align:center;\" data-ad-layout=\"in-article\" data-ad-format=\"fluid\" data-ad-client=\"ca-pub-6998664093247383\" data-ad-slot=\"1150623665\"><\/ins><br \/>\n<script>\n     (adsbygoogle = window.adsbygoogle || []).push({});\n<\/script>\n\t<\/div>\n","protected":false},"excerpt":{"rendered":"<p>O exclusivo Natural Collagen Inventia Face &amp; Body Spray \u00e9 um spray de colag\u00e9nio rejuvenescedor, regenerador e hidratante com o colag\u00e9nio natural Inventia.<\/p>\n","protected":false},"featured_media":320,"comment_status":"open","ping_status":"closed","template":"","meta":[],"product_brand":[],"product_cat":[78,71],"product_tag":[72],"class_list":{"0":"post-951","1":"product","2":"type-product","3":"status-publish","4":"has-post-thumbnail","6":"product_cat-cuidado-corporal","7":"product_cat-cuidados-de-rosto","8":"product_tag-natural-collagen-inventia","10":"first","11":"instock","12":"taxable","13":"shipping-taxable","14":"purchasable","15":"product-type-simple"},"aioseo_notices":[],"_links":{"self":[{"href":"https:\/\/kollagen-inventia.de\/pt-pt\/wp-json\/wp\/v2\/product\/951","targetHints":{"allow":["GET"]}}],"collection":[{"href":"https:\/\/kollagen-inventia.de\/pt-pt\/wp-json\/wp\/v2\/product"}],"about":[{"href":"https:\/\/kollagen-inventia.de\/pt-pt\/wp-json\/wp\/v2\/types\/product"}],"replies":[{"embeddable":true,"href":"https:\/\/kollagen-inventia.de\/pt-pt\/wp-json\/wp\/v2\/comments?post=951"}],"wp:featuredmedia":[{"embeddable":true,"href":"https:\/\/kollagen-inventia.de\/pt-pt\/wp-json\/wp\/v2\/media\/320"}],"wp:attachment":[{"href":"https:\/\/kollagen-inventia.de\/pt-pt\/wp-json\/wp\/v2\/media?parent=951"}],"wp:term":[{"taxonomy":"product_brand","embeddable":true,"href":"https:\/\/kollagen-inventia.de\/pt-pt\/wp-json\/wp\/v2\/product_brand?post=951"},{"taxonomy":"product_cat","embeddable":true,"href":"https:\/\/kollagen-inventia.de\/pt-pt\/wp-json\/wp\/v2\/product_cat?post=951"},{"taxonomy":"product_tag","embeddable":true,"href":"https:\/\/kollagen-inventia.de\/pt-pt\/wp-json\/wp\/v2\/product_tag?post=951"}],"curies":[{"name":"wp","href":"https:\/\/api.w.org\/{rel}","templated":true}]}}