{"id":947,"date":"2018-02-27T10:17:07","date_gmt":"2018-02-27T10:17:07","guid":{"rendered":"https:\/\/kollagen-inventia.de\/produkt\/natural-collagen-inventia-serum-de-colagenio-cabelounhas-100-ml"},"modified":"2018-02-27T10:17:07","modified_gmt":"2018-02-27T10:17:07","slug":"natural-collagen-inventia-serum-de-colagenio-cabelounhas-100-ml","status":"publish","type":"product","link":"https:\/\/kollagen-inventia.de\/pt-pt\/produkt\/natural-collagen-inventia-serum-de-colagenio-cabelounhas-100-ml","title":{"rendered":"Natural Collagen Inventia S\u00e9rum de Colag\u00e9nio Cabelo&amp;Unhas &#8211; 100 ml"},"content":{"rendered":"<p><span id=\"ctl00_ContentPlaceHolder1_lblText\">O s\u00e9rum de colag\u00e9nio Natural Collagen Inventia Hair&amp;Nails 100 ml \u00e9 recomendado para o cuidado do cabelo e das unhas, bem como como aditivo para o banho. O produto \u00e9 utilizado com sucesso em cabeleireiros e sal\u00f5es de beleza. Tamb\u00e9m \u00e9 aplicado no cuidado da pele. A prepara\u00e7\u00e3o \u00e9 um gel semil\u00edquido em tom grafite perolado. A forma em gel facilita a aplica\u00e7\u00e3o e a distribui\u00e7\u00e3o.<br \/>\nPara o cuidado do rosto e do decote, recomendamos o Natural Collagen Inventia Face. O Natural Collagen Inventia Body \u00e9 recomendado para o cuidado do corpo.     <\/span><\/p>\n<p><span id=\"ctl00_ContentPlaceHolder1_lblText\"><strong>EFEITOS<\/strong><\/span><\/p>\n<ul>\n<li><span id=\"ctl00_ContentPlaceHolder1_lblText\">O s\u00e9rum de colag\u00e9nio Natural Collagen Inventia estimula a produ\u00e7\u00e3o de colag\u00e9nio pr\u00f3prio do organismo<\/span><\/li>\n<li><span id=\"ctl00_ContentPlaceHolder1_lblText\">Melhora o aspeto geral da pele, do cabelo e das unhas<\/span><\/li>\n<li><span id=\"ctl00_ContentPlaceHolder1_lblText\">Aumenta a capacidade de reten\u00e7\u00e3o de \u00e1gua<\/span><\/li>\n<li><span id=\"ctl00_ContentPlaceHolder1_lblText\">Forma uma pel\u00edcula protetora na pele e no cabelo, evitando a perda de hidrata\u00e7\u00e3o<\/span><\/li>\n<li><span id=\"ctl00_ContentPlaceHolder1_lblText\">Reduz significativamente a aspereza da pele, alisa e torna-a el\u00e1stica<\/span><\/li>\n<li><span id=\"ctl00_ContentPlaceHolder1_lblText\">Tem um elevado grau de absor\u00e7\u00e3o<\/span><\/li>\n<li><span id=\"ctl00_ContentPlaceHolder1_lblText\">Muito bem tolerado<\/span><\/li>\n<li><span id=\"ctl00_ContentPlaceHolder1_lblText\">N\u00e3o constitui uma fonte de pri\u00f5es<\/span><\/li>\n<li><span id=\"ctl00_ContentPlaceHolder1_lblText\">Caracteriza-se por um grau de pureza muito elevado<\/span><\/li>\n<li><span id=\"ctl00_ContentPlaceHolder1_lblText\">N\u00e3o cont\u00e9m parabenos nem conservantes!<\/span><\/li>\n<\/ul>\n<div align=\"center\">\n<script async=\"\" src=\"\/\/pagead2.googlesyndication.com\/pagead\/js\/adsbygoogle.js\"><\/script><br \/>\n<ins class=\"adsbygoogle\" style=\"display:block; text-align:center;\" data-ad-layout=\"in-article\" data-ad-format=\"fluid\" data-ad-client=\"ca-pub-6998664093247383\" data-ad-slot=\"1150623665\"><\/ins><br \/>\n<script>\n     (adsbygoogle = window.adsbygoogle || []).push({});\n<\/script>\n\t<\/div>\n","protected":false},"excerpt":{"rendered":"<p><span id=\"ctl00_ContentPlaceHolder1_lblText\">O s\u00e9rum de colag\u00e9nio Natural Collagen Inventia Hair&amp;Nails 100 ml \u00e9 recomendado para o cuidado do cabelo e das unhas, bem como como aditivo para o banho. O produto \u00e9 utilizado com sucesso em cabeleireiros e sal\u00f5es de beleza. <\/span><\/p>\n","protected":false},"featured_media":199,"comment_status":"open","ping_status":"closed","template":"","meta":[],"product_brand":[],"product_cat":[80],"product_tag":[72],"class_list":{"0":"post-947","1":"product","2":"type-product","3":"status-publish","4":"has-post-thumbnail","6":"product_cat-cabelounhas","7":"product_tag-natural-collagen-inventia","9":"first","10":"instock","11":"taxable","12":"shipping-taxable","13":"purchasable","14":"product-type-simple"},"aioseo_notices":[],"_links":{"self":[{"href":"https:\/\/kollagen-inventia.de\/pt-pt\/wp-json\/wp\/v2\/product\/947","targetHints":{"allow":["GET"]}}],"collection":[{"href":"https:\/\/kollagen-inventia.de\/pt-pt\/wp-json\/wp\/v2\/product"}],"about":[{"href":"https:\/\/kollagen-inventia.de\/pt-pt\/wp-json\/wp\/v2\/types\/product"}],"replies":[{"embeddable":true,"href":"https:\/\/kollagen-inventia.de\/pt-pt\/wp-json\/wp\/v2\/comments?post=947"}],"wp:featuredmedia":[{"embeddable":true,"href":"https:\/\/kollagen-inventia.de\/pt-pt\/wp-json\/wp\/v2\/media\/199"}],"wp:attachment":[{"href":"https:\/\/kollagen-inventia.de\/pt-pt\/wp-json\/wp\/v2\/media?parent=947"}],"wp:term":[{"taxonomy":"product_brand","embeddable":true,"href":"https:\/\/kollagen-inventia.de\/pt-pt\/wp-json\/wp\/v2\/product_brand?post=947"},{"taxonomy":"product_cat","embeddable":true,"href":"https:\/\/kollagen-inventia.de\/pt-pt\/wp-json\/wp\/v2\/product_cat?post=947"},{"taxonomy":"product_tag","embeddable":true,"href":"https:\/\/kollagen-inventia.de\/pt-pt\/wp-json\/wp\/v2\/product_tag?post=947"}],"curies":[{"name":"wp","href":"https:\/\/api.w.org\/{rel}","templated":true}]}}