{"id":946,"date":"2018-02-27T10:44:50","date_gmt":"2018-02-27T10:44:50","guid":{"rendered":"https:\/\/kollagen-inventia.de\/produkt\/natural-collagen-inventia-vitamina-c-plus-60-capsulas"},"modified":"2018-02-27T10:44:50","modified_gmt":"2018-02-27T10:44:50","slug":"natural-collagen-inventia-vitamina-c-plus-60-capsulas","status":"publish","type":"product","link":"https:\/\/kollagen-inventia.de\/pt-pt\/produkt\/natural-collagen-inventia-vitamina-c-plus-60-capsulas","title":{"rendered":"Natural Collagen Inventia Vitamina C Plus &#8211; 60 c\u00e1psulas"},"content":{"rendered":"<p>\u2022 A vitamina C \u00e9 necess\u00e1ria para a estabiliza\u00e7\u00e3o e forma\u00e7\u00e3o das fibras de colag\u00e9nio.<br \/>\n\u2022 A vitamina C apoia as fun\u00e7\u00f5es do sistema imunit\u00e1rio.<br \/>\n\u2022 A vitamina C \u00e9 um antioxidante e protege contra os efeitos nocivos dos radicais livres.<\/p>\n<p>Uma c\u00e1psula de Natural Collagen Inventia C Plus cont\u00e9m 204 mg de vitamina C. O preparado \u00e9 especialmente indicado para fumadores, pessoas com hipertens\u00e3o, diab\u00e9ticos e pessoas sob stress intenso.<\/p>\n<div align=\"center\">\n<script async=\"\" src=\"\/\/pagead2.googlesyndication.com\/pagead\/js\/adsbygoogle.js\"><\/script><br \/>\n<ins class=\"adsbygoogle\" style=\"display:block; text-align:center;\" data-ad-layout=\"in-article\" data-ad-format=\"fluid\" data-ad-client=\"ca-pub-6998664093247383\" data-ad-slot=\"1150623665\"><\/ins><br \/>\n<script>\n     (adsbygoogle = window.adsbygoogle || []).push({});\n<\/script>\n\t<\/div>\n","protected":false},"excerpt":{"rendered":"<p>\u2022 A vitamina C \u00e9 necess\u00e1ria para a estabiliza\u00e7\u00e3o e forma\u00e7\u00e3o das fibras de colag\u00e9nio. \u2022 A vitamina C apoia as fun\u00e7\u00f5es do sistema imunit\u00e1rio. \u2022 A vitamina C \u00e9 um antioxidante e protege contra os efeitos nocivos dos radicais livres. Uma c\u00e1psula de Natural Collagen Inventia C Plus cont\u00e9m 204 mg de vitamina C. [&hellip;]<\/p>\n","protected":false},"featured_media":207,"comment_status":"open","ping_status":"closed","template":"","meta":[],"product_brand":[],"product_cat":[79],"product_tag":[72],"class_list":{"0":"post-946","1":"product","2":"type-product","3":"status-publish","4":"has-post-thumbnail","6":"product_cat-suplemento-alimentar","7":"product_tag-natural-collagen-inventia","9":"first","10":"instock","11":"taxable","12":"shipping-taxable","13":"purchasable","14":"product-type-simple"},"aioseo_notices":[],"_links":{"self":[{"href":"https:\/\/kollagen-inventia.de\/pt-pt\/wp-json\/wp\/v2\/product\/946","targetHints":{"allow":["GET"]}}],"collection":[{"href":"https:\/\/kollagen-inventia.de\/pt-pt\/wp-json\/wp\/v2\/product"}],"about":[{"href":"https:\/\/kollagen-inventia.de\/pt-pt\/wp-json\/wp\/v2\/types\/product"}],"replies":[{"embeddable":true,"href":"https:\/\/kollagen-inventia.de\/pt-pt\/wp-json\/wp\/v2\/comments?post=946"}],"wp:featuredmedia":[{"embeddable":true,"href":"https:\/\/kollagen-inventia.de\/pt-pt\/wp-json\/wp\/v2\/media\/207"}],"wp:attachment":[{"href":"https:\/\/kollagen-inventia.de\/pt-pt\/wp-json\/wp\/v2\/media?parent=946"}],"wp:term":[{"taxonomy":"product_brand","embeddable":true,"href":"https:\/\/kollagen-inventia.de\/pt-pt\/wp-json\/wp\/v2\/product_brand?post=946"},{"taxonomy":"product_cat","embeddable":true,"href":"https:\/\/kollagen-inventia.de\/pt-pt\/wp-json\/wp\/v2\/product_cat?post=946"},{"taxonomy":"product_tag","embeddable":true,"href":"https:\/\/kollagen-inventia.de\/pt-pt\/wp-json\/wp\/v2\/product_tag?post=946"}],"curies":[{"name":"wp","href":"https:\/\/api.w.org\/{rel}","templated":true}]}}