{"id":941,"date":"2018-02-25T13:24:17","date_gmt":"2018-02-25T13:24:17","guid":{"rendered":"https:\/\/kollagen-inventia.de\/produkt\/serum-de-colagenio-corporal-natural-collagen-inventia-100-ml"},"modified":"2018-02-25T13:24:17","modified_gmt":"2018-02-25T13:24:17","slug":"serum-de-colagenio-corporal-natural-collagen-inventia-100-ml","status":"publish","type":"product","link":"https:\/\/kollagen-inventia.de\/pt-pt\/produkt\/serum-de-colagenio-corporal-natural-collagen-inventia-100-ml","title":{"rendered":"S\u00e9rum de Colag\u00e9nio Corporal Natural Collagen Inventia &#8211; 100 ml"},"content":{"rendered":"<p><span id=\"ctl00_ContentPlaceHolder1_lblText\">O S\u00e9rum de Colag\u00e9nio Corporal Natural Collagen Inventia 100 ml \u00e9 recomendado para o cuidado intensivo de todos os tipos de pele, especialmente a pele seca e sens\u00edvel. Destina-se \u00e0 utiliza\u00e7\u00e3o em sal\u00f5es de beleza e em casa, sendo tamb\u00e9m ideal ap\u00f3s banhos de sol, quando a pele est\u00e1 seca e necessita de nutrientes extra. O s\u00e9rum de colag\u00e9nio \u00e9 um gel semil\u00edquido com uma tonalidade cinza-p\u00e9rola. A forma em gel facilita a aplica\u00e7\u00e3o e o espalhamento.<br \/>\nPara o cuidado do rosto e do decote, recomendamos o S\u00e9rum de Colag\u00e9nio Facial Natural Collagen Inventia. O Natural Collagen Inventia Hair&amp;Nails \u00e9 recomendado para o cuidado do cabelo e das unhas, bem como aditivo para o banho.    <\/span><\/p>\n<p><span id=\"ctl00_ContentPlaceHolder1_lblText\"><strong>EFEITOS<\/strong><\/span><\/p>\n<ul>\n<li><span id=\"ctl00_ContentPlaceHolder1_lblText\">Aumenta a firmeza da pele, o que minimiza a visibilidade das rugas<\/span><\/li>\n<li><span id=\"ctl00_ContentPlaceHolder1_lblText\">O preparado estimula a produ\u00e7\u00e3o de colag\u00e9nio do pr\u00f3prio corpo<\/span><\/li>\n<li>O gel cont\u00e9m colag\u00e9nio de peixe<\/li>\n<li><span id=\"ctl00_ContentPlaceHolder1_lblText\">Melhora o aspeto geral da pele<\/span><\/li>\n<li><span id=\"ctl00_ContentPlaceHolder1_lblText\">Melhora visivelmente a hidrata\u00e7\u00e3o<\/span><\/li>\n<li><span id=\"ctl00_ContentPlaceHolder1_lblText\">Aumenta a capacidade de reten\u00e7\u00e3o de \u00e1gua da pele<\/span><\/li>\n<li><span id=\"ctl00_ContentPlaceHolder1_lblText\">Forma uma pel\u00edcula protetora na pele, evitando a perda de humidade<\/span><\/li>\n<li><span id=\"ctl00_ContentPlaceHolder1_lblText\">Reduz significativamente a rugosidade da pele, suaviza e torna-a el\u00e1stica<\/span><\/li>\n<li><span id=\"ctl00_ContentPlaceHolder1_lblText\">Esfolia suavemente a epiderme, acelerando a sua regenera\u00e7\u00e3o, aclara hiperpigmenta\u00e7\u00f5es e uniformiza a tez<\/span><\/li>\n<li><span id=\"ctl00_ContentPlaceHolder1_lblText\">Possui um elevado grau de absor\u00e7\u00e3o<\/span><\/li>\n<li><span id=\"ctl00_ContentPlaceHolder1_lblText\">Muito bem tolerado pela pele<\/span><\/li>\n<li><span id=\"ctl00_ContentPlaceHolder1_lblText\">N\u00e3o constitui uma fonte de pri\u00f5es<\/span><\/li>\n<li><span id=\"ctl00_ContentPlaceHolder1_lblText\">Caracteriza-se por um grau de pureza muito elevado<\/span><\/li>\n<li><span id=\"ctl00_ContentPlaceHolder1_lblText\">N\u00e3o cont\u00e9m parabenos nem conservantes!<\/span><\/li>\n<\/ul>\n<div align=\"center\">\n<script async=\"\" src=\"\/\/pagead2.googlesyndication.com\/pagead\/js\/adsbygoogle.js\"><\/script><br \/>\n<ins class=\"adsbygoogle\" style=\"display:block; text-align:center;\" data-ad-layout=\"in-article\" data-ad-format=\"fluid\" data-ad-client=\"ca-pub-6998664093247383\" data-ad-slot=\"1150623665\"><\/ins><br \/>\n<script>\n     (adsbygoogle = window.adsbygoogle || []).push({});\n<\/script>\n\t<\/div>\n","protected":false},"excerpt":{"rendered":"<p><span id=\"ctl00_ContentPlaceHolder1_lblText\">O S\u00e9rum de Colag\u00e9nio Corporal Natural Collagen Inventia 100 ml \u00e9 recomendado para o cuidado intensivo de todos os tipos de pele, especialmente a pele seca e sens\u00edvel. Destina-se \u00e0 utiliza\u00e7\u00e3o em sal\u00f5es de beleza e em casa, sendo tamb\u00e9m ideal ap\u00f3s banhos de sol, quando a pele est\u00e1 seca e necessita de nutrientes extra. <\/span><\/p>\n","protected":false},"featured_media":188,"comment_status":"open","ping_status":"closed","template":"","meta":[],"product_brand":[],"product_cat":[78],"product_tag":[72],"class_list":{"0":"post-941","1":"product","2":"type-product","3":"status-publish","4":"has-post-thumbnail","6":"product_cat-cuidado-corporal","7":"product_tag-natural-collagen-inventia","9":"first","10":"instock","11":"taxable","12":"shipping-taxable","13":"purchasable","14":"product-type-simple"},"aioseo_notices":[],"_links":{"self":[{"href":"https:\/\/kollagen-inventia.de\/pt-pt\/wp-json\/wp\/v2\/product\/941","targetHints":{"allow":["GET"]}}],"collection":[{"href":"https:\/\/kollagen-inventia.de\/pt-pt\/wp-json\/wp\/v2\/product"}],"about":[{"href":"https:\/\/kollagen-inventia.de\/pt-pt\/wp-json\/wp\/v2\/types\/product"}],"replies":[{"embeddable":true,"href":"https:\/\/kollagen-inventia.de\/pt-pt\/wp-json\/wp\/v2\/comments?post=941"}],"wp:featuredmedia":[{"embeddable":true,"href":"https:\/\/kollagen-inventia.de\/pt-pt\/wp-json\/wp\/v2\/media\/188"}],"wp:attachment":[{"href":"https:\/\/kollagen-inventia.de\/pt-pt\/wp-json\/wp\/v2\/media?parent=941"}],"wp:term":[{"taxonomy":"product_brand","embeddable":true,"href":"https:\/\/kollagen-inventia.de\/pt-pt\/wp-json\/wp\/v2\/product_brand?post=941"},{"taxonomy":"product_cat","embeddable":true,"href":"https:\/\/kollagen-inventia.de\/pt-pt\/wp-json\/wp\/v2\/product_cat?post=941"},{"taxonomy":"product_tag","embeddable":true,"href":"https:\/\/kollagen-inventia.de\/pt-pt\/wp-json\/wp\/v2\/product_tag?post=941"}],"curies":[{"name":"wp","href":"https:\/\/api.w.org\/{rel}","templated":true}]}}