{"id":934,"date":"2018-02-23T11:51:10","date_gmt":"2018-02-23T11:51:10","guid":{"rendered":"https:\/\/kollagen-inventia.de\/produkt\/natural-collagen-inventia-face-gel-100ml-serum-anti-envelhecimento"},"modified":"2018-02-23T11:51:10","modified_gmt":"2018-02-23T11:51:10","slug":"natural-collagen-inventia-face-gel-100ml-serum-anti-envelhecimento","status":"publish","type":"product","link":"https:\/\/kollagen-inventia.de\/pt-pt\/produkt\/natural-collagen-inventia-face-gel-100ml-serum-anti-envelhecimento","title":{"rendered":"Natural Collagen Inventia FACE GEL &#8211; 100ml S\u00e9rum Anti-Envelhecimento"},"content":{"rendered":"<p><span id=\"ctl00_ContentPlaceHolder1_lblText\">Natural Collagen Inventia Face GEL 100 ml \u00e9 um s\u00e9rum antirrugas com elevada percentagem de colag\u00e9nio natural, adequado para o cuidado intensivo de todos os tipos de pele e um meio contra as rugas. O concentrado de colag\u00e9nio \u00e9 especialmente recomendado para o cuidado de pele madura, seca e sens\u00edvel, sobretudo para o cuidado do rosto e decote.<\/span> O produto \u00e9 um gel semi-l\u00edquido, de cor branca clara a cinza p\u00e9rola. A forma em gel facilita a aplica\u00e7\u00e3o e distribui\u00e7\u00e3o na pele. <\/p>\n<p><span id=\"ctl00_ContentPlaceHolder1_lblText\"><strong>EFEITOS<\/strong><\/span><\/p>\n<ul>\n<li><span id=\"ctl00_ContentPlaceHolder1_lblText\">Aumenta a firmeza da pele, minimizando a visibilidade das linhas de express\u00e3o e rugas<\/span><\/li>\n<li><span id=\"ctl00_ContentPlaceHolder1_lblText\">O produto estimula a produ\u00e7\u00e3o de colag\u00e9nio pr\u00f3prio do corpo<\/span><\/li>\n<li>O gel cont\u00e9m colag\u00e9nio de peixe<\/li>\n<li><span id=\"ctl00_ContentPlaceHolder1_lblText\">Melhora o aspeto geral da pele<\/span><\/li>\n<li><span id=\"ctl00_ContentPlaceHolder1_lblText\">Melhora visivelmente a hidrata\u00e7\u00e3o<\/span><\/li>\n<li><span id=\"ctl00_ContentPlaceHolder1_lblText\">Aumenta a capacidade de reten\u00e7\u00e3o de \u00e1gua da pele<\/span><\/li>\n<li><span id=\"ctl00_ContentPlaceHolder1_lblText\">Forma uma pel\u00edcula protetora na pele, evitando a perda de humidade<\/span><\/li>\n<li><span id=\"ctl00_ContentPlaceHolder1_lblText\">Reduz significativamente a rugosidade da pele, alisa e torna-a el\u00e1stica<\/span><\/li>\n<li><span id=\"ctl00_ContentPlaceHolder1_lblText\">Esfolia suavemente a epiderme e acelera a sua regenera\u00e7\u00e3o, clareia hiperpigmenta\u00e7\u00f5es e uniformiza o tom da pele<\/span><\/li>\n<li><span id=\"ctl00_ContentPlaceHolder1_lblText\">Tem elevado grau de absor\u00e7\u00e3o<\/span><\/li>\n<li><span id=\"ctl00_ContentPlaceHolder1_lblText\">Muito bem tolerado pela pele<\/span><\/li>\n<li><span id=\"ctl00_ContentPlaceHolder1_lblText\">N\u00e3o constitui fonte de pri\u00f5es<\/span><\/li>\n<li><span id=\"ctl00_ContentPlaceHolder1_lblText\">Caracteriza-se por um grau de pureza muito elevado<\/span><\/li>\n<li>previne o envelhecimento prematuro da pele<\/li>\n<li><span id=\"ctl00_ContentPlaceHolder1_lblText\">N\u00e3o cont\u00e9m parabenos nem conservantes!<\/span><\/li>\n<\/ul>\n<div align=\"center\">\n<script async=\"\" src=\"\/\/pagead2.googlesyndication.com\/pagead\/js\/adsbygoogle.js\"><\/script><br \/>\n<ins class=\"adsbygoogle\" style=\"display:block; text-align:center;\" data-ad-layout=\"in-article\" data-ad-format=\"fluid\" data-ad-client=\"ca-pub-6998664093247383\" data-ad-slot=\"1150623665\"><\/ins><br \/>\n<script>\n     (adsbygoogle = window.adsbygoogle || []).push({});\n<\/script>\n\t<\/div>\n","protected":false},"excerpt":{"rendered":"<p><span id=\"ctl00_ContentPlaceHolder1_lblText\">Natural Collagen Inventia Face GEL 100 ml \u00e9 um s\u00e9rum de colag\u00e9nio com elevada percentagem de colag\u00e9nio natural, adequado para o cuidado intensivo de todos os tipos de pele. Ajuda intensivamente contra as rugas e \u00e9 especialmente recomendado para o cuidado de pele madura, seca e sens\u00edvel. <\/span><\/p>\n","protected":false},"featured_media":62,"comment_status":"open","ping_status":"closed","template":"","meta":[],"product_brand":[],"product_cat":[71],"product_tag":[72],"class_list":{"0":"post-934","1":"product","2":"type-product","3":"status-publish","4":"has-post-thumbnail","6":"product_cat-cuidados-de-rosto","7":"product_tag-natural-collagen-inventia","9":"first","10":"instock","11":"taxable","12":"shipping-taxable","13":"purchasable","14":"product-type-simple"},"aioseo_notices":[],"_links":{"self":[{"href":"https:\/\/kollagen-inventia.de\/pt-pt\/wp-json\/wp\/v2\/product\/934","targetHints":{"allow":["GET"]}}],"collection":[{"href":"https:\/\/kollagen-inventia.de\/pt-pt\/wp-json\/wp\/v2\/product"}],"about":[{"href":"https:\/\/kollagen-inventia.de\/pt-pt\/wp-json\/wp\/v2\/types\/product"}],"replies":[{"embeddable":true,"href":"https:\/\/kollagen-inventia.de\/pt-pt\/wp-json\/wp\/v2\/comments?post=934"}],"wp:featuredmedia":[{"embeddable":true,"href":"https:\/\/kollagen-inventia.de\/pt-pt\/wp-json\/wp\/v2\/media\/62"}],"wp:attachment":[{"href":"https:\/\/kollagen-inventia.de\/pt-pt\/wp-json\/wp\/v2\/media?parent=934"}],"wp:term":[{"taxonomy":"product_brand","embeddable":true,"href":"https:\/\/kollagen-inventia.de\/pt-pt\/wp-json\/wp\/v2\/product_brand?post=934"},{"taxonomy":"product_cat","embeddable":true,"href":"https:\/\/kollagen-inventia.de\/pt-pt\/wp-json\/wp\/v2\/product_cat?post=934"},{"taxonomy":"product_tag","embeddable":true,"href":"https:\/\/kollagen-inventia.de\/pt-pt\/wp-json\/wp\/v2\/product_tag?post=934"}],"curies":[{"name":"wp","href":"https:\/\/api.w.org\/{rel}","templated":true}]}}