{"id":932,"date":"2026-04-27T10:43:21","date_gmt":"2026-04-27T10:43:21","guid":{"rendered":"https:\/\/kollagen-inventia.de\/produkt\/colagenio-natural-inventia-dragons-blood-sangue-de-dragao"},"modified":"2026-04-27T10:43:21","modified_gmt":"2026-04-27T10:43:21","slug":"colagenio-natural-inventia-dragons-blood-sangue-de-dragao","status":"publish","type":"product","link":"https:\/\/kollagen-inventia.de\/pt-pt\/produkt\/colagenio-natural-inventia-dragons-blood-sangue-de-dragao","title":{"rendered":"Colag\u00e9nio Natural Inventia Dragon&#8217;s Blood\/ Sangue de Drag\u00e3o"},"content":{"rendered":"<p>O Colag\u00e9nio Natural com Sangue de Drag\u00e3o \u00e9 o produto de topo da Inventia Polish Technologies. Combina de forma \u00fanica o valioso colag\u00e9nio de peixe local com a resina pura da \u00e1rvore-do-drag\u00e3o, o chamado sangue de drag\u00e3o. Esta combina\u00e7\u00e3o \u00e9 especialmente indicada para quem deseja uma pele saud\u00e1vel e jovem. O preparado estimula a s\u00edntese natural dos componentes da matriz extracelular da pele, em particular do colag\u00e9nio tipo I, o componente mais importante para a firmeza, a suavidade e a elasticidade. O cosm\u00e9tico regenera, nutre e hidrata intensamente. Esta a\u00e7\u00e3o complexa conduz a uma redu\u00e7\u00e3o extrema das rugas, tanto em comprimento como em profundidade. O cosm\u00e9tico tamb\u00e9m remove suavemente as c\u00e9lulas mortas da pele, permitindo que os ativos penetrem melhor e que a pele fique luminosa e jovem. O Colag\u00e9nio Natural com Sangue de Drag\u00e3o confere \u00e0 pele uma suavidade, firmeza e frescura excecionais.       <\/p>\n<p><strong>A\u00c7\u00c3O<\/strong><\/p>\n<p>O produto estimula a produ\u00e7\u00e3o natural de colag\u00e9nio do organismo.<br \/>\nMelhora o aspeto geral da pele.<br \/>\nAumenta visivelmente o n\u00edvel de hidrata\u00e7\u00e3o da pele.<br \/>\nMelhora a capacidade da pele de reter a hidrata\u00e7\u00e3o.<br \/>\nForma uma pel\u00edcula protetora na pele que evita a perda de hidrata\u00e7\u00e3o. Reduz eficazmente a aspereza da pele e torna-a mais lisa e el\u00e1stica.<br \/>\nEsfolia suavemente a epiderme, acelerando a sua renova\u00e7\u00e3o. <\/p>\n<p>Aplique uma pequena quantidade de gel na pele do rosto limpa e h\u00famida. D\u00ea ligeiras pancadinhas para ajudar a absorver. Depois de absorvido, utilize um creme adequado ao seu tipo de pele para evitar a sensa\u00e7\u00e3o de repuxamento.  <\/p>\n<p><strong>INGREDIENTES (INCI)<\/strong><\/p>\n<p>Aqua, Colag\u00e9nio, \u00d3leo de Babassu, Glycereth-8 Ester, Extrato de Resina de Dracaena Cochinchinensis, Caprylylglycol, Elastina, \u00c1cido L\u00e1ctico<\/p>\n","protected":false},"excerpt":{"rendered":"<p>O Colag\u00e9nio Inventia Sangue de Drag\u00e3o combina de forma \u00fanica o valioso colag\u00e9nio de peixe local com a resina pura da \u00e1rvore-do-drag\u00e3o, o chamado sangue de drag\u00e3o. Esta combina\u00e7\u00e3o \u00e9 especialmente indicada para quem deseja uma pele saud\u00e1vel e jovem. O Colag\u00e9nio Natural com Sangue de Drag\u00e3o confere \u00e0 pele uma suavidade, firmeza e frescura excecionais.  <\/p>\n","protected":false},"featured_media":708,"comment_status":"closed","ping_status":"closed","template":"","meta":[],"product_brand":[],"product_cat":[71],"product_tag":[],"class_list":{"0":"post-932","1":"product","2":"type-product","3":"status-publish","4":"has-post-thumbnail","6":"product_cat-cuidados-de-rosto","8":"first","9":"instock","10":"taxable","11":"shipping-taxable","12":"purchasable","13":"product-type-simple"},"aioseo_notices":[],"_links":{"self":[{"href":"https:\/\/kollagen-inventia.de\/pt-pt\/wp-json\/wp\/v2\/product\/932","targetHints":{"allow":["GET"]}}],"collection":[{"href":"https:\/\/kollagen-inventia.de\/pt-pt\/wp-json\/wp\/v2\/product"}],"about":[{"href":"https:\/\/kollagen-inventia.de\/pt-pt\/wp-json\/wp\/v2\/types\/product"}],"replies":[{"embeddable":true,"href":"https:\/\/kollagen-inventia.de\/pt-pt\/wp-json\/wp\/v2\/comments?post=932"}],"wp:featuredmedia":[{"embeddable":true,"href":"https:\/\/kollagen-inventia.de\/pt-pt\/wp-json\/wp\/v2\/media\/708"}],"wp:attachment":[{"href":"https:\/\/kollagen-inventia.de\/pt-pt\/wp-json\/wp\/v2\/media?parent=932"}],"wp:term":[{"taxonomy":"product_brand","embeddable":true,"href":"https:\/\/kollagen-inventia.de\/pt-pt\/wp-json\/wp\/v2\/product_brand?post=932"},{"taxonomy":"product_cat","embeddable":true,"href":"https:\/\/kollagen-inventia.de\/pt-pt\/wp-json\/wp\/v2\/product_cat?post=932"},{"taxonomy":"product_tag","embeddable":true,"href":"https:\/\/kollagen-inventia.de\/pt-pt\/wp-json\/wp\/v2\/product_tag?post=932"}],"curies":[{"name":"wp","href":"https:\/\/api.w.org\/{rel}","templated":true}]}}