{"id":913,"date":"2018-02-27T10:04:54","date_gmt":"2018-02-27T10:04:54","guid":{"rendered":"https:\/\/kollagen-inventia.de\/produkt\/natural-collagen-inventia-amaciador-200-ml"},"modified":"2018-02-27T10:04:54","modified_gmt":"2018-02-27T10:04:54","slug":"natural-collagen-inventia-amaciador-200-ml","status":"publish","type":"product","link":"https:\/\/kollagen-inventia.de\/pt-pt\/produkt\/natural-collagen-inventia-amaciador-200-ml","title":{"rendered":"Natural Collagen Inventia Amaciador &#8211; 200 ml"},"content":{"rendered":"<p><span id=\"ctl00_ContentPlaceHolder1_lblText\">O Natural Collagen Inventia Amaciador \u00e9 um amaciador suave com colag\u00e9nio, adequado para todos os tipos de cabelo. Particularmente recomendado para cabelos fracos, quebradi\u00e7os ou danificados por radia\u00e7\u00e3o UV ou tratamentos qu\u00edmicos (de cabeleireiro), que necessitam de cuidados especiais. Gra\u00e7as ao seu elevado teor de colag\u00e9nio, fortalece a estrutura capilar, regenera as pontas danificadas e previne a sua quebra. Os ingredientes ativos nutrem o cabelo de forma excelente e devolvem-lhe a firmeza e o brilho, aumentam o volume do cabelo tamb\u00e9m visualmente e prolongam a durabilidade do penteado. O produto confere brilho e um aspeto saud\u00e1vel, sem pesar no cabelo. Pode ser utilizado diariamente.     <\/span><\/p>\n<p><span id=\"ctl00_ContentPlaceHolder1_lblText\"><strong>EFEITOS<\/strong><\/span><\/p>\n<ul>\n<li><span id=\"ctl00_ContentPlaceHolder1_lblText\">Regenera e fortalece significativamente a estrutura capilar<\/span><\/li>\n<li><span id=\"ctl00_ContentPlaceHolder1_lblText\">Confere ao cabelo um aspeto e brilho saud\u00e1veis<\/span><\/li>\n<\/ul>\n<div align=\"center\">\n<script async=\"\" src=\"\/\/pagead2.googlesyndication.com\/pagead\/js\/adsbygoogle.js\"><\/script><br \/>\n<ins class=\"adsbygoogle\" style=\"display:block; text-align:center;\" data-ad-layout=\"in-article\" data-ad-format=\"fluid\" data-ad-client=\"ca-pub-6998664093247383\" data-ad-slot=\"1150623665\"><\/ins><br \/>\n<script>\n     (adsbygoogle = window.adsbygoogle || []).push({});\n<\/script>\n\t<\/div>\n","protected":false},"excerpt":{"rendered":"<p><span id=\"ctl00_ContentPlaceHolder1_lblText\">O Natural Collagen Inventia Amaciador \u00e9 um amaciador suave com colag\u00e9nio, adequado para todos os tipos de cabelo. Particularmente recomendado para cabelos fracos, quebradi\u00e7os ou danificados por radia\u00e7\u00e3o UV ou tratamentos qu\u00edmicos (de cabeleireiro), que necessitam de cuidados especiais. <\/span><\/p>\n","protected":false},"featured_media":197,"comment_status":"open","ping_status":"closed","template":"","meta":[],"product_brand":[],"product_cat":[80],"product_tag":[72],"class_list":{"0":"post-913","1":"product","2":"type-product","3":"status-publish","4":"has-post-thumbnail","6":"product_cat-cabelounhas","7":"product_tag-natural-collagen-inventia","9":"first","10":"instock","11":"taxable","12":"shipping-taxable","13":"purchasable","14":"product-type-simple"},"aioseo_notices":[],"_links":{"self":[{"href":"https:\/\/kollagen-inventia.de\/pt-pt\/wp-json\/wp\/v2\/product\/913","targetHints":{"allow":["GET"]}}],"collection":[{"href":"https:\/\/kollagen-inventia.de\/pt-pt\/wp-json\/wp\/v2\/product"}],"about":[{"href":"https:\/\/kollagen-inventia.de\/pt-pt\/wp-json\/wp\/v2\/types\/product"}],"replies":[{"embeddable":true,"href":"https:\/\/kollagen-inventia.de\/pt-pt\/wp-json\/wp\/v2\/comments?post=913"}],"wp:featuredmedia":[{"embeddable":true,"href":"https:\/\/kollagen-inventia.de\/pt-pt\/wp-json\/wp\/v2\/media\/197"}],"wp:attachment":[{"href":"https:\/\/kollagen-inventia.de\/pt-pt\/wp-json\/wp\/v2\/media?parent=913"}],"wp:term":[{"taxonomy":"product_brand","embeddable":true,"href":"https:\/\/kollagen-inventia.de\/pt-pt\/wp-json\/wp\/v2\/product_brand?post=913"},{"taxonomy":"product_cat","embeddable":true,"href":"https:\/\/kollagen-inventia.de\/pt-pt\/wp-json\/wp\/v2\/product_cat?post=913"},{"taxonomy":"product_tag","embeddable":true,"href":"https:\/\/kollagen-inventia.de\/pt-pt\/wp-json\/wp\/v2\/product_tag?post=913"}],"curies":[{"name":"wp","href":"https:\/\/api.w.org\/{rel}","templated":true}]}}