{"id":904,"date":"2018-02-25T12:55:11","date_gmt":"2018-02-25T12:55:11","guid":{"rendered":"https:\/\/kollagen-inventia.de\/produkt\/natural-collagen-inventia-lip-booster-5ml"},"modified":"2018-02-25T12:55:11","modified_gmt":"2018-02-25T12:55:11","slug":"natural-collagen-inventia-lip-booster-5ml","status":"publish","type":"product","link":"https:\/\/kollagen-inventia.de\/pt-pt\/produkt\/natural-collagen-inventia-lip-booster-5ml","title":{"rendered":"Natural Collagen Inventia Lip Booster &#8211; 5ml"},"content":{"rendered":"<p><span id=\"ctl00_ContentPlaceHolder1_lblText\">A pele dos l\u00e1bios \u00e9 muito delicada e fina, o que a torna particularmente exposta a influ\u00eancias atmosf\u00e9ricas adversas, como radia\u00e7\u00e3o UV, vento e frio. Todos estes fatores irritam fortemente a pele dos l\u00e1bios, levando a sinais de desidrata\u00e7\u00e3o como sensa\u00e7\u00e3o de repuxamento, pequenas fissuras e descama\u00e7\u00e3o. Para proteger eficazmente os l\u00e1bios, \u00e9 necess\u00e1rio hidrat\u00e1-los, nutri-los e fornecer-lhes l\u00edpidos simultaneamente. Tendo em conta as necessidades especiais da pele nesta zona do rosto, desenvolvemos uma f\u00f3rmula rica em ingredientes que garantem tanto uma hidrata\u00e7\u00e3o profunda como uma nutri\u00e7\u00e3o lip\u00eddica confort\u00e1vel. Al\u00e9m disso, os ingredientes contidos no gloss labial de colag\u00e9nio reconstroem significativamente a barreira protetora da pele dos l\u00e1bios e protegem-na da desidrata\u00e7\u00e3o, alisam-na intensamente e regeneram-na simultaneamente.    <\/span><\/p>\n<p><span id=\"ctl00_ContentPlaceHolder1_lblText\"><strong>EFEITOS<\/strong><\/span><\/p>\n<ul>\n<li><span id=\"ctl00_ContentPlaceHolder1_lblText\">Regenera intensamente os l\u00e1bios e nutre-os excelentemente<\/span><\/li>\n<li><span id=\"ctl00_ContentPlaceHolder1_lblText\">Restabelece uma hidrata\u00e7\u00e3o confort\u00e1vel e duradoura<\/span><\/li>\n<li><span id=\"ctl00_ContentPlaceHolder1_lblText\">Alisa e rejuvenesce instantaneamente a pele dos l\u00e1bios<\/span><\/li>\n<li><span id=\"ctl00_ContentPlaceHolder1_lblText\">Os l\u00e1bios ficam aveludados e sensivelmente macios<\/span><\/li>\n<li><span id=\"ctl00_ContentPlaceHolder1_lblText\">Protege os l\u00e1bios do fotoenvelhecimento e da desidrata\u00e7\u00e3o<\/span><\/li>\n<li><span id=\"ctl00_ContentPlaceHolder1_lblText\">Garante um belo brilho e aspeto atraente dos l\u00e1bios<\/span><\/li>\n<\/ul>\n<div align=\"center\">\n<script async=\"\" src=\"\/\/pagead2.googlesyndication.com\/pagead\/js\/adsbygoogle.js\"><\/script><br \/>\n<ins class=\"adsbygoogle\" style=\"display:block; text-align:center;\" data-ad-layout=\"in-article\" data-ad-format=\"fluid\" data-ad-client=\"ca-pub-6998664093247383\" data-ad-slot=\"1150623665\"><\/ins><br \/>\n<script>\n     (adsbygoogle = window.adsbygoogle || []).push({});\n<\/script>\n\t<\/div>\n","protected":false},"excerpt":{"rendered":"<p>A pele dos l\u00e1bios \u00e9 muito delicada e fina, o que a torna particularmente exposta a influ\u00eancias atmosf\u00e9ricas adversas, como radia\u00e7\u00e3o UV, vento e frio. Todos estes fatores irritam fortemente a pele dos l\u00e1bios, levando a sinais de desidrata\u00e7\u00e3o como sensa\u00e7\u00e3o de repuxamento, pequenas fissuras e descama\u00e7\u00e3o. Para proteger eficazmente os l\u00e1bios, \u00e9 necess\u00e1rio hidrat\u00e1-los, [&hellip;]<\/p>\n","protected":false},"featured_media":184,"comment_status":"open","ping_status":"closed","template":"","meta":[],"product_brand":[],"product_cat":[71],"product_tag":[72],"class_list":{"0":"post-904","1":"product","2":"type-product","3":"status-publish","4":"has-post-thumbnail","6":"product_cat-cuidados-de-rosto","7":"product_tag-natural-collagen-inventia","9":"first","10":"instock","11":"taxable","12":"shipping-taxable","13":"purchasable","14":"product-type-simple"},"aioseo_notices":[],"_links":{"self":[{"href":"https:\/\/kollagen-inventia.de\/pt-pt\/wp-json\/wp\/v2\/product\/904","targetHints":{"allow":["GET"]}}],"collection":[{"href":"https:\/\/kollagen-inventia.de\/pt-pt\/wp-json\/wp\/v2\/product"}],"about":[{"href":"https:\/\/kollagen-inventia.de\/pt-pt\/wp-json\/wp\/v2\/types\/product"}],"replies":[{"embeddable":true,"href":"https:\/\/kollagen-inventia.de\/pt-pt\/wp-json\/wp\/v2\/comments?post=904"}],"wp:featuredmedia":[{"embeddable":true,"href":"https:\/\/kollagen-inventia.de\/pt-pt\/wp-json\/wp\/v2\/media\/184"}],"wp:attachment":[{"href":"https:\/\/kollagen-inventia.de\/pt-pt\/wp-json\/wp\/v2\/media?parent=904"}],"wp:term":[{"taxonomy":"product_brand","embeddable":true,"href":"https:\/\/kollagen-inventia.de\/pt-pt\/wp-json\/wp\/v2\/product_brand?post=904"},{"taxonomy":"product_cat","embeddable":true,"href":"https:\/\/kollagen-inventia.de\/pt-pt\/wp-json\/wp\/v2\/product_cat?post=904"},{"taxonomy":"product_tag","embeddable":true,"href":"https:\/\/kollagen-inventia.de\/pt-pt\/wp-json\/wp\/v2\/product_tag?post=904"}],"curies":[{"name":"wp","href":"https:\/\/api.w.org\/{rel}","templated":true}]}}