{"id":902,"date":"2018-02-25T13:03:58","date_gmt":"2018-02-25T13:03:58","guid":{"rendered":"https:\/\/kollagen-inventia.de\/produkt\/serum-corporal-adelgacante-dinamico-collagen-inventia-anticelulitico-200-ml"},"modified":"2018-02-25T13:03:58","modified_gmt":"2018-02-25T13:03:58","slug":"serum-corporal-adelgacante-dinamico-collagen-inventia-anticelulitico-200-ml","status":"publish","type":"product","link":"https:\/\/kollagen-inventia.de\/pt-pt\/produkt\/serum-corporal-adelgacante-dinamico-collagen-inventia-anticelulitico-200-ml","title":{"rendered":"S\u00e9rum Corporal Adelga\u00e7ante Din\u00e2mico Collagen Inventia &#8211; Anticelul\u00edtico &#8211; 200 ml"},"content":{"rendered":"<p><span id=\"ctl00_ContentPlaceHolder1_lblText\">O S\u00e9rum Adelga\u00e7ante Din\u00e2mico da Natural Collagen Inventia para o corpo \u00e9 um preparado com o aroma e a cor de cappuccino. Este produto de cuidado destina-se ao combate \u00e0 celulite, um defeito est\u00e9tico que tira o sono a quase todas as mulheres. Apesar da sua consist\u00eancia suave e aveludada, o produto \u00e9 um inimigo perigoso da celulite. Estima-se que a celulite afete at\u00e9 95% das mulheres ap\u00f3s a puberdade. Esta condi\u00e7\u00e3o n\u00e3o afeta apenas mulheres com excesso de peso, mas tamb\u00e9m as muito magras. Em geral, a celulite representa uma forma\u00e7\u00e3o incorreta do tecido adiposo, designada pelos especialistas como uma doen\u00e7a cr\u00f3nica n\u00e3o inflamat\u00f3ria do tecido adiposo. O processo de forma\u00e7\u00e3o da celulite \u00e9 consequ\u00eancia do aumento do volume das c\u00e9lulas adiposas, que causam dist\u00farbios na circula\u00e7\u00e3o sangu\u00ednea e linf\u00e1tica ao pressionarem os vasos, o que acaba por levar a dist\u00farbios metab\u00f3licos dentro deste tecido. Devido \u00e0 isquemia, os adip\u00f3citos come\u00e7am a acumular toxinas al\u00e9m da gordura. Al\u00e9m disso, os exsudados de vasos sangu\u00edneos com fugas provocam edemas que prejudicam adicionalmente o fluxo de fluidos corporais. As c\u00e9lulas adiposas excessivamente crescidas pressionam as fibras de colag\u00e9nio e elastina, causando a deforma\u00e7\u00e3o destas \u00faltimas, o que faz com que o tecido conjuntivo endure\u00e7a e perca a sua elasticidade. Existem muitos fatores que contribuem para o crescimento excessivo do tecido adiposo. A primeira causa \u00e9 a falta de uma alimenta\u00e7\u00e3o equilibrada e de exerc\u00edcio, o que frequentemente leva ao excesso de peso, ou seja, a uma acumula\u00e7\u00e3o de grandes quantidades de gordura. Al\u00e9m disso, fatores gen\u00e9ticos e predisposi\u00e7\u00f5es desempenham aqui um papel. No entanto, na base do surgimento desta doen\u00e7a est\u00e3o dist\u00farbios hormonais \u2013 em particular um excesso de hormonas sexuais femininas (estrog\u00e9nios) \u2013 bem como a pr\u00f3pria estrutura da pele feminina e das suas fibras de sustenta\u00e7\u00e3o. N\u00e3o temos influ\u00eancia sobre parte das causas da forma\u00e7\u00e3o da &#8220;pele casca de laranja&#8221;, mas as investiga\u00e7\u00f5es realizadas por centros cient\u00edficos em todo o mundo deram-nos uma vis\u00e3o sobre as rea\u00e7\u00f5es que est\u00e3o na base desta doen\u00e7a. E, acima de tudo, dotaram-nos do conhecimento que permite um combate eficaz contra a &#8220;pele casca de laranja&#8221;. Uma abordagem abrangente ao problema que preocupa as mulheres e uma an\u00e1lise das causas da sua forma\u00e7\u00e3o levaram-nos \u00e0 procura de ingredientes ativos que garantam resultados m\u00e1ximos \u00e0s nossas clientes. Os ingredientes ativos selecionados por n\u00f3s, que comp\u00f5em a f\u00f3rmula, atuam de forma vers\u00e1til:                 <\/span><\/p>\n<ul>\n<li><span id=\"ctl00_ContentPlaceHolder1_lblText\">Estimulam a lip\u00f3lise, ou seja, a decomposi\u00e7\u00e3o da gordura nas c\u00e9lulas adiposas, para que as c\u00e9lulas j\u00e1 existentes deixem de armazenar gordura mas, pelo contr\u00e1rio, comecem a decomp\u00f4-la ativamente.<\/span><\/li>\n<li><span id=\"ctl00_ContentPlaceHolder1_lblText\">Estimulam a microcircula\u00e7\u00e3o para aumentar a drenagem dos tecidos e eliminar as toxinas e a \u00e1gua a\u00ed acumuladas, bem como para facilitar a penetra\u00e7\u00e3o dos ingredientes ativos no tecido adiposo problem\u00e1tico.<\/span><\/li>\n<li><span id=\"ctl00_ContentPlaceHolder1_lblText\">Abrandam o processo de adipog\u00e9nese, ou seja, a forma\u00e7\u00e3o de c\u00e9lulas adiposas, pois as c\u00e9lulas imaturas n\u00e3o s\u00e3o capazes de acumular reservas de gordura.<\/span><\/li>\n<li><span id=\"ctl00_ContentPlaceHolder1_lblText\">Abrandam a lipog\u00e9nese, ou seja, o processo de armazenamento de gordura nas c\u00e9lulas adiposas, para limitar ao m\u00e1ximo o seu crescimento.<\/span><\/li>\n<\/ul>\n<p><span id=\"ctl00_ContentPlaceHolder1_lblText\">A solu\u00e7\u00e3o que propomos ataca as bases da forma\u00e7\u00e3o da &#8220;pele casca de laranja&#8221;. O produto em quest\u00e3o n\u00e3o s\u00f3 leva a uma melhoria tempor\u00e1ria do estado do tecido adiposo, como previne, em primeiro lugar, a forma\u00e7\u00e3o de novo tecido adiposo (atrav\u00e9s da redu\u00e7\u00e3o da capacidade de armazenar gordura) e ajuda adicionalmente a manter os resultados obtidos (preven\u00e7\u00e3o da forma\u00e7\u00e3o de novas reservas de gordura). <\/span><\/p>\n<p><span id=\"ctl00_ContentPlaceHolder1_lblText\"><strong>EFEITOS<\/strong><\/span><\/p>\n<p><span id=\"ctl00_ContentPlaceHolder1_lblText\">A aplica\u00e7\u00e3o regular do nosso preparado traz resultados mensur\u00e1veis sob a forma de:<\/span><\/p>\n<ul>\n<li><span id=\"ctl00_ContentPlaceHolder1_lblText\">Redu\u00e7\u00e3o do peso corporal<\/span><\/li>\n<li><span id=\"ctl00_ContentPlaceHolder1_lblText\">Redu\u00e7\u00e3o do excesso de \u00e1gua extracelular<\/span><\/li>\n<li><span id=\"ctl00_ContentPlaceHolder1_lblText\">Redu\u00e7\u00e3o do per\u00edmetro das coxas e gl\u00fateos<\/span><\/li>\n<li><span id=\"ctl00_ContentPlaceHolder1_lblText\">Redu\u00e7\u00e3o da visibilidade da &#8220;pele casca de laranja&#8221;<\/span><\/li>\n<li><span id=\"ctl00_ContentPlaceHolder1_lblText\">Melhoria da microcircula\u00e7\u00e3o, reconhec\u00edvel como &#8220;derrames&#8221; menos vis\u00edveis<\/span><\/li>\n<li><span id=\"ctl00_ContentPlaceHolder1_lblText\">Melhoria substancial da hidrata\u00e7\u00e3o, densidade e elasticidade da pele<\/span><\/li>\n<\/ul>\n<div align=\"center\">\n<script async=\"\" src=\"\/\/pagead2.googlesyndication.com\/pagead\/js\/adsbygoogle.js\"><\/script><br \/>\n<ins class=\"adsbygoogle\" style=\"display:block; text-align:center;\" data-ad-layout=\"in-article\" data-ad-format=\"fluid\" data-ad-client=\"ca-pub-6998664093247383\" data-ad-slot=\"1150623665\"><\/ins><br \/>\n<script>\n     (adsbygoogle = window.adsbygoogle || []).push({});\n<\/script>\n\t<\/div>\n","protected":false},"excerpt":{"rendered":"<p>O S\u00e9rum Adelga\u00e7ante Din\u00e2mico da Natural Collagen Inventia para o corpo \u00e9 um preparado com o aroma e a cor de cappuccino. Este produto de cuidado destina-se ao combate \u00e0 celulite, um defeito est\u00e9tico que tira o sono a quase todas as mulheres. Apesar da sua consist\u00eancia suave e aveludada, o produto \u00e9 um inimigo [&hellip;]<\/p>\n","protected":false},"featured_media":186,"comment_status":"open","ping_status":"closed","template":"","meta":[],"product_brand":[],"product_cat":[78],"product_tag":[72],"class_list":{"0":"post-902","1":"product","2":"type-product","3":"status-publish","4":"has-post-thumbnail","6":"product_cat-cuidado-corporal","7":"product_tag-natural-collagen-inventia","9":"first","10":"instock","11":"sale","12":"taxable","13":"shipping-taxable","14":"purchasable","15":"product-type-simple"},"aioseo_notices":[],"_links":{"self":[{"href":"https:\/\/kollagen-inventia.de\/pt-pt\/wp-json\/wp\/v2\/product\/902","targetHints":{"allow":["GET"]}}],"collection":[{"href":"https:\/\/kollagen-inventia.de\/pt-pt\/wp-json\/wp\/v2\/product"}],"about":[{"href":"https:\/\/kollagen-inventia.de\/pt-pt\/wp-json\/wp\/v2\/types\/product"}],"replies":[{"embeddable":true,"href":"https:\/\/kollagen-inventia.de\/pt-pt\/wp-json\/wp\/v2\/comments?post=902"}],"wp:featuredmedia":[{"embeddable":true,"href":"https:\/\/kollagen-inventia.de\/pt-pt\/wp-json\/wp\/v2\/media\/186"}],"wp:attachment":[{"href":"https:\/\/kollagen-inventia.de\/pt-pt\/wp-json\/wp\/v2\/media?parent=902"}],"wp:term":[{"taxonomy":"product_brand","embeddable":true,"href":"https:\/\/kollagen-inventia.de\/pt-pt\/wp-json\/wp\/v2\/product_brand?post=902"},{"taxonomy":"product_cat","embeddable":true,"href":"https:\/\/kollagen-inventia.de\/pt-pt\/wp-json\/wp\/v2\/product_cat?post=902"},{"taxonomy":"product_tag","embeddable":true,"href":"https:\/\/kollagen-inventia.de\/pt-pt\/wp-json\/wp\/v2\/product_tag?post=902"}],"curies":[{"name":"wp","href":"https:\/\/api.w.org\/{rel}","templated":true}]}}