{"id":897,"date":"2018-02-25T13:26:58","date_gmt":"2018-02-25T13:26:58","guid":{"rendered":"https:\/\/kollagen-inventia.de\/produkt\/mascara-facial-nanogold-natural-inventia-com-colagenio-de-peixe-nativo-3-unidades"},"modified":"2018-02-25T13:26:58","modified_gmt":"2018-02-25T13:26:58","slug":"mascara-facial-nanogold-natural-inventia-com-colagenio-de-peixe-nativo-3-unidades","status":"publish","type":"product","link":"https:\/\/kollagen-inventia.de\/pt-pt\/produkt\/mascara-facial-nanogold-natural-inventia-com-colagenio-de-peixe-nativo-3-unidades","title":{"rendered":"M\u00e1scara Facial Nanogold Natural Inventia com Colag\u00e9nio de Peixe Nativo &#8211; 3 unidades"},"content":{"rendered":"<p><span id=\"ctl00_ContentPlaceHolder1_lblText\">M\u00e1scara Facial Nanogold Natural Collagen Inventia com Colag\u00e9nio. As m\u00e1scaras antienvelhecimento com ouro s\u00e3o produtos \u00fanicos, ricos em subst\u00e2ncias ativas, incluindo mol\u00e9culas de ouro \u00fanicas e valiosas. O efeito ben\u00e9fico do ouro \u00e9 potenciado pela a\u00e7\u00e3o intensamente regeneradora e nutritiva do colag\u00e9nio e da elastina, bem como da vitamina B3 e das propriedades hidratantes extraordinariamente fortes do sal de s\u00f3dio PCA e do \u00e1cido hialur\u00f3nico. Al\u00e9m disso, entre os ingredientes da m\u00e1scara, encontram-se tamb\u00e9m o extrato de alo\u00e9, rico em subst\u00e2ncias ativas essenciais, e a bem conhecida combatente dos radicais livres \u2013 a vitamina E.   <\/span><\/p>\n<p><span id=\"ctl00_ContentPlaceHolder1_lblText\"><strong>EFEITOS<\/strong><\/span><\/p>\n<ul>\n<li><span id=\"ctl00_ContentPlaceHolder1_lblText\">Hidrata a pele do rosto de forma excelente e duradoura<\/span><\/li>\n<li><span id=\"ctl00_ContentPlaceHolder1_lblText\">Regenera a pele com uso regular e reduz a profundidade e o comprimento das rugas<\/span><\/li>\n<li><span id=\"ctl00_ContentPlaceHolder1_lblText\">Restabelece a firmeza e a elasticidade da pele<\/span><\/li>\n<li><span id=\"ctl00_ContentPlaceHolder1_lblText\">Refresca a pele e confere-lhe um aspeto luminoso<\/span><\/li>\n<li><span id=\"ctl00_ContentPlaceHolder1_lblText\">Devolve ao seu rosto um aspeto radiante e jovem<\/span><\/li>\n<li>cont\u00e9m colag\u00e9nio de peixe natural<\/li>\n<\/ul>\n<div align=\"center\">\n<script async=\"\" src=\"\/\/pagead2.googlesyndication.com\/pagead\/js\/adsbygoogle.js\"><\/script><br \/>\n<ins class=\"adsbygoogle\" style=\"display:block; text-align:center;\" data-ad-layout=\"in-article\" data-ad-format=\"fluid\" data-ad-client=\"ca-pub-6998664093247383\" data-ad-slot=\"1150623665\"><\/ins><br \/>\n<script>\n     (adsbygoogle = window.adsbygoogle || []).push({});\n<\/script>\n\t<\/div>\n","protected":false},"excerpt":{"rendered":"<p><span id=\"ctl00_ContentPlaceHolder1_lblText\">M\u00e1scara Facial Nanogold Natural Collagen Inventia com Colag\u00e9nio. As m\u00e1scaras antienvelhecimento com ouro s\u00e3o produtos \u00fanicos, ricos em subst\u00e2ncias ativas, incluindo mol\u00e9culas de ouro \u00fanicas e valiosas. O efeito ben\u00e9fico do ouro \u00e9 potenciado pela a\u00e7\u00e3o intensamente regeneradora e nutritiva do colag\u00e9nio e da elastina, bem como da vitamina B3 e das propriedades hidratantes extraordinariamente fortes do sal de s\u00f3dio PCA e do \u00e1cido hialur\u00f3nico.  <\/span><\/p>\n","protected":false},"featured_media":178,"comment_status":"open","ping_status":"closed","template":"","meta":[],"product_brand":[],"product_cat":[71],"product_tag":[72],"class_list":{"0":"post-897","1":"product","2":"type-product","3":"status-publish","4":"has-post-thumbnail","6":"product_cat-cuidados-de-rosto","7":"product_tag-natural-collagen-inventia","9":"first","10":"instock","11":"sale","12":"taxable","13":"shipping-taxable","14":"purchasable","15":"product-type-simple"},"aioseo_notices":[],"_links":{"self":[{"href":"https:\/\/kollagen-inventia.de\/pt-pt\/wp-json\/wp\/v2\/product\/897","targetHints":{"allow":["GET"]}}],"collection":[{"href":"https:\/\/kollagen-inventia.de\/pt-pt\/wp-json\/wp\/v2\/product"}],"about":[{"href":"https:\/\/kollagen-inventia.de\/pt-pt\/wp-json\/wp\/v2\/types\/product"}],"replies":[{"embeddable":true,"href":"https:\/\/kollagen-inventia.de\/pt-pt\/wp-json\/wp\/v2\/comments?post=897"}],"wp:featuredmedia":[{"embeddable":true,"href":"https:\/\/kollagen-inventia.de\/pt-pt\/wp-json\/wp\/v2\/media\/178"}],"wp:attachment":[{"href":"https:\/\/kollagen-inventia.de\/pt-pt\/wp-json\/wp\/v2\/media?parent=897"}],"wp:term":[{"taxonomy":"product_brand","embeddable":true,"href":"https:\/\/kollagen-inventia.de\/pt-pt\/wp-json\/wp\/v2\/product_brand?post=897"},{"taxonomy":"product_cat","embeddable":true,"href":"https:\/\/kollagen-inventia.de\/pt-pt\/wp-json\/wp\/v2\/product_cat?post=897"},{"taxonomy":"product_tag","embeddable":true,"href":"https:\/\/kollagen-inventia.de\/pt-pt\/wp-json\/wp\/v2\/product_tag?post=897"}],"curies":[{"name":"wp","href":"https:\/\/api.w.org\/{rel}","templated":true}]}}