{"id":895,"date":"2018-02-24T14:47:16","date_gmt":"2018-02-24T14:47:16","guid":{"rendered":"https:\/\/kollagen-inventia.de\/produkt\/natural-collagen-inventia-creme-peeling-100ml"},"modified":"2018-02-24T14:47:16","modified_gmt":"2018-02-24T14:47:16","slug":"natural-collagen-inventia-creme-peeling-100ml","status":"publish","type":"product","link":"https:\/\/kollagen-inventia.de\/pt-pt\/produkt\/natural-collagen-inventia-creme-peeling-100ml","title":{"rendered":"Natural Collagen Inventia Creme Peeling &#8211; 100ml"},"content":{"rendered":"<p><span id=\"ctl00_ContentPlaceHolder1_lblText\">O Natural Collagen Inventia Peeling Cream destina-se \u00e0 limpeza de todos os tipos de pele. A consist\u00eancia cremosa previne irrita\u00e7\u00f5es cut\u00e2neas e ressecamento. As mol\u00e9culas de peeling naturais de gr\u00e3o fino de conchas de ostra mo\u00eddas n\u00e3o s\u00f3 esfoliam suavemente a epiderme, como tamb\u00e9m melhoram a microcircula\u00e7\u00e3o e fornecem elementos valiosos como: c\u00e1lcio, magn\u00e9sio, ferro, pot\u00e1ssio e zinco. O produto alisa a pele e prepara-a para uma melhor absor\u00e7\u00e3o dos restantes ingredientes. Al\u00e9m das subst\u00e2ncias esfoliantes, o produto cont\u00e9m: colag\u00e9nio (colag\u00e9nio de peixe), extrato de alo\u00e9 e noni, bem como \u00f3leo de borragem, alanto\u00edna e D-pantenol, que nutrem, regeneram, hidratam, acalmam e alisam a pele. Atrav\u00e9s da aplica\u00e7\u00e3o do Collagen Peeling Cream, a pele recupera a sua cor natural, frescura e brilho. Com uso regular, o produto proporciona uma pele saud\u00e1vel e limpa.      <\/span><\/p>\n<p><span id=\"ctl00_ContentPlaceHolder1_lblText\"><strong>EFEITOS<\/strong><\/span><\/p>\n<ul>\n<li><span id=\"ctl00_ContentPlaceHolder1_lblText\">Limpa e esfolia suavemente a epiderme morta<\/span><\/li>\n<li><span id=\"ctl00_ContentPlaceHolder1_lblText\">Melhora o tom de pele, clareia hiperpigmenta\u00e7\u00f5es<\/span><\/li>\n<li><span id=\"ctl00_ContentPlaceHolder1_lblText\">Nutre, hidrata e firma<\/span><\/li>\n<li><span id=\"ctl00_ContentPlaceHolder1_lblText\">Alisa e rejuvenesce a pele<\/span><\/li>\n<\/ul>\n<div align=\"center\">\n<script async=\"\" src=\"\/\/pagead2.googlesyndication.com\/pagead\/js\/adsbygoogle.js\"><\/script><br \/>\n<ins class=\"adsbygoogle\" style=\"display:block; text-align:center;\" data-ad-layout=\"in-article\" data-ad-format=\"fluid\" data-ad-client=\"ca-pub-6998664093247383\" data-ad-slot=\"1150623665\"><\/ins><br \/>\n<script>\n     (adsbygoogle = window.adsbygoogle || []).push({});\n<\/script>\n\t<\/div>\n","protected":false},"excerpt":{"rendered":"<p><span id=\"ctl00_ContentPlaceHolder1_lblText\">O Natural Collagen Inventia Peeling Cream destina-se \u00e0 limpeza de todos os tipos de pele. A consist\u00eancia cremosa previne irrita\u00e7\u00f5es cut\u00e2neas e ressecamento. As mol\u00e9culas de peeling naturais de gr\u00e3o fino de conchas de ostra mo\u00eddas n\u00e3o s\u00f3 esfoliam suavemente a epiderme, como tamb\u00e9m melhoram a microcircula\u00e7\u00e3o e fornecem elementos valiosos como: c\u00e1lcio, magn\u00e9sio, ferro, pot\u00e1ssio e zinco. O produto alisa a pele e prepara-a para uma melhor absor\u00e7\u00e3o dos restantes ingredientes.   <\/span><\/p>\n","protected":false},"featured_media":173,"comment_status":"open","ping_status":"closed","template":"","meta":[],"product_brand":[],"product_cat":[71],"product_tag":[72],"class_list":{"0":"post-895","1":"product","2":"type-product","3":"status-publish","4":"has-post-thumbnail","6":"product_cat-cuidados-de-rosto","7":"product_tag-natural-collagen-inventia","9":"first","10":"instock","11":"taxable","12":"shipping-taxable","13":"purchasable","14":"product-type-simple"},"aioseo_notices":[],"_links":{"self":[{"href":"https:\/\/kollagen-inventia.de\/pt-pt\/wp-json\/wp\/v2\/product\/895","targetHints":{"allow":["GET"]}}],"collection":[{"href":"https:\/\/kollagen-inventia.de\/pt-pt\/wp-json\/wp\/v2\/product"}],"about":[{"href":"https:\/\/kollagen-inventia.de\/pt-pt\/wp-json\/wp\/v2\/types\/product"}],"replies":[{"embeddable":true,"href":"https:\/\/kollagen-inventia.de\/pt-pt\/wp-json\/wp\/v2\/comments?post=895"}],"wp:featuredmedia":[{"embeddable":true,"href":"https:\/\/kollagen-inventia.de\/pt-pt\/wp-json\/wp\/v2\/media\/173"}],"wp:attachment":[{"href":"https:\/\/kollagen-inventia.de\/pt-pt\/wp-json\/wp\/v2\/media?parent=895"}],"wp:term":[{"taxonomy":"product_brand","embeddable":true,"href":"https:\/\/kollagen-inventia.de\/pt-pt\/wp-json\/wp\/v2\/product_brand?post=895"},{"taxonomy":"product_cat","embeddable":true,"href":"https:\/\/kollagen-inventia.de\/pt-pt\/wp-json\/wp\/v2\/product_cat?post=895"},{"taxonomy":"product_tag","embeddable":true,"href":"https:\/\/kollagen-inventia.de\/pt-pt\/wp-json\/wp\/v2\/product_tag?post=895"}],"curies":[{"name":"wp","href":"https:\/\/api.w.org\/{rel}","templated":true}]}}