{"id":881,"date":"2018-02-24T10:34:32","date_gmt":"2018-02-24T10:34:32","guid":{"rendered":"https:\/\/kollagen-inventia.de\/produkt\/tonico-facial-natural-collagen-inventia-125-ml"},"modified":"2018-02-24T10:34:32","modified_gmt":"2018-02-24T10:34:32","slug":"tonico-facial-natural-collagen-inventia-125-ml","status":"publish","type":"product","link":"https:\/\/kollagen-inventia.de\/pt-pt\/produkt\/tonico-facial-natural-collagen-inventia-125-ml","title":{"rendered":"T\u00f3nico Facial Natural Collagen Inventia &#8211; 125 ml"},"content":{"rendered":"<p><span id=\"ctl00_ContentPlaceHolder1_lblText\">O Soothing Toner \u00e9 um t\u00f3nico facial suave e sem \u00e1lcool da Natural Collagen Inventia com colag\u00e9nio natural, recomendado para todos os tipos de pele, especialmente para peles exigentes e sens\u00edveis. O t\u00f3nico cont\u00e9m colag\u00e9nio (colag\u00e9nio de peixe natural), D-pantenol, extrato de alo\u00e9 vera e de noni. Gra\u00e7as \u00e0 sua f\u00f3rmula rica em elementos ativos, tonifica, hidrata e refresca a pele de forma excelente. Previne a descama\u00e7\u00e3o da epiderme. O Natural Collagen Inventia Soothing Toner ajuda a restaurar e a manter o equil\u00edbrio hidrolip\u00eddico natural da epiderme e o pH correto. Apresenta uma a\u00e7\u00e3o antibacteriana, fortalecedora e estimulante.     <\/span><\/p>\n<p><span id=\"ctl00_ContentPlaceHolder1_lblText\"><strong>EFEITOS<\/strong><\/span><\/p>\n<ul>\n<li><span id=\"ctl00_ContentPlaceHolder1_lblText\">Melhora o n\u00edvel de hidrata\u00e7\u00e3o da pele<\/span><\/li>\n<li><span id=\"ctl00_ContentPlaceHolder1_lblText\">Restaura o pH correto da pele<\/span><\/li>\n<li><span id=\"ctl00_ContentPlaceHolder1_lblText\">Limpa, refresca e tonifica<\/span><\/li>\n<li><span id=\"ctl00_ContentPlaceHolder1_lblText\">Tem um efeito suavizante e antiflog\u00edstico<\/span><\/li>\n<\/ul>\n<div align=\"center\">\n<script async=\"\" src=\"\/\/pagead2.googlesyndication.com\/pagead\/js\/adsbygoogle.js\"><\/script><br \/>\n<ins class=\"adsbygoogle\" style=\"display:block; text-align:center;\" data-ad-layout=\"in-article\" data-ad-format=\"fluid\" data-ad-client=\"ca-pub-6998664093247383\" data-ad-slot=\"1150623665\"><\/ins><br \/>\n<script>\n     (adsbygoogle = window.adsbygoogle || []).push({});\n<\/script>\n\t<\/div>\n","protected":false},"excerpt":{"rendered":"<p><span id=\"ctl00_ContentPlaceHolder1_lblText\">O Soothing Toner \u00e9 um t\u00f3nico facial suave e sem \u00e1lcool da Natural Collagen Inventia com colag\u00e9nio natural, recomendado para todos os tipos de pele, especialmente para peles exigentes e sens\u00edveis. O t\u00f3nico cont\u00e9m colag\u00e9nio (colag\u00e9nio de peixe natural), D-pantenol, extrato de alo\u00e9 vera e de noni. Gra\u00e7as \u00e0 sua f\u00f3rmula rica em elementos ativos, tonifica, hidrata e refresca a pele de forma excelente.  <\/span><\/p>\n","protected":false},"featured_media":170,"comment_status":"open","ping_status":"closed","template":"","meta":[],"product_brand":[],"product_cat":[71],"product_tag":[72],"class_list":{"0":"post-881","1":"product","2":"type-product","3":"status-publish","4":"has-post-thumbnail","6":"product_cat-cuidados-de-rosto","7":"product_tag-natural-collagen-inventia","9":"first","10":"instock","11":"taxable","12":"shipping-taxable","13":"purchasable","14":"product-type-simple"},"aioseo_notices":[],"_links":{"self":[{"href":"https:\/\/kollagen-inventia.de\/pt-pt\/wp-json\/wp\/v2\/product\/881","targetHints":{"allow":["GET"]}}],"collection":[{"href":"https:\/\/kollagen-inventia.de\/pt-pt\/wp-json\/wp\/v2\/product"}],"about":[{"href":"https:\/\/kollagen-inventia.de\/pt-pt\/wp-json\/wp\/v2\/types\/product"}],"replies":[{"embeddable":true,"href":"https:\/\/kollagen-inventia.de\/pt-pt\/wp-json\/wp\/v2\/comments?post=881"}],"wp:featuredmedia":[{"embeddable":true,"href":"https:\/\/kollagen-inventia.de\/pt-pt\/wp-json\/wp\/v2\/media\/170"}],"wp:attachment":[{"href":"https:\/\/kollagen-inventia.de\/pt-pt\/wp-json\/wp\/v2\/media?parent=881"}],"wp:term":[{"taxonomy":"product_brand","embeddable":true,"href":"https:\/\/kollagen-inventia.de\/pt-pt\/wp-json\/wp\/v2\/product_brand?post=881"},{"taxonomy":"product_cat","embeddable":true,"href":"https:\/\/kollagen-inventia.de\/pt-pt\/wp-json\/wp\/v2\/product_cat?post=881"},{"taxonomy":"product_tag","embeddable":true,"href":"https:\/\/kollagen-inventia.de\/pt-pt\/wp-json\/wp\/v2\/product_tag?post=881"}],"curies":[{"name":"wp","href":"https:\/\/api.w.org\/{rel}","templated":true}]}}