{"id":878,"date":"2018-02-23T12:51:28","date_gmt":"2018-02-23T12:51:28","guid":{"rendered":"https:\/\/kollagen-inventia.de\/produkt\/natural-collagen-inventia-creme-de-noite-night-com-colagenio-50-ml"},"modified":"2018-02-23T12:51:28","modified_gmt":"2018-02-23T12:51:28","slug":"natural-collagen-inventia-creme-de-noite-night-com-colagenio-50-ml","status":"publish","type":"product","link":"https:\/\/kollagen-inventia.de\/pt-pt\/produkt\/natural-collagen-inventia-creme-de-noite-night-com-colagenio-50-ml","title":{"rendered":"Natural Collagen Inventia Creme de Noite Night com Colag\u00e9nio &#8211; 50 ml"},"content":{"rendered":"<p><span id=\"ctl00_ContentPlaceHolder1_lblText\">Creme de noite anti-idade intensamente regeneradora da Natural Collagen Inventia com colag\u00e9nio natural. Indicada para todos os tipos de pele e, sobretudo, para pele seca e stressada que perdeu firmeza e frescura. A composi\u00e7\u00e3o \u00fanica do cuidado garante \u00e0 pele a nutri\u00e7\u00e3o e hidrata\u00e7\u00e3o adequadas. A tens\u00e3o, a firmeza e a elasticidade da pele melhoram de forma vis\u00edvel. Gra\u00e7as ao teor de colag\u00e9nio e Matrixylu\u00ae 3000, o creme previne eficazmente o envelhecimento precoce da pele, reduz as rugas profundas e elimina as pequenas. O extrato de melissa tonifica a pele e regula a produ\u00e7\u00e3o de sebo. Al\u00e9m disso, a melissa e o D-pantenol acalmam as irrita\u00e7\u00f5es e previnem o seu aparecimento. A pele fica aveludada, suave e com um aspeto saud\u00e1vel e fresco gra\u00e7as ao creme de noite Natural Collagen Inventia.       <\/span><\/p>\n<p><span id=\"ctl00_ContentPlaceHolder1_lblText\"><strong>EFEITOS<\/strong><\/span><\/p>\n<ul>\n<li><span id=\"ctl00_ContentPlaceHolder1_lblText\">Regenera e nutre intensamente<\/span><\/li>\n<li><span id=\"ctl00_ContentPlaceHolder1_lblText\">Atua contra as rugas<\/span><\/li>\n<li><span id=\"ctl00_ContentPlaceHolder1_lblText\">Hidrata, confere elasticidade, reafirma<\/span><\/li>\n<li><span id=\"ctl00_ContentPlaceHolder1_lblText\">Confere suavidade aveludada<\/span><\/li>\n<\/ul>\n<div align=\"center\">\n<script async=\"\" src=\"\/\/pagead2.googlesyndication.com\/pagead\/js\/adsbygoogle.js\"><\/script><br \/>\n<ins class=\"adsbygoogle\" style=\"display:block; text-align:center;\" data-ad-layout=\"in-article\" data-ad-format=\"fluid\" data-ad-client=\"ca-pub-6998664093247383\" data-ad-slot=\"1150623665\"><\/ins><br \/>\n<script>\n     (adsbygoogle = window.adsbygoogle || []).push({});\n<\/script>\n\t<\/div>\n","protected":false},"excerpt":{"rendered":"<p><span id=\"ctl00_ContentPlaceHolder1_lblText\">Creme de noite anti-idade intensamente regeneradora da Natural Collagen Inventia com colag\u00e9nio natural. Indicada para todos os tipos de pele e, sobretudo, para pele seca e stressada que perdeu firmeza e frescura. A composi\u00e7\u00e3o \u00fanica do cuidado garante \u00e0 pele a nutri\u00e7\u00e3o e hidrata\u00e7\u00e3o adequadas. A tens\u00e3o, a firmeza e a elasticidade da pele melhoram de forma vis\u00edvel.   <\/span><\/p>\n","protected":false},"featured_media":166,"comment_status":"open","ping_status":"closed","template":"","meta":[],"product_brand":[],"product_cat":[71],"product_tag":[72],"class_list":{"0":"post-878","1":"product","2":"type-product","3":"status-publish","4":"has-post-thumbnail","6":"product_cat-cuidados-de-rosto","7":"product_tag-natural-collagen-inventia","9":"first","10":"instock","11":"taxable","12":"shipping-taxable","13":"purchasable","14":"product-type-simple"},"aioseo_notices":[],"_links":{"self":[{"href":"https:\/\/kollagen-inventia.de\/pt-pt\/wp-json\/wp\/v2\/product\/878","targetHints":{"allow":["GET"]}}],"collection":[{"href":"https:\/\/kollagen-inventia.de\/pt-pt\/wp-json\/wp\/v2\/product"}],"about":[{"href":"https:\/\/kollagen-inventia.de\/pt-pt\/wp-json\/wp\/v2\/types\/product"}],"replies":[{"embeddable":true,"href":"https:\/\/kollagen-inventia.de\/pt-pt\/wp-json\/wp\/v2\/comments?post=878"}],"wp:featuredmedia":[{"embeddable":true,"href":"https:\/\/kollagen-inventia.de\/pt-pt\/wp-json\/wp\/v2\/media\/166"}],"wp:attachment":[{"href":"https:\/\/kollagen-inventia.de\/pt-pt\/wp-json\/wp\/v2\/media?parent=878"}],"wp:term":[{"taxonomy":"product_brand","embeddable":true,"href":"https:\/\/kollagen-inventia.de\/pt-pt\/wp-json\/wp\/v2\/product_brand?post=878"},{"taxonomy":"product_cat","embeddable":true,"href":"https:\/\/kollagen-inventia.de\/pt-pt\/wp-json\/wp\/v2\/product_cat?post=878"},{"taxonomy":"product_tag","embeddable":true,"href":"https:\/\/kollagen-inventia.de\/pt-pt\/wp-json\/wp\/v2\/product_tag?post=878"}],"curies":[{"name":"wp","href":"https:\/\/api.w.org\/{rel}","templated":true}]}}