{"id":877,"date":"2018-02-23T12:46:09","date_gmt":"2018-02-23T12:46:09","guid":{"rendered":"https:\/\/kollagen-inventia.de\/produkt\/natural-collagen-inventia-creme-de-dia-day-com-colagenio-50ml"},"modified":"2018-02-23T12:46:09","modified_gmt":"2018-02-23T12:46:09","slug":"natural-collagen-inventia-creme-de-dia-day-com-colagenio-50ml","status":"publish","type":"product","link":"https:\/\/kollagen-inventia.de\/pt-pt\/produkt\/natural-collagen-inventia-creme-de-dia-day-com-colagenio-50ml","title":{"rendered":"Natural Collagen Inventia Creme de Dia Day com Colag\u00e9nio &#8211; 50ml"},"content":{"rendered":"<p><span id=\"ctl00_ContentPlaceHolder1_lblText\">Creme de dia anti-envelhecimento intensamente nutritivo da Natural Collagen Inventia com colag\u00e9nio natural. O creme anti-rugas \u00e9 adequado para todos os tipos de pele, mas \u00e9 especialmente recomendado para pele cansada e seca. Cont\u00e9m colag\u00e9nio bioativo natural (colag\u00e9nio de peixe natural) e Matrixyl\u00ae 3000, que apresentam fortes propriedades anti-rugas. Al\u00e9m disso, hidratam a pele e protegem-na da perda de humidade. A pele fica mais suave, a firmeza e elasticidade s\u00e3o melhoradas, as rugas s\u00e3o suavizadas. A vitamina E e os extratos de alo\u00e9 e noni nutrem a pele, gra\u00e7as aos quais esta recupera a sua cor natural, correta e saud\u00e1vel. O D-pantenol, a alanto\u00edna e o extrato de Centella asiatica aliviam as irrita\u00e7\u00f5es cut\u00e2neas e previnem o aparecimento de inflama\u00e7\u00f5es, e o \u00f3leo de borragem e a sojadina conferem elasticidade \u00e0 pele, prevenindo a rugosidade e a descama\u00e7\u00e3o. O creme de dia Natural Collagen Inventia com efeito rejuvenescedor nutre, suaviza e hidrata intensamente a pele, deixando-a relaxada e devolvendo-lhe o seu brilho pleno e natural.       <\/span><\/p>\n<p><span id=\"ctl00_ContentPlaceHolder1_lblText\"><strong>EFEITOS<\/strong><\/span><\/p>\n<ul>\n<li><span id=\"ctl00_ContentPlaceHolder1_lblText\">Fortes propriedades anti-rugas<\/span><\/li>\n<li><span id=\"ctl00_ContentPlaceHolder1_lblText\">Regenera e nutre de forma duradoura<\/span><\/li>\n<li><span id=\"ctl00_ContentPlaceHolder1_lblText\">Cuida, alivia irrita\u00e7\u00f5es<\/span><\/li>\n<li><span id=\"ctl00_ContentPlaceHolder1_lblText\">Hidrata, firma, suaviza<\/span><\/li>\n<\/ul>\n<div align=\"center\">\n<script async=\"\" src=\"\/\/pagead2.googlesyndication.com\/pagead\/js\/adsbygoogle.js\"><\/script><br \/>\n<ins class=\"adsbygoogle\" style=\"display:block; text-align:center;\" data-ad-layout=\"in-article\" data-ad-format=\"fluid\" data-ad-client=\"ca-pub-6998664093247383\" data-ad-slot=\"1150623665\"><\/ins><br \/>\n<script>\n     (adsbygoogle = window.adsbygoogle || []).push({});\n<\/script>\n\t<\/div>\n","protected":false},"excerpt":{"rendered":"<p><span id=\"ctl00_ContentPlaceHolder1_lblText\">Creme de dia anti-envelhecimento intensamente nutritivo da Natural Collagen Inventia com colag\u00e9nio natural. O creme anti-rugas \u00e9 adequado para todos os tipos de pele, mas \u00e9 especialmente recomendado para pele cansada e seca. Cont\u00e9m colag\u00e9nio bioativo natural  <\/span><\/p>\n","protected":false},"featured_media":164,"comment_status":"open","ping_status":"closed","template":"","meta":[],"product_brand":[],"product_cat":[71],"product_tag":[72],"class_list":{"0":"post-877","1":"product","2":"type-product","3":"status-publish","4":"has-post-thumbnail","6":"product_cat-cuidados-de-rosto","7":"product_tag-natural-collagen-inventia","9":"first","10":"instock","11":"taxable","12":"shipping-taxable","13":"purchasable","14":"product-type-simple"},"aioseo_notices":[],"_links":{"self":[{"href":"https:\/\/kollagen-inventia.de\/pt-pt\/wp-json\/wp\/v2\/product\/877","targetHints":{"allow":["GET"]}}],"collection":[{"href":"https:\/\/kollagen-inventia.de\/pt-pt\/wp-json\/wp\/v2\/product"}],"about":[{"href":"https:\/\/kollagen-inventia.de\/pt-pt\/wp-json\/wp\/v2\/types\/product"}],"replies":[{"embeddable":true,"href":"https:\/\/kollagen-inventia.de\/pt-pt\/wp-json\/wp\/v2\/comments?post=877"}],"wp:featuredmedia":[{"embeddable":true,"href":"https:\/\/kollagen-inventia.de\/pt-pt\/wp-json\/wp\/v2\/media\/164"}],"wp:attachment":[{"href":"https:\/\/kollagen-inventia.de\/pt-pt\/wp-json\/wp\/v2\/media?parent=877"}],"wp:term":[{"taxonomy":"product_brand","embeddable":true,"href":"https:\/\/kollagen-inventia.de\/pt-pt\/wp-json\/wp\/v2\/product_brand?post=877"},{"taxonomy":"product_cat","embeddable":true,"href":"https:\/\/kollagen-inventia.de\/pt-pt\/wp-json\/wp\/v2\/product_cat?post=877"},{"taxonomy":"product_tag","embeddable":true,"href":"https:\/\/kollagen-inventia.de\/pt-pt\/wp-json\/wp\/v2\/product_tag?post=877"}],"curies":[{"name":"wp","href":"https:\/\/api.w.org\/{rel}","templated":true}]}}