{"id":872,"date":"2018-02-26T12:20:09","date_gmt":"2018-02-26T12:20:09","guid":{"rendered":"https:\/\/kollagen-inventia.de\/produkt\/natural-collagen-inventia-serum-para-contorno-de-olhos-vitamina-ae-15ml"},"modified":"2018-02-26T12:20:09","modified_gmt":"2018-02-26T12:20:09","slug":"natural-collagen-inventia-serum-para-contorno-de-olhos-vitamina-ae-15ml","status":"publish","type":"product","link":"https:\/\/kollagen-inventia.de\/pt-pt\/produkt\/natural-collagen-inventia-serum-para-contorno-de-olhos-vitamina-ae-15ml","title":{"rendered":"Natural Collagen Inventia S\u00e9rum para Contorno de Olhos Vitamina A+E &#8211; 15ml"},"content":{"rendered":"<p><span id=\"ctl00_ContentPlaceHolder1_lblText\">O S\u00e9rum de Colag\u00e9nio Anti-Envelhecimento Natural Collagen Inventia com colag\u00e9nio natural destina-se ao cuidado do contorno dos olhos e ajuda contra rugas e olheiras nesta \u00e1rea facial particularmente sens\u00edvel. O produto \u00e9 um gel de colag\u00e9nio, caracterizado por uma consist\u00eancia de gel homog\u00e9nea com cor ligeiramente opalescente e aroma caracter\u00edstico suave. O s\u00e9rum de colag\u00e9nio cont\u00e9m mais colag\u00e9nio natural em &#8220;Colag\u00e9nio&#8221;, ou seja, tem um teor mais elevado de colag\u00e9nio em massa seca. A quantidade de colag\u00e9nio no s\u00e9rum foi aumentada em 10%. Al\u00e9m disso, o produto foi enriquecido com duas vitaminas valiosas para uma apar\u00eancia saud\u00e1vel da pele: A e E. Como estas vitaminas s\u00e3o antioxidantes poderosos, foram protegidas contra a perda de atividade atrav\u00e9s do encapsulamento em esferas, das quais s\u00e3o libertadas apenas durante o contacto com a pele.     <\/span><\/p>\n<p><span id=\"ctl00_ContentPlaceHolder1_lblText\"><strong>EFEITOS<\/strong><\/span><\/p>\n<ul>\n<li><span id=\"ctl00_ContentPlaceHolder1_lblText\">Efeito de rejuvenescimento not\u00e1vel do contorno dos olhos<\/span><\/li>\n<li>ajuda contra olheiras e rugas nos olhos<\/li>\n<li><span id=\"ctl00_ContentPlaceHolder1_lblText\">Rugas menos vis\u00edveis<\/span><\/li>\n<li><span id=\"ctl00_ContentPlaceHolder1_lblText\">Prote\u00e7\u00e3o ativa contra o envelhecimento prematuro da pele ao redor dos olhos<\/span><\/li>\n<li><span id=\"ctl00_ContentPlaceHolder1_lblText\">Cuida da pele exigente e muito sens\u00edvel do contorno dos olhos<\/span><\/li>\n<li><span id=\"ctl00_ContentPlaceHolder1_lblText\">Hidrata, alisa, firma a pele e devolve \u00e0 sua apar\u00eancia um brilho juvenil<\/span><\/li>\n<li>cont\u00e9m colag\u00e9nio natural de peixe<\/li>\n<\/ul>\n<p><a href=\"https:\/\/anti-aging-collagen.de\/epages\/39508a79-18ea-40d7-9fc3-afca5ad8e52e.sf\/de_DE\/?ObjectPath=\/Shops\/39508a79-18ea-40d7-9fc3-afca5ad8e52e\/Categories\/Blog\" data-link-type=\"tree\" data-type=\"linkpicker\">Avalia\u00e7\u00f5es sobre Natural Collagen Inventia S\u00e9rum para Contorno de Olhos com Vitamina A+E &gt;&gt;&gt;<\/a><\/p>\n<div align=\"center\">\n<script async=\"\" src=\"\/\/pagead2.googlesyndication.com\/pagead\/js\/adsbygoogle.js\"><\/script><br \/>\n<ins class=\"adsbygoogle\" style=\"display:block; text-align:center;\" data-ad-layout=\"in-article\" data-ad-format=\"fluid\" data-ad-client=\"ca-pub-6998664093247383\" data-ad-slot=\"1150623665\"><\/ins><br \/>\n<script>\n     (adsbygoogle = window.adsbygoogle || []).push({});\n<\/script>\n\t<\/div>\n","protected":false},"excerpt":{"rendered":"<p><span id=\"ctl00_ContentPlaceHolder1_lblText\">O S\u00e9rum de Colag\u00e9nio Anti-Envelhecimento Natural Collagen Inventia com colag\u00e9nio natural destina-se ao cuidado do contorno dos olhos e ajuda contra rugas e olheiras nesta \u00e1rea facial particularmente sens\u00edvel.<\/span><\/p>\n","protected":false},"featured_media":158,"comment_status":"open","ping_status":"closed","template":"","meta":[],"product_brand":[],"product_cat":[71],"product_tag":[72],"class_list":{"0":"post-872","1":"product","2":"type-product","3":"status-publish","4":"has-post-thumbnail","6":"product_cat-cuidados-de-rosto","7":"product_tag-natural-collagen-inventia","9":"first","10":"instock","11":"sale","12":"taxable","13":"shipping-taxable","14":"purchasable","15":"product-type-simple"},"aioseo_notices":[],"_links":{"self":[{"href":"https:\/\/kollagen-inventia.de\/pt-pt\/wp-json\/wp\/v2\/product\/872","targetHints":{"allow":["GET"]}}],"collection":[{"href":"https:\/\/kollagen-inventia.de\/pt-pt\/wp-json\/wp\/v2\/product"}],"about":[{"href":"https:\/\/kollagen-inventia.de\/pt-pt\/wp-json\/wp\/v2\/types\/product"}],"replies":[{"embeddable":true,"href":"https:\/\/kollagen-inventia.de\/pt-pt\/wp-json\/wp\/v2\/comments?post=872"}],"wp:featuredmedia":[{"embeddable":true,"href":"https:\/\/kollagen-inventia.de\/pt-pt\/wp-json\/wp\/v2\/media\/158"}],"wp:attachment":[{"href":"https:\/\/kollagen-inventia.de\/pt-pt\/wp-json\/wp\/v2\/media?parent=872"}],"wp:term":[{"taxonomy":"product_brand","embeddable":true,"href":"https:\/\/kollagen-inventia.de\/pt-pt\/wp-json\/wp\/v2\/product_brand?post=872"},{"taxonomy":"product_cat","embeddable":true,"href":"https:\/\/kollagen-inventia.de\/pt-pt\/wp-json\/wp\/v2\/product_cat?post=872"},{"taxonomy":"product_tag","embeddable":true,"href":"https:\/\/kollagen-inventia.de\/pt-pt\/wp-json\/wp\/v2\/product_tag?post=872"}],"curies":[{"name":"wp","href":"https:\/\/api.w.org\/{rel}","templated":true}]}}