{"id":780,"date":"2018-02-16T22:08:08","date_gmt":"2018-02-16T22:08:08","guid":{"rendered":"https:\/\/kollagen-inventia.de\/produkt\/natural-collagen-inventia-champo-200ml"},"modified":"2018-02-16T22:08:08","modified_gmt":"2018-02-16T22:08:08","slug":"natural-collagen-inventia-champo-200ml","status":"publish","type":"product","link":"https:\/\/kollagen-inventia.de\/pt-pt\/produkt\/natural-collagen-inventia-champo-200ml","title":{"rendered":"Natural Collagen Inventia Champ\u00f4 &#8211; 200ml"},"content":{"rendered":"<p><span id=\"ctl00_ContentPlaceHolder1_lblText\">Natural Collagen Inventia Champ\u00f4 \u00e9 um champ\u00f4 suave com colag\u00e9nio adequado para lavar todos os tipos de cabelo. Especialmente recomendado para cabelo fraco, quebradi\u00e7o ou danificado pela radia\u00e7\u00e3o UV ou tratamentos qu\u00edmicos (de cabeleireiro), que necessita de cuidados especiais. Gra\u00e7as ao elevado teor de colag\u00e9nio de peixe, refor\u00e7a a estrutura capilar, regenera as pontas danificadas e previne a sua divis\u00e3o. Os ingredientes ativos contidos, nomeadamente extrato de mel e seda, bem como D-Pantenol, nutrem excelentemente o cabelo e devolvem-lhe firmeza e brilho. O champ\u00f4 de colag\u00e9nio aumenta visualmente o volume do cabelo, prolonga a durabilidade do penteado e estimula novamente o crescimento capilar. O produto confere brilho e aspeto saud\u00e1vel, sem sobrecarregar o cabelo. Natural Collagen Inventia Champ\u00f4 pode ser utilizado diariamente. O champ\u00f4 n\u00e3o cont\u00e9m sal.      <\/span><\/p>\n<p><span id=\"ctl00_ContentPlaceHolder1_lblText\"><strong>EFEITOS<\/strong><\/span><\/p>\n<ul>\n<li><span id=\"ctl00_ContentPlaceHolder1_lblText\">Regenera e fortalece visivelmente a estrutura capilar<\/span><\/li>\n<li><span id=\"ctl00_ContentPlaceHolder1_lblText\">Reduz a queda de cabelo*<\/span><\/li>\n<li><span id=\"ctl00_ContentPlaceHolder1_lblText\">Confere ao cabelo aspeto saud\u00e1vel e brilho saud\u00e1vel<\/span><\/li>\n<\/ul>\n<div align=\"center\">\n<script async=\"\" src=\"\/\/pagead2.googlesyndication.com\/pagead\/js\/adsbygoogle.js\"><\/script><br \/>\n<ins class=\"adsbygoogle\" style=\"display:block; text-align:center;\" data-ad-layout=\"in-article\" data-ad-format=\"fluid\" data-ad-client=\"ca-pub-6998664093247383\" data-ad-slot=\"1150623665\"><\/ins><br \/>\n<script>\n     (adsbygoogle = window.adsbygoogle || []).push({});\n<\/script>\n\t<\/div>\n","protected":false},"excerpt":{"rendered":"<p>Champ\u00f4 suave de colag\u00e9nio adequado para lavar todos os tipos de cabelo. Especialmente recomendado para cabelo fraco, quebradi\u00e7o ou danificado pela radia\u00e7\u00e3o UV ou tratamentos qu\u00edmicos (de cabeleireiro), que necessita de cuidados especiais. <\/p>\n","protected":false},"featured_media":70,"comment_status":"open","ping_status":"closed","template":"","meta":[],"product_brand":[],"product_cat":[80],"product_tag":[72],"class_list":{"0":"post-780","1":"product","2":"type-product","3":"status-publish","4":"has-post-thumbnail","6":"product_cat-cabelounhas","7":"product_tag-natural-collagen-inventia","9":"first","10":"instock","11":"sale","12":"taxable","13":"shipping-taxable","14":"purchasable","15":"product-type-simple"},"aioseo_notices":[],"_links":{"self":[{"href":"https:\/\/kollagen-inventia.de\/pt-pt\/wp-json\/wp\/v2\/product\/780","targetHints":{"allow":["GET"]}}],"collection":[{"href":"https:\/\/kollagen-inventia.de\/pt-pt\/wp-json\/wp\/v2\/product"}],"about":[{"href":"https:\/\/kollagen-inventia.de\/pt-pt\/wp-json\/wp\/v2\/types\/product"}],"replies":[{"embeddable":true,"href":"https:\/\/kollagen-inventia.de\/pt-pt\/wp-json\/wp\/v2\/comments?post=780"}],"wp:featuredmedia":[{"embeddable":true,"href":"https:\/\/kollagen-inventia.de\/pt-pt\/wp-json\/wp\/v2\/media\/70"}],"wp:attachment":[{"href":"https:\/\/kollagen-inventia.de\/pt-pt\/wp-json\/wp\/v2\/media?parent=780"}],"wp:term":[{"taxonomy":"product_brand","embeddable":true,"href":"https:\/\/kollagen-inventia.de\/pt-pt\/wp-json\/wp\/v2\/product_brand?post=780"},{"taxonomy":"product_cat","embeddable":true,"href":"https:\/\/kollagen-inventia.de\/pt-pt\/wp-json\/wp\/v2\/product_cat?post=780"},{"taxonomy":"product_tag","embeddable":true,"href":"https:\/\/kollagen-inventia.de\/pt-pt\/wp-json\/wp\/v2\/product_tag?post=780"}],"curies":[{"name":"wp","href":"https:\/\/api.w.org\/{rel}","templated":true}]}}