{"id":778,"date":"2018-02-16T21:47:12","date_gmt":"2018-02-16T21:47:12","guid":{"rendered":"https:\/\/kollagen-inventia.de\/produkt\/inventia-invita-active-collagen-capsulas-60-un"},"modified":"2018-02-16T21:47:12","modified_gmt":"2018-02-16T21:47:12","slug":"inventia-invita-active-collagen-capsulas-60-un","status":"publish","type":"product","link":"https:\/\/kollagen-inventia.de\/pt-pt\/produkt\/inventia-invita-active-collagen-capsulas-60-un","title":{"rendered":"Inventia Invita Active Collagen C\u00e1psulas &#8211; 60 un."},"content":{"rendered":"<p>O suplemento alimentar Invita Active com colag\u00e9nio \u00e9 especialmente adequado para pessoas ativas ou pessoas que sobrecarregam as suas articula\u00e7\u00f5es e o aparelho locomotor, articula\u00e7\u00f5es e cartilagens. As c\u00e1psulas cont\u00eam componentes com efeito sin\u00e9rgico. O colag\u00e9nio liofilizado inovador com cartilagem de tubar\u00e3o cont\u00e9m 80 mg de colag\u00e9nio de peixe (dose di\u00e1ria). Adicionalmente, as c\u00e1psulas s\u00e3o uma fonte rica em condroitina e colag\u00e9nio tipo II, que se encontra na cartilagem articular. Uma fun\u00e7\u00e3o essencial na cartilagem \u00e9 desempenhada pela glucosamina, que est\u00e1 contida sob a forma de sulfato no produto Invita Active c\u00e1psulas de colag\u00e9nio. O efeito hol\u00edstico das c\u00e1psulas de colag\u00e9nio \u00e9 complementado pelo \u00e1cido hialur\u00f3nico, um componente funcional e importante do tecido conjuntivo. Um extrato de plantas de incenso indiano mant\u00e9m a sa\u00fade das articula\u00e7\u00f5es e apoia a sua elasticidade.      <\/p>\n<p><a href=\"https:\/\/kollagen-inventia.de\/pt-pt\/porque-o-natural-inventia-collagen-gel-e-as-capsulas-invita-kollagen\" data-link-type=\"tree\" data-type=\"linkpicker\">&gt;&gt;&gt; Mais informa\u00e7\u00f5es sobre como o colag\u00e9nio no produto Invita Active ajuda e o que faz no corpo aqui &gt;&gt;&gt;<\/a><\/p>\n<div align=\"center\">\n<script async=\"\" src=\"\/\/pagead2.googlesyndication.com\/pagead\/js\/adsbygoogle.js\"><\/script><br \/>\n<ins class=\"adsbygoogle\" style=\"display:block; text-align:center;\" data-ad-layout=\"in-article\" data-ad-format=\"fluid\" data-ad-client=\"ca-pub-6998664093247383\" data-ad-slot=\"1150623665\"><\/ins><br \/>\n<script>\n     (adsbygoogle = window.adsbygoogle || []).push({});\n<\/script>\n\t<\/div>\n","protected":false},"excerpt":{"rendered":"<p>C\u00e1psulas de colag\u00e9nio Invita especialmente para articula\u00e7\u00f5es, aparelho locomotor e ossos saud\u00e1veis<\/p>\n","protected":false},"featured_media":68,"comment_status":"open","ping_status":"closed","template":"","meta":[],"product_brand":[],"product_cat":[79],"product_tag":[72],"class_list":{"0":"post-778","1":"product","2":"type-product","3":"status-publish","4":"has-post-thumbnail","6":"product_cat-suplemento-alimentar","7":"product_tag-natural-collagen-inventia","9":"first","10":"instock","11":"sale","12":"taxable","13":"shipping-taxable","14":"purchasable","15":"product-type-simple"},"aioseo_notices":[],"_links":{"self":[{"href":"https:\/\/kollagen-inventia.de\/pt-pt\/wp-json\/wp\/v2\/product\/778","targetHints":{"allow":["GET"]}}],"collection":[{"href":"https:\/\/kollagen-inventia.de\/pt-pt\/wp-json\/wp\/v2\/product"}],"about":[{"href":"https:\/\/kollagen-inventia.de\/pt-pt\/wp-json\/wp\/v2\/types\/product"}],"replies":[{"embeddable":true,"href":"https:\/\/kollagen-inventia.de\/pt-pt\/wp-json\/wp\/v2\/comments?post=778"}],"wp:featuredmedia":[{"embeddable":true,"href":"https:\/\/kollagen-inventia.de\/pt-pt\/wp-json\/wp\/v2\/media\/68"}],"wp:attachment":[{"href":"https:\/\/kollagen-inventia.de\/pt-pt\/wp-json\/wp\/v2\/media?parent=778"}],"wp:term":[{"taxonomy":"product_brand","embeddable":true,"href":"https:\/\/kollagen-inventia.de\/pt-pt\/wp-json\/wp\/v2\/product_brand?post=778"},{"taxonomy":"product_cat","embeddable":true,"href":"https:\/\/kollagen-inventia.de\/pt-pt\/wp-json\/wp\/v2\/product_cat?post=778"},{"taxonomy":"product_tag","embeddable":true,"href":"https:\/\/kollagen-inventia.de\/pt-pt\/wp-json\/wp\/v2\/product_tag?post=778"}],"curies":[{"name":"wp","href":"https:\/\/api.w.org\/{rel}","templated":true}]}}