{"id":775,"date":"2018-02-16T22:20:08","date_gmt":"2018-02-16T22:20:08","guid":{"rendered":"https:\/\/kollagen-inventia.de\/produkt\/natural-collagen-inventia-body-lotion-creme-hidratante-300ml"},"modified":"2018-02-16T22:20:08","modified_gmt":"2018-02-16T22:20:08","slug":"natural-collagen-inventia-body-lotion-creme-hidratante-300ml","status":"publish","type":"product","link":"https:\/\/kollagen-inventia.de\/pt-pt\/produkt\/natural-collagen-inventia-body-lotion-creme-hidratante-300ml","title":{"rendered":"Natural Collagen Inventia Body Lotion Creme Hidratante &#8211; 300ml"},"content":{"rendered":"<p>Natural Collagen Inventia Body Lotion Creme Hidratante \u00e9 uma lo\u00e7\u00e3o de colag\u00e9nio ultra-hidratante para todo o corpo. O creme hidratante restaura o conforto da pele seca. Gra\u00e7as aos ingredientes naturais de origem vegetal e, em particular, ao colag\u00e9nio, reconstr\u00f3i a barreira lip\u00eddica natural da epiderme e o produto nutre intensamente e suaviza a pele. Os ingredientes cuidadosamente selecionados &#8211; as novidades biotecnol\u00f3gicas dos melhores fornecedores de componentes do mundo &#8211; aliviam irrita\u00e7\u00f5es, eliminam o desconforto causado pelo ressecamento e descama\u00e7\u00e3o da pele e protegem preventivamente contra os efeitos negativos das condi\u00e7\u00f5es climat\u00e9ricas.   <\/p>\n<p>Efeitos:<\/p>\n<ul>\n<li>hidrata\u00e7\u00e3o e regenera\u00e7\u00e3o duradouras da pele<\/li>\n<li>nutri\u00e7\u00e3o intensa da pele<\/li>\n<li>melhoria vis\u00edvel da elasticidade<\/li>\n<li>sem descama\u00e7\u00e3o da epiderme e sem sintomas de secura<\/li>\n<li>redu\u00e7\u00e3o da hipersensibilidade da pele<\/li>\n<\/ul>\n<div align=\"center\">\n<script async=\"\" src=\"\/\/pagead2.googlesyndication.com\/pagead\/js\/adsbygoogle.js\"><\/script><br \/>\n<ins class=\"adsbygoogle\" style=\"display:block; text-align:center;\" data-ad-layout=\"in-article\" data-ad-format=\"fluid\" data-ad-client=\"ca-pub-6998664093247383\" data-ad-slot=\"1150623665\"><\/ins><br \/>\n<script>\n     (adsbygoogle = window.adsbygoogle || []).push({});\n<\/script>\n\t<\/div>\n","protected":false},"excerpt":{"rendered":"<p>Lo\u00e7\u00e3o de colag\u00e9nio ultra-hidratante para o corpo. Restaura o conforto da pele seca. Gra\u00e7as aos ingredientes naturais de origem vegetal, reconstr\u00f3i a barreira lip\u00eddica natural da epiderme, nutre a pele.  <\/p>\n","protected":false},"featured_media":72,"comment_status":"open","ping_status":"closed","template":"","meta":[],"product_brand":[],"product_cat":[78],"product_tag":[72],"class_list":{"0":"post-775","1":"product","2":"type-product","3":"status-publish","4":"has-post-thumbnail","6":"product_cat-cuidado-corporal","7":"product_tag-natural-collagen-inventia","9":"first","10":"instock","11":"sale","12":"taxable","13":"shipping-taxable","14":"purchasable","15":"product-type-simple"},"aioseo_notices":[],"_links":{"self":[{"href":"https:\/\/kollagen-inventia.de\/pt-pt\/wp-json\/wp\/v2\/product\/775","targetHints":{"allow":["GET"]}}],"collection":[{"href":"https:\/\/kollagen-inventia.de\/pt-pt\/wp-json\/wp\/v2\/product"}],"about":[{"href":"https:\/\/kollagen-inventia.de\/pt-pt\/wp-json\/wp\/v2\/types\/product"}],"replies":[{"embeddable":true,"href":"https:\/\/kollagen-inventia.de\/pt-pt\/wp-json\/wp\/v2\/comments?post=775"}],"wp:featuredmedia":[{"embeddable":true,"href":"https:\/\/kollagen-inventia.de\/pt-pt\/wp-json\/wp\/v2\/media\/72"}],"wp:attachment":[{"href":"https:\/\/kollagen-inventia.de\/pt-pt\/wp-json\/wp\/v2\/media?parent=775"}],"wp:term":[{"taxonomy":"product_brand","embeddable":true,"href":"https:\/\/kollagen-inventia.de\/pt-pt\/wp-json\/wp\/v2\/product_brand?post=775"},{"taxonomy":"product_cat","embeddable":true,"href":"https:\/\/kollagen-inventia.de\/pt-pt\/wp-json\/wp\/v2\/product_cat?post=775"},{"taxonomy":"product_tag","embeddable":true,"href":"https:\/\/kollagen-inventia.de\/pt-pt\/wp-json\/wp\/v2\/product_tag?post=775"}],"curies":[{"name":"wp","href":"https:\/\/api.w.org\/{rel}","templated":true}]}}