{"id":773,"date":"2018-02-16T21:27:08","date_gmt":"2018-02-16T21:27:08","guid":{"rendered":"https:\/\/kollagen-inventia.de\/produkt\/natural-collagen-inventia-face-gel-serum-anti-idade-de-15-ml"},"modified":"2018-02-16T21:27:08","modified_gmt":"2018-02-16T21:27:08","slug":"natural-collagen-inventia-face-gel-serum-anti-idade-de-15-ml","status":"publish","type":"product","link":"https:\/\/kollagen-inventia.de\/pt-pt\/produkt\/natural-collagen-inventia-face-gel-serum-anti-idade-de-15-ml","title":{"rendered":"Natural Collagen Inventia FACE GEL &#8211; S\u00e9rum Anti-Idade de 15 ml"},"content":{"rendered":"<p><span id=\"ctl00_ContentPlaceHolder1_lblText\">O Natural Collagen Inventia Face GEL 15 ml \u00e9 um s\u00e9rum antirrugas com um elevado teor de colag\u00e9nio natural, indicado para o cuidado intensivo de todos os tipos de pele e como solu\u00e7\u00e3o contra as rugas. \u00c9 especialmente recomendado para o cuidado da pele madura, seca e sens\u00edvel, sobretudo para o rosto e decote.<\/span> O preparado \u00e9 um gel semil\u00edquido, com uma cor que varia entre o branco l\u00edmpido e o cinzento-p\u00e9rola. A forma em gel facilita a aplica\u00e7\u00e3o e a distribui\u00e7\u00e3o sobre a pele. <\/p>\n<p><span id=\"ctl00_ContentPlaceHolder1_lblText\"><strong>EFEITOS<\/strong><\/span><\/p>\n<ul>\n<li><span id=\"ctl00_ContentPlaceHolder1_lblText\">Aumenta a firmeza da pele, minimizando a visibilidade das rugas de express\u00e3o e de riso<\/span><\/li>\n<li><span id=\"ctl00_ContentPlaceHolder1_lblText\">O preparado estimula a produ\u00e7\u00e3o de colag\u00e9nio do pr\u00f3prio organismo<\/span><\/li>\n<li>O gel cont\u00e9m colag\u00e9nio de peixe<\/li>\n<li><span id=\"ctl00_ContentPlaceHolder1_lblText\">Melhora o aspeto geral da pele<\/span><\/li>\n<li><span id=\"ctl00_ContentPlaceHolder1_lblText\">Melhora visivelmente a hidrata\u00e7\u00e3o<\/span><\/li>\n<li><span id=\"ctl00_ContentPlaceHolder1_lblText\">Aumenta a capacidade de reten\u00e7\u00e3o de \u00e1gua da pele<\/span><\/li>\n<li><span id=\"ctl00_ContentPlaceHolder1_lblText\">Forma uma pel\u00edcula protetora na pele, evitando a perda de humidade<\/span><\/li>\n<li><span id=\"ctl00_ContentPlaceHolder1_lblText\">Reduz significativamente a rugosidade da pele, suavizando-a e tornando-a el\u00e1stica<\/span><\/li>\n<li><span id=\"ctl00_ContentPlaceHolder1_lblText\">Esfolia suavemente a epiderme, acelerando a sua regenera\u00e7\u00e3o, aclara hiperpigmenta\u00e7\u00f5es e uniformiza a tez<\/span><\/li>\n<li><span id=\"ctl00_ContentPlaceHolder1_lblText\">Apresenta um elevado grau de absor\u00e7\u00e3o<\/span><\/li>\n<li><span id=\"ctl00_ContentPlaceHolder1_lblText\">Excelente toler\u00e2ncia cut\u00e2nea<\/span><\/li>\n<li><span id=\"ctl00_ContentPlaceHolder1_lblText\">N\u00e3o constitui uma fonte de pri\u00f5es<\/span><\/li>\n<li><span id=\"ctl00_ContentPlaceHolder1_lblText\">Caracteriza-se por um grau de pureza muito elevado<\/span><\/li>\n<li>previne o envelhecimento precoce da pele<\/li>\n<li><span id=\"ctl00_ContentPlaceHolder1_lblText\">N\u00e3o cont\u00e9m parabenos nem conservantes!<\/span><\/li>\n<\/ul>\n<div align=\"center\">\n<script async=\"\" src=\"\/\/pagead2.googlesyndication.com\/pagead\/js\/adsbygoogle.js\"><\/script><br \/>\n<ins class=\"adsbygoogle\" style=\"display:block; text-align:center;\" data-ad-layout=\"in-article\" data-ad-format=\"fluid\" data-ad-client=\"ca-pub-6998664093247383\" data-ad-slot=\"1150623665\"><\/ins><br \/>\n<script>\n     (adsbygoogle = window.adsbygoogle || []).push({});\n<\/script>\n\t<\/div>\n","protected":false},"excerpt":{"rendered":"<p><span id=\"ctl00_ContentPlaceHolder1_lblText\">O Natural Collagen Inventia Face GEL 15 ml \u00e9 um s\u00e9rum de colag\u00e9nio com um elevado teor de colag\u00e9nio natural, indicado para o cuidado intensivo de todos os tipos de pele. Ajuda intensamente contra as rugas e \u00e9 especialmente recomendado para o cuidado da pele madura, seca e sens\u00edvel. <\/span><\/p>\n","protected":false},"featured_media":62,"comment_status":"open","ping_status":"closed","template":"","meta":[],"product_brand":[],"product_cat":[71],"product_tag":[72],"class_list":{"0":"post-773","1":"product","2":"type-product","3":"status-publish","4":"has-post-thumbnail","6":"product_cat-cuidados-de-rosto","7":"product_tag-natural-collagen-inventia","9":"first","10":"instock","11":"taxable","12":"shipping-taxable","13":"purchasable","14":"product-type-simple"},"aioseo_notices":[],"_links":{"self":[{"href":"https:\/\/kollagen-inventia.de\/pt-pt\/wp-json\/wp\/v2\/product\/773","targetHints":{"allow":["GET"]}}],"collection":[{"href":"https:\/\/kollagen-inventia.de\/pt-pt\/wp-json\/wp\/v2\/product"}],"about":[{"href":"https:\/\/kollagen-inventia.de\/pt-pt\/wp-json\/wp\/v2\/types\/product"}],"replies":[{"embeddable":true,"href":"https:\/\/kollagen-inventia.de\/pt-pt\/wp-json\/wp\/v2\/comments?post=773"}],"wp:featuredmedia":[{"embeddable":true,"href":"https:\/\/kollagen-inventia.de\/pt-pt\/wp-json\/wp\/v2\/media\/62"}],"wp:attachment":[{"href":"https:\/\/kollagen-inventia.de\/pt-pt\/wp-json\/wp\/v2\/media?parent=773"}],"wp:term":[{"taxonomy":"product_brand","embeddable":true,"href":"https:\/\/kollagen-inventia.de\/pt-pt\/wp-json\/wp\/v2\/product_brand?post=773"},{"taxonomy":"product_cat","embeddable":true,"href":"https:\/\/kollagen-inventia.de\/pt-pt\/wp-json\/wp\/v2\/product_cat?post=773"},{"taxonomy":"product_tag","embeddable":true,"href":"https:\/\/kollagen-inventia.de\/pt-pt\/wp-json\/wp\/v2\/product_tag?post=773"}],"curies":[{"name":"wp","href":"https:\/\/api.w.org\/{rel}","templated":true}]}}