{"id":767,"date":"2018-02-25T12:45:07","date_gmt":"2018-02-25T12:45:07","guid":{"rendered":"https:\/\/kollagen-inventia.de\/produkt\/perfect-skin-natural-collagen-inventia-conjunto-de-regeneracao-5-pecas"},"modified":"2018-02-25T12:45:07","modified_gmt":"2018-02-25T12:45:07","slug":"perfect-skin-natural-collagen-inventia-conjunto-de-regeneracao-5-pecas","status":"publish","type":"product","link":"https:\/\/kollagen-inventia.de\/pt-pt\/produkt\/perfect-skin-natural-collagen-inventia-conjunto-de-regeneracao-5-pecas","title":{"rendered":"Perfect Skin Natural Collagen Inventia Conjunto de Regenera\u00e7\u00e3o 5 pe\u00e7as"},"content":{"rendered":"<p><strong>Natural Collagen Inventia Perfect Skin Conjunto de Regenera\u00e7\u00e3o,<\/strong> <strong>5 pe\u00e7as<\/strong><\/p>\n<p>Composto por:<\/p>\n<p><strong>-Colag\u00e9nio<\/strong> <strong>Cuidado de Dia 50 ml<\/strong><\/p>\n<p><strong>-Colag\u00e9nio Cuidado de Noite 50 ml<\/strong><\/p>\n<p><strong>-Colag\u00e9nio Facial 30 ml<\/strong><\/p>\n<p><strong>-T\u00f3nico Facial 125 ml<\/strong><\/p>\n<p><strong>-Leite de Limpeza Revitalizante 100 ml<\/strong><\/p>\n<p><strong>Armazenamento<\/strong><\/p>\n<p>Os cosm\u00e9ticos de colag\u00e9nio Natural Collagen Inventia devem ser armazenados a temperaturas entre 5 \u00b0C e 28 \u00b0C. Recomendamos que o produto seja guardado na embalagem original e, em temperaturas de ver\u00e3o mais elevadas, no frigor\u00edfico. \u00c9 essencial proteg\u00ea-lo da luz solar direta.  <\/p>\n<div align=\"center\">\n<script async=\"\" src=\"\/\/pagead2.googlesyndication.com\/pagead\/js\/adsbygoogle.js\"><\/script><br \/>\n<ins class=\"adsbygoogle\" style=\"display:block; text-align:center;\" data-ad-layout=\"in-article\" data-ad-format=\"fluid\" data-ad-client=\"ca-pub-6998664093247383\" data-ad-slot=\"1150623665\"><\/ins><br \/>\n<script>\n     (adsbygoogle = window.adsbygoogle || []).push({});\n<\/script>\n\t<\/div>\n","protected":false},"excerpt":{"rendered":"<p>Em pack promocional: Conjunto Perfect Skin da Natural Collagen Inventia<\/p>\n","protected":false},"featured_media":181,"comment_status":"open","ping_status":"closed","template":"","meta":[],"product_brand":[],"product_cat":[71,76],"product_tag":[72],"class_list":{"0":"post-767","1":"product","2":"type-product","3":"status-publish","4":"has-post-thumbnail","6":"product_cat-cuidados-de-rosto","7":"product_cat-ofertas","8":"product_tag-natural-collagen-inventia","10":"first","11":"instock","12":"sale","13":"taxable","14":"shipping-taxable","15":"purchasable","16":"product-type-simple"},"aioseo_notices":[],"_links":{"self":[{"href":"https:\/\/kollagen-inventia.de\/pt-pt\/wp-json\/wp\/v2\/product\/767","targetHints":{"allow":["GET"]}}],"collection":[{"href":"https:\/\/kollagen-inventia.de\/pt-pt\/wp-json\/wp\/v2\/product"}],"about":[{"href":"https:\/\/kollagen-inventia.de\/pt-pt\/wp-json\/wp\/v2\/types\/product"}],"replies":[{"embeddable":true,"href":"https:\/\/kollagen-inventia.de\/pt-pt\/wp-json\/wp\/v2\/comments?post=767"}],"wp:featuredmedia":[{"embeddable":true,"href":"https:\/\/kollagen-inventia.de\/pt-pt\/wp-json\/wp\/v2\/media\/181"}],"wp:attachment":[{"href":"https:\/\/kollagen-inventia.de\/pt-pt\/wp-json\/wp\/v2\/media?parent=767"}],"wp:term":[{"taxonomy":"product_brand","embeddable":true,"href":"https:\/\/kollagen-inventia.de\/pt-pt\/wp-json\/wp\/v2\/product_brand?post=767"},{"taxonomy":"product_cat","embeddable":true,"href":"https:\/\/kollagen-inventia.de\/pt-pt\/wp-json\/wp\/v2\/product_cat?post=767"},{"taxonomy":"product_tag","embeddable":true,"href":"https:\/\/kollagen-inventia.de\/pt-pt\/wp-json\/wp\/v2\/product_tag?post=767"}],"curies":[{"name":"wp","href":"https:\/\/api.w.org\/{rel}","templated":true}]}}