{"id":765,"date":"2018-02-16T12:13:27","date_gmt":"2018-02-16T12:13:27","guid":{"rendered":"https:\/\/kollagen-inventia.de\/produkt\/pack-economico-creme-de-dia-creme-de-noite-natural-collagen-inventia"},"modified":"2018-02-16T12:13:27","modified_gmt":"2018-02-16T12:13:27","slug":"pack-economico-creme-de-dia-creme-de-noite-natural-collagen-inventia","status":"publish","type":"product","link":"https:\/\/kollagen-inventia.de\/pt-pt\/produkt\/pack-economico-creme-de-dia-creme-de-noite-natural-collagen-inventia","title":{"rendered":"Pack Econ\u00f3mico: Creme de Dia + Creme de Noite Natural Collagen Inventia"},"content":{"rendered":"<h3>Creme de Dia Natural Collagen Inventia 50 ml<\/h3>\n<p><span id=\"ctl00_ContentPlaceHolder1_lblText\">Creme de dia anti-idade intensamente nutritivo da Natural Collagen Inventia com colag\u00e9nio natural. O creme antirrugas \u00e9 adequado para todos os tipos de pele, mas \u00e9 especialmente recomendado para pele cansada e seca. Cont\u00e9m colag\u00e9nio natural bioativo (colag\u00e9nio de peixe natural) e Matrixyl\u00ae 3000, que apresentam fortes propriedades antirrugas. Al\u00e9m disso, hidratam a pele e protegem-na da perda de hidrata\u00e7\u00e3o. A pele fica mais suave, a firmeza e elasticidade s\u00e3o melhoradas, e as rugas s\u00e3o suavizadas. A vitamina E, bem como os extratos de alo\u00e9 e noni, nutrem a pele, permitindo-lhe recuperar a sua cor natural, correta e saud\u00e1vel. D-Pantenol, Alanto\u00edna e extrato de Centella asiatica suavizam as irrita\u00e7\u00f5es cut\u00e2neas e previnem o aparecimento de inflama\u00e7\u00f5es, e o \u00f3leo de borragem e a sojadina ajudam a pele a manter a elasticidade, prevenindo a aspereza e a descama\u00e7\u00e3o. O preparado nutre, suaviza e hidrata intensamente a pele, deixando-a relaxada e cheia de brilho natural.       <\/span><\/p>\n<p><span id=\"ctl00_ContentPlaceHolder1_lblText\"><strong>EFEITOS<\/strong><\/span><\/p>\n<ul>\n<li><span id=\"ctl00_ContentPlaceHolder1_lblText\">Fortes propriedades antirrugas<\/span><\/li>\n<li><span id=\"ctl00_ContentPlaceHolder1_lblText\">Regenera e nutre de forma duradoura<\/span><\/li>\n<li><span id=\"ctl00_ContentPlaceHolder1_lblText\">Cuida, alivia irrita\u00e7\u00f5es<\/span><\/li>\n<li><span id=\"ctl00_ContentPlaceHolder1_lblText\">Hidrata, firma, suaviza<\/span><\/li>\n<\/ul>\n<hr>\n<h3>Creme de Noite Natural Collagen Inventia 50 ml<\/h3>\n<p><span id=\"ctl00_ContentPlaceHolder1_lblText\">Creme de noite anti-idade intensamente regenerador. Destinado a todos os tipos de pele e, sobretudo, a peles secas e stressadas que perderam a sua firmeza e frescura. A composi\u00e7\u00e3o \u00fanica do produto de cuidado assegura \u00e0 pele a nutri\u00e7\u00e3o e hidrata\u00e7\u00e3o adequadas. A tens\u00e3o, firmeza e elasticidade da pele melhoram. Gra\u00e7as ao teor de colag\u00e9nio e Matrixyl\u00ae 3000, o creme previne eficazmente o envelhecimento prematuro da pele, reduz rugas profundas e elimina as pequenas. O extrato de melissa tonifica a pele e regula a produ\u00e7\u00e3o de sebo. Al\u00e9m disso, a melissa e o D-Pantenol acalmam as irrita\u00e7\u00f5es e previnem o seu aparecimento. A pele fica suave como veludo, lisa e com um aspeto saud\u00e1vel e fresco.       <\/span><\/p>\n<p><span id=\"ctl00_ContentPlaceHolder1_lblText\"><strong>EFEITOS<\/strong><\/span><\/p>\n<ul>\n<li><span id=\"ctl00_ContentPlaceHolder1_lblText\">Regenera e nutre intensamente<\/span><\/li>\n<li><span id=\"ctl00_ContentPlaceHolder1_lblText\">Atua contra as rugas<\/span><\/li>\n<li><span id=\"ctl00_ContentPlaceHolder1_lblText\">Hidrata, confere elasticidade, firma<\/span><\/li>\n<li><span id=\"ctl00_ContentPlaceHolder1_lblText\">Confere suavidade aveludada<\/span><\/li>\n<\/ul>\n<div align=\"center\">\n<script async=\"\" src=\"\/\/pagead2.googlesyndication.com\/pagead\/js\/adsbygoogle.js\"><\/script><br \/>\n<ins class=\"adsbygoogle\" style=\"display:block; text-align:center;\" data-ad-layout=\"in-article\" data-ad-format=\"fluid\" data-ad-client=\"ca-pub-6998664093247383\" data-ad-slot=\"1150623665\"><\/ins><br \/>\n<script>\n     (adsbygoogle = window.adsbygoogle || []).push({});\n<\/script>\n\t<\/div>\n","protected":false},"excerpt":{"rendered":"<p>Em pack promocional: Creme de Dia e Noite antirrugas para o rosto da Natural Collagen Inventia<\/p>\n","protected":false},"featured_media":33,"comment_status":"open","ping_status":"closed","template":"","meta":[],"product_brand":[],"product_cat":[71,76],"product_tag":[72],"class_list":{"0":"post-765","1":"product","2":"type-product","3":"status-publish","4":"has-post-thumbnail","6":"product_cat-cuidados-de-rosto","7":"product_cat-ofertas","8":"product_tag-natural-collagen-inventia","10":"first","11":"instock","12":"sale","13":"taxable","14":"shipping-taxable","15":"purchasable","16":"product-type-simple"},"aioseo_notices":[],"_links":{"self":[{"href":"https:\/\/kollagen-inventia.de\/pt-pt\/wp-json\/wp\/v2\/product\/765","targetHints":{"allow":["GET"]}}],"collection":[{"href":"https:\/\/kollagen-inventia.de\/pt-pt\/wp-json\/wp\/v2\/product"}],"about":[{"href":"https:\/\/kollagen-inventia.de\/pt-pt\/wp-json\/wp\/v2\/types\/product"}],"replies":[{"embeddable":true,"href":"https:\/\/kollagen-inventia.de\/pt-pt\/wp-json\/wp\/v2\/comments?post=765"}],"wp:featuredmedia":[{"embeddable":true,"href":"https:\/\/kollagen-inventia.de\/pt-pt\/wp-json\/wp\/v2\/media\/33"}],"wp:attachment":[{"href":"https:\/\/kollagen-inventia.de\/pt-pt\/wp-json\/wp\/v2\/media?parent=765"}],"wp:term":[{"taxonomy":"product_brand","embeddable":true,"href":"https:\/\/kollagen-inventia.de\/pt-pt\/wp-json\/wp\/v2\/product_brand?post=765"},{"taxonomy":"product_cat","embeddable":true,"href":"https:\/\/kollagen-inventia.de\/pt-pt\/wp-json\/wp\/v2\/product_cat?post=765"},{"taxonomy":"product_tag","embeddable":true,"href":"https:\/\/kollagen-inventia.de\/pt-pt\/wp-json\/wp\/v2\/product_tag?post=765"}],"curies":[{"name":"wp","href":"https:\/\/api.w.org\/{rel}","templated":true}]}}