{"id":968,"date":"2018-02-16T10:48:05","date_gmt":"2018-02-16T10:48:05","guid":{"rendered":"https:\/\/kollagen-inventia.de\/condicoes-gerais"},"modified":"2018-02-16T10:48:05","modified_gmt":"2018-02-16T10:48:05","slug":"condicoes-gerais","status":"publish","type":"page","link":"https:\/\/kollagen-inventia.de\/pt-pt\/condicoes-gerais","title":{"rendered":"Condi\u00e7\u00f5es Gerais"},"content":{"rendered":"<h1>Condi\u00e7\u00f5es Gerais<\/h1>\n<div>\n<h1> <strong style=\"font-size: 16px;\">Condi\u00e7\u00f5es Gerais (CG)<\/strong><span style=\"font-size: 16px;\">:<\/span><\/h1>\n<div>\n<div id=\"sub_container2\">\n<div id=\"content_container\" class=\"content\">\n<p>\u00a7 1 \u00c2mbito de Aplica\u00e7\u00e3o e Objeto Social<br \/>\n\u00a7 2 Condi\u00e7\u00f5es de Utiliza\u00e7\u00e3o<br \/>\n\u00a7 3 Celebra\u00e7\u00e3o do Contrato; Direito de Resolu\u00e7\u00e3o<br \/>\n\u00a7 4 Execu\u00e7\u00e3o da Entrega; Prazos de Entrega; Transfer\u00eancia de Risco<br \/>\n\u00a7 5 Reserva de Propriedade<br \/>\n\u00a7 6 Resgate de Vales Promocionais<br \/>\n\u00a7 7 Pre\u00e7os e Custos de Envio<br \/>\n\u00a7 8 M\u00e9todos e Condi\u00e7\u00f5es de Pagamento<br \/>\n\u00a7 9 Mora no Pagamento<br \/>\n\u00a7 10 Defeitos<br \/>\n\u00a7 11 Responsabilidade<br \/>\n\u00a7 12 Disposi\u00e7\u00f5es Finais<\/p>\n<h2>\u00a7 1 \u00c2mbito de Aplica\u00e7\u00e3o e Objeto Social<\/h2>\n<ol>\n<li>anti-aging-collagen.de oferece diversos artigos de cosm\u00e9tica para compra.<\/li>\n<li>Estas Condi\u00e7\u00f5es Gerais aplicam-se a todas as nossas entregas e servi\u00e7os (doravante: \u201cEntregas\u201d) aos nossos clientes. Aplicam-se exclusivamente; n\u00e3o reconhecemos condi\u00e7\u00f5es do cliente que sejam contr\u00e1rias ou que difiram das nossas Condi\u00e7\u00f5es Gerais ou das disposi\u00e7\u00f5es legais, a menos que tenhamos expressamente concordado com a sua aplica\u00e7\u00e3o por escrito. <\/li>\n<\/ol>\n<h2>\u00a7 2 Condi\u00e7\u00f5es de Utiliza\u00e7\u00e3o<\/h2>\n<ol>\n<li>A condi\u00e7\u00e3o para a utiliza\u00e7\u00e3o das ofertas nos nossos dom\u00ednios anti-aging-collagen.de \u00e9 o registo adequado no endere\u00e7o de internet do respetivo dom\u00ednio e a ativa\u00e7\u00e3o de uma conta. Neste processo, o cliente \u00e9 respons\u00e1vel por fornecer informa\u00e7\u00f5es verdadeiras e completas. <\/li>\n<li>N\u00e3o somos obrigados a aceitar o registo ou a encomenda de um cliente registado. Da mesma forma, n\u00e3o somos obrigados a manter a nossa oferta permanentemente dispon\u00edvel. As encomendas j\u00e1 confirmadas n\u00e3o s\u00e3o afetadas por esta disposi\u00e7\u00e3o.  <\/li>\n<li>N\u00e3o oferecemos registo a menores ou a outras pessoas com capacidade jur\u00eddica limitada ou incapazes. Al\u00e9m disso, o registo \u00e9 apenas poss\u00edvel para pessoas singulares. <\/li>\n<li>O cliente \u00e9 obrigado a comunicar imediatamente todas as altera\u00e7\u00f5es \u00e0s informa\u00e7\u00f5es solicitadas no registo, na pr\u00f3xima utiliza\u00e7\u00e3o do respetivo dom\u00ednio.<\/li>\n<li>Se forem fornecidas informa\u00e7\u00f5es incompletas ou falsas no registo, ou se o cliente n\u00e3o comunicar as altera\u00e7\u00f5es, poderemos exclu\u00ed-lo da utiliza\u00e7\u00e3o dos nossos dom\u00ednios com efeito imediato.<\/li>\n<li>O cliente \u00e9 obrigado a tratar os seus dados de acesso pessoais de forma confidencial e a n\u00e3o os disponibilizar a terceiros n\u00e3o autorizados.<\/li>\n<\/ol>\n<h2>\u00a7 3 Celebra\u00e7\u00e3o do Contrato; Direito de Resolu\u00e7\u00e3o; Informa\u00e7\u00e3o sobre o Direito de Resolu\u00e7\u00e3o<\/h2>\n<div class=\"revocation\">\n<h3>Direito de Resolu\u00e7\u00e3o<\/h3>\n<p>Pode revogar a sua declara\u00e7\u00e3o contratual no prazo de 14 dias, sem necessidade de indicar um motivo, por escrito (por exemplo, carta, fax, e-mail) ou \u2013 se o bem lhe for entregue antes do fim do prazo \u2013 tamb\u00e9m atrav\u00e9s da devolu\u00e7\u00e3o do bem. O prazo come\u00e7a ap\u00f3s a rece\u00e7\u00e3o desta instru\u00e7\u00e3o por escrito, mas n\u00e3o antes da rece\u00e7\u00e3o da mercadoria pelo destinat\u00e1rio e tamb\u00e9m n\u00e3o antes do cumprimento das nossas obriga\u00e7\u00f5es de informa\u00e7\u00e3o, de acordo com o Artigo 246 \u00a7 2 em conjunto com o \u00a7 1, par\u00e1grafos 1 e 2 do EGBGB. Para salvaguardar o prazo de resolu\u00e7\u00e3o, basta o envio atempado da resolu\u00e7\u00e3o ou do bem. Os bens selados por motivos de higiene est\u00e3o exclu\u00eddos do direito de resolu\u00e7\u00e3o, assim que o selo de higiene for aberto ou removido.   <\/p>\n<p>A resolu\u00e7\u00e3o deve ser dirigida a:<\/p>\n<div>Inventia Deutschland<\/div>\n<div>Dr.Z.Jacob<br \/>\nFr\u00f6belstr.33<br \/>\n04463 Grosspoesna<br \/>\nE-mail: <a href=\"mailto:info@fashionette.de\">info@jungbleiben.eu<\/a><\/div>\n<div><\/div>\n<h3>Consequ\u00eancias da Resolu\u00e7\u00e3o<\/h3>\n<p>Em caso de resolu\u00e7\u00e3o eficaz, as presta\u00e7\u00f5es recebidas por ambas as partes devem ser restitu\u00eddas e, se aplic\u00e1vel, os benef\u00edcios obtidos (por exemplo, juros) devem ser entregues. Se n\u00e3o puder restituir ou entregar a presta\u00e7\u00e3o recebida e os benef\u00edcios (por exemplo, vantagens de uso), ou se o fizer apenas parcialmente ou em estado deteriorado, dever\u00e1 indemnizar-nos pelo valor correspondente. Pela deteriora\u00e7\u00e3o do bem e pelos benef\u00edcios obtidos, s\u00f3 ter\u00e1 de pagar uma indemniza\u00e7\u00e3o se a utiliza\u00e7\u00e3o ou a deteriora\u00e7\u00e3o for devida a um manuseamento do bem que exceda a verifica\u00e7\u00e3o das suas caracter\u00edsticas e funcionamento. Por \u201cverifica\u00e7\u00e3o das caracter\u00edsticas e funcionamento\u201d entende-se o teste e a experimenta\u00e7\u00e3o do respetivo bem, tal como \u00e9 poss\u00edvel e habitual numa loja.   <\/p>\n<p>Os bens pass\u00edveis de envio por encomenda postal devem ser devolvidos por nossa conta e risco. O cliente suportar\u00e1 os custos regulares da devolu\u00e7\u00e3o, se a mercadoria entregue corresponder \u00e0 encomendada. <\/p>\n<p>As obriga\u00e7\u00f5es de reembolso de pagamentos devem ser cumpridas no prazo de 30 dias. O prazo come\u00e7a para o cliente com o envio da sua declara\u00e7\u00e3o de resolu\u00e7\u00e3o ou do bem, e para n\u00f3s com a sua rece\u00e7\u00e3o. <\/p>\n<\/div>\n<h3>Fim da Informa\u00e7\u00e3o sobre o Direito de Resolu\u00e7\u00e3o<\/h3>\n<ol>\n<li>A apresenta\u00e7\u00e3o dos bens nos nossos dom\u00ednios n\u00e3o constitui uma oferta vinculativa do fornecedor para a celebra\u00e7\u00e3o de um contrato. As nossas ofertas s\u00e3o n\u00e3o vinculativas e sem compromisso. Um contrato \u00e9 celebrado atrav\u00e9s da sua encomenda e da nossa aceita\u00e7\u00e3o. Uma encomenda vinculativa para os bens contidos no carrinho de compras \u00e9 efetuada atrav\u00e9s da transmiss\u00e3o eletr\u00f3nica do formul\u00e1rio de encomenda online preenchido na loja online.   <\/li>\n<li>Confirmamos a rece\u00e7\u00e3o da encomenda atrav\u00e9s do envio de um e-mail de confirma\u00e7\u00e3o. Esta confirma\u00e7\u00e3o de encomenda ainda n\u00e3o constitui a aceita\u00e7\u00e3o da proposta de contrato por n\u00f3s. Serve apenas para informar o cliente de que a encomenda foi recebida. A declara\u00e7\u00e3o de aceita\u00e7\u00e3o da proposta de contrato ocorre atrav\u00e9s de uma declara\u00e7\u00e3o de aceita\u00e7\u00e3o expressa, mas o mais tardar com a entrega da mercadoria encomendada. O cliente est\u00e1 \u2013 independentemente do direito de resolu\u00e7\u00e3o existente para encomendas como consumidor \u2013 vinculado \u00e0 sua encomenda por duas semanas.    <\/li>\n<li>N\u00e3o somos obrigados a aceitar encomendas online. A decis\u00e3o sobre isso fica ao nosso crit\u00e9rio. Em princ\u00edpio, a entrega de artigos \u00e9 feita apenas em quantidades habituais para uso dom\u00e9stico.  <\/li>\n<li>O texto do contrato n\u00e3o \u00e9 armazenado por n\u00f3s para encomendas online. Pode guard\u00e1-lo, por exemplo, atrav\u00e9s da fun\u00e7\u00e3o de impress\u00e3o do seu navegador, por captura de ecr\u00e3 ou convertendo o texto do contrato para um formato PDF. Os dados de registo e encomenda (artigos, quantidades, pre\u00e7os, m\u00e9todo de pagamento, endere\u00e7o de fatura\u00e7\u00e3o e entrega, momento da encomenda) s\u00e3o armazenados na sua conta de cliente pessoal (&#8220;A Minha Conta&#8221;). Atrav\u00e9s dos seus dados de login, tem acesso \u00e0 sua conta de cliente a qualquer momento e, assim, a possibilidade de imprimir encomendas com todos os dados inseridos. Relativamente ao tratamento de todos os dados do cliente, consulte as pol\u00edticas de privacidade separadas.    <\/li>\n<\/ol>\n<h3>Informa\u00e7\u00e3o sobre o Direito de Resolu\u00e7\u00e3o:<\/h3>\n<ol>\n<li>O seu direito legal de resolu\u00e7\u00e3o (cf. \u00a7 3.4) n\u00e3o \u00e9 afetado pelo cumprimento da nossa regulamenta\u00e7\u00e3o sobre o direito de devolu\u00e7\u00e3o contratual adicional e voluntariamente concedido, e permanece inalterado. At\u00e9 ao fim do prazo para o direito legal de resolu\u00e7\u00e3o, aplicam-se exclusivamente as condi\u00e7\u00f5es legais a\u00ed indicadas. O direito de devolu\u00e7\u00e3o contratual voluntariamente concedido n\u00e3o restringe, al\u00e9m disso, os seus direitos legais de garantia.  <\/li>\n<\/ol>\n<h2>\u00a7 4 Execu\u00e7\u00e3o da Entrega; Prazos de Entrega; Transfer\u00eancia de Risco<\/h2>\n<ol>\n<li>A entrega da mercadoria \u00e9 efetuada por anti-aging-collagen ou por um parceiro de envio por n\u00f3s contratado.<\/li>\n<li>Os prazos de entrega que n\u00e3o foram expressamente indicados como vinculativos s\u00e3o exclusivamente informa\u00e7\u00f5es n\u00e3o vinculativas.<\/li>\n<li>O in\u00edcio do prazo de entrega pressup\u00f5e o esclarecimento de todas as quest\u00f5es e, em caso de pagamento antecipado, a rece\u00e7\u00e3o atempada dos pagamentos antecipados acordados. Se ocorrer um atraso devido \u00e0 extens\u00e3o do \u00e2mbito da entrega, podemos indicar uma nova data de entrega, justificando-o. <\/li>\n<li>Se tivermos adquirido a mercadoria a um fornecedor (celebra\u00e7\u00e3o de um neg\u00f3cio de cobertura congruente) e formos abandonados pelo nosso fornecedor, podemos, na medida em que n\u00e3o sejamos respons\u00e1veis por um impedimento de desempenho resultante, rescindir o contrato.<\/li>\n<li>Pode, sem preju\u00edzo de outras condi\u00e7\u00f5es legais, rescindir o contrato devido a atraso na entrega apenas se formos respons\u00e1veis por esse atraso.<\/li>\n<li>Em caso de for\u00e7a maior e outros eventos imprevis\u00edveis, extraordin\u00e1rios e n\u00e3o imput\u00e1veis \u2013 por exemplo, dificuldades na aquisi\u00e7\u00e3o de materiais e interrup\u00e7\u00f5es operacionais de dura\u00e7\u00e3o n\u00e3o meramente tempor\u00e1ria, greve, bloqueio, falta de meios de transporte, interven\u00e7\u00f5es oficiais, dificuldades no fornecimento de energia, etc., mesmo que ocorram em fornecedores anteriores \u2013 o prazo de entrega ser\u00e1 prolongado de forma razo\u00e1vel, se formos impedidos de cumprir a nossa obriga\u00e7\u00e3o atempadamente. Se, devido \u00e0s circunst\u00e2ncias mencionadas, a entrega se tornar imposs\u00edvel ou excessivamente onerosa, podemos rescindir o contrato. O mesmo direito assiste ao cliente, se n\u00e3o for razo\u00e1vel exigir-lhe a manuten\u00e7\u00e3o do contrato. No entanto, s\u00f3 invocaremos as circunst\u00e2ncias mencionadas se o cliente tiver sido notificado imediatamente.<\/li>\n<li>Temos o direito de efetuar entregas parciais, desde que seja razo\u00e1vel para o cliente.<\/li>\n<li>O risco de perda acidental e de deteriora\u00e7\u00e3o acidental da mercadoria passa para o cliente com a entrega da mercadoria. A entrega \u00e9 equiparada \u00e0 situa\u00e7\u00e3o em que o cliente est\u00e1 em mora de aceita\u00e7\u00e3o. Se o cliente entrar em mora de aceita\u00e7\u00e3o, temos o direito de exigir uma indemniza\u00e7\u00e3o pelos danos resultantes, desde que o cliente seja respons\u00e1vel pela mora de aceita\u00e7\u00e3o.  <\/li>\n<\/ol>\n<h2>\u00a7 5 Reserva de Propriedade<\/h2>\n<ol>\n<li>At\u00e9 ao pagamento integral do pre\u00e7o de compra ou at\u00e9 ao pagamento da \u00faltima presta\u00e7\u00e3o do pre\u00e7o de compra, a mercadoria permanece propriedade do titular do cr\u00e9dito. Condicionado suspensivamente pelo pagamento integral do pre\u00e7o de compra ou da \u00faltima presta\u00e7\u00e3o do pre\u00e7o de compra, a propriedade da mercadoria \u00e9 automaticamente transferida para o cliente. At\u00e9 ent\u00e3o, o cliente tem um direito expectante \u00e0 transfer\u00eancia da propriedade.  <\/li>\n<li>Antes da transfer\u00eancia da propriedade, n\u00e3o \u00e9 permitida a penhora, a transfer\u00eancia de propriedade para garantia, a altera\u00e7\u00e3o ou qualquer outra disposi\u00e7\u00e3o que ponha em risco a propriedade reservada, sem o consentimento do propriet\u00e1rio. Se um artigo for penhorado ou apreendido, o cliente deve notificar imediatamente por escrito. Al\u00e9m disso, o cliente \u00e9 obrigado a informar o terceiro de que os artigos em quest\u00e3o s\u00e3o propriedade de anti-aging-collagen ou do titular do cr\u00e9dito.  <\/li>\n<\/ol>\n<h2>\u00a7 6 Resgate de Vales Promocionais<\/h2>\n<ol>\n<li>Os vales promocionais s\u00e3o emitidos voluntariamente por n\u00f3s no \u00e2mbito de campanhas publicit\u00e1rias e n\u00e3o podem ser adquiridos pelo cliente. Os vales promocionais s\u00f3 podem ser resgatados uma vez no \u00e2mbito de um processo de encomenda na nossa loja online. V\u00e1rios vales promocionais n\u00e3o podem ser combinados entre si.  <\/li>\n<li>Os vales promocionais s\u00e3o v\u00e1lidos exclusivamente de acordo com as condi\u00e7\u00f5es indicadas no respetivo vale (valor do vale, \u00e2mbito da promo\u00e7\u00e3o, per\u00edodo de validade, transferibilidade, etc.). Algumas marcas podem ser exclu\u00eddas da promo\u00e7\u00e3o do vale. <\/li>\n<li>Para o resgate do vale promocional, o valor da mercadoria deve ser pelo menos igual ao valor do vale promocional. Os vales promocionais s\u00f3 podem ser resgatados pelo cliente antes da conclus\u00e3o do processo de encomenda. N\u00e3o \u00e9 poss\u00edvel um acerto posterior, cr\u00e9dito, pagamento em dinheiro, pagamento de troco ou juros.  <\/li>\n<li>Se o saldo do vale promocional n\u00e3o for suficiente para a encomenda, a diferen\u00e7a pode ser paga atrav\u00e9s dos m\u00e9todos de pagamento que oferecemos (ver \u00a7 9).<\/li>\n<li>Se a mercadoria encomendada for devolvida total ou parcialmente pelo cliente, n\u00e3o haver\u00e1 reembolso do valor do vale, a menos que n\u00e3o tenha sido prestada qualquer contrapartida.<\/li>\n<\/ol>\n<h2>\u00a7 7 Pre\u00e7os e Custos de Envio<\/h2>\n<p>Aplicam-se os pre\u00e7os indicados na oferta no momento da encomenda. Salvo indica\u00e7\u00e3o em contr\u00e1rio no acordo de pre\u00e7os, os nossos pre\u00e7os s\u00e3o &#8220;\u00e0 sa\u00edda da f\u00e1brica&#8221;, excluindo os custos de envio. Os custos de envio s\u00e3o indicados separadamente. Os nossos pre\u00e7os incluem o imposto sobre o valor acrescentado v\u00e1lido no momento da fatura\u00e7\u00e3o. Os custos de envio s\u00e3o devidos juntamente com o pre\u00e7o de compra ou a primeira presta\u00e7\u00e3o do pre\u00e7o de compra.    <\/p>\n<h2>\u00a7 9 M\u00e9todos e Condi\u00e7\u00f5es de Pagamento<\/h2>\n<ol>\n<li>Em princ\u00edpio, oferecemos a possibilidade de compra imediata. Est\u00e3o dispon\u00edveis como m\u00e9todos de pagamento o pagamento por transfer\u00eancia banc\u00e1ria. Reservamo-nos o direito de, em cada encomenda, n\u00e3o oferecer determinados m\u00e9todos de pagamento e de remeter para outros m\u00e9todos de pagamento. O envio \u00e9 efetuado ap\u00f3s a rece\u00e7\u00e3o do pagamento.   <\/li>\n<li>Os direitos de compensa\u00e7\u00e3o e reten\u00e7\u00e3o apenas lhe assistem se as suas contra-reivindica\u00e7\u00f5es forem legalmente estabelecidas, incontestadas ou reconhecidas por n\u00f3s. Al\u00e9m disso, tamb\u00e9m lhe assiste um direito de reten\u00e7\u00e3o, desde que a sua contra-reivindica\u00e7\u00e3o se baseie na mesma rela\u00e7\u00e3o contratual e esteja numa rela\u00e7\u00e3o razo\u00e1vel com a nossa reivindica\u00e7\u00e3o. <\/li>\n<\/ol>\n<p>\u00a7 10 Defeitos<\/p>\n<ol>\n<li>Se a mercadoria apresentar um defeito no momento da transfer\u00eancia do risco, efetuaremos a repara\u00e7\u00e3o ou a substitui\u00e7\u00e3o, \u00e0 nossa escolha.<\/li>\n<li>O local de cumprimento da repara\u00e7\u00e3o \u00e9 a sede de anti-aging-collagen. A anti-aging-collagen n\u00e3o \u00e9 obrigada a reembolsar os custos de transporte que o cliente tenha incorrido como despesas para efeitos de repara\u00e7\u00e3o, na medida em que as despesas aumentem porque a mercadoria foi posteriormente transportada para um local diferente do local de rece\u00e7\u00e3o. <\/li>\n<li>Em caso de falha da repara\u00e7\u00e3o, o cliente tem o direito, \u00e0 sua escolha e sob as condi\u00e7\u00f5es legais, de reduzir o pre\u00e7o ou de rescindir o contrato. Para pedidos de indemniza\u00e7\u00e3o por defeitos, aplica-se o \u00a7 11 seguinte. Outros pedidos do cliente est\u00e3o exclu\u00eddos.<\/li>\n<li>A repara\u00e7\u00e3o ou substitui\u00e7\u00e3o s\u00e3o, em princ\u00edpio, efetuadas por anti-aging-collagen por cortesia e sem reconhecimento de uma obriga\u00e7\u00e3o legal. Um reconhecimento com a consequ\u00eancia de um novo in\u00edcio do prazo de prescri\u00e7\u00e3o s\u00f3 existe se anti-aging-collagen o declarar expressamente ao cliente. Com exce\u00e7\u00e3o de um reconhecimento expressamente declarado, n\u00e3o se inicia uma nova prescri\u00e7\u00e3o com a repara\u00e7\u00e3o ou substitui\u00e7\u00e3o. N\u00e3o est\u00e1 associada a esta disposi\u00e7\u00e3o uma derroga\u00e7\u00e3o dos direitos legais de defeito.   <\/li>\n<li>Com quaisquer acordos de qualidade da mercadoria, a anti-aging-collagen n\u00e3o assume qualquer garantia ou outro risco de qualidade no sentido da lei.<\/li>\n<li>N\u00e3o existem direitos por defeitos devido a danos que surjam ap\u00f3s a transfer\u00eancia do risco devido a tratamento inadequado ou negligente, uso excessivo ou impr\u00f3prio ou desgaste natural da mercadoria, desde que estes n\u00e3o tenham sido causados por anti-aging-collagen.<\/li>\n<\/ol>\n<h2>\u00a7 11 Responsabilidade<\/h2>\n<ol>\n<li>N\u00e3o somos respons\u00e1veis por indemniza\u00e7\u00f5es por danos e despesas, seja qual for o fundamento jur\u00eddico, em particular n\u00e3o por indemniza\u00e7\u00f5es por danos devido a defeitos, outras viola\u00e7\u00f5es de deveres ou por ato il\u00edcito. Excluem-se os danos resultantes da viola\u00e7\u00e3o da vida, do corpo ou da sa\u00fade, pelos quais somos respons\u00e1veis, e outros danos que se baseiem numa viola\u00e7\u00e3o intencional ou por neglig\u00eancia grosseira de um dever por n\u00f3s ou numa garantia por n\u00f3s declarada. Excluem-se tamb\u00e9m os danos pelos quais somos respons\u00e1veis de acordo com a Lei de Responsabilidade pelo Produto, ou que se baseiem numa viola\u00e7\u00e3o culposa de obriga\u00e7\u00f5es contratuais essenciais. As obriga\u00e7\u00f5es contratuais essenciais s\u00e3o, em particular, aquelas cujo cumprimento permite a execu\u00e7\u00e3o adequada do contrato e em cuja observ\u00e2ncia o cliente confia e pode confiar regularmente. A nossa responsabilidade por viola\u00e7\u00e3o de obriga\u00e7\u00f5es contratuais essenciais, no entanto, limita-se ao dano previs\u00edvel e tipicamente ocorrido, a menos que sejamos respons\u00e1veis por dolo ou neglig\u00eancia grosseira, viola\u00e7\u00e3o da vida, do corpo ou da sa\u00fade ou de acordo com a Lei de Responsabilidade pelo Produto.    <\/li>\n<li>A comunica\u00e7\u00e3o de dados atrav\u00e9s da Internet n\u00e3o pode ser garantida sem erros e\/ou dispon\u00edvel a qualquer momento, de acordo com o estado atual da t\u00e9cnica. A anti-aging-collagen n\u00e3o \u00e9, portanto, respons\u00e1vel pela disponibilidade constante e ininterrupta da loja online, nem por erros t\u00e9cnicos e eletr\u00f3nicos durante um processo de encomenda sobre os quais a anti-aging-collagen n\u00e3o tem influ\u00eancia. Se forem criados links para outros websites ou fontes, a anti-aging-collagen n\u00e3o \u00e9 respons\u00e1vel pela disponibilidade de tais sites ou fontes externas. A anti-aging-collagen n\u00e3o se apropria de conte\u00fados acess\u00edveis em tais websites ou fontes e exclui qualquer responsabilidade ou garantia em rela\u00e7\u00e3o a estes, a menos que, em casos individuais, exista conhecimento positivo da ilegalidade dos conte\u00fados.   <\/li>\n<li>A viola\u00e7\u00e3o de deveres dos nossos representantes legais ou dos nossos auxiliares de execu\u00e7\u00e3o \u00e9 equiparada a uma viola\u00e7\u00e3o de deveres por n\u00f3s. Na medida em que a nossa responsabilidade seja exclu\u00edda ou limitada de acordo com o \u00a7 11.1 e \u00a7 11.2, isso tamb\u00e9m se aplica \u00e0 responsabilidade pessoal dos nossos representantes legais e auxiliares de execu\u00e7\u00e3o. <\/li>\n<li>As disposi\u00e7\u00f5es anteriores n\u00e3o implicam uma altera\u00e7\u00e3o do \u00f3nus da prova.<\/li>\n<\/ol>\n<h2>\u00a7 12<\/h2>\n<ol>\n<li>O contrato est\u00e1 sujeito \u00e0 lei alem\u00e3, com exclus\u00e3o da Conven\u00e7\u00e3o das Na\u00e7\u00f5es Unidas sobre Contratos de Compra e Venda Internacional de Mercadorias (CISG).<\/li>\n<li>Se o cliente, ap\u00f3s a celebra\u00e7\u00e3o do contrato, transferir a sua resid\u00eancia ou domic\u00edlio habitual para o estrangeiro, ou se a sua resid\u00eancia ou domic\u00edlio habitual for desconhecido no momento da reivindica\u00e7\u00e3o judicial dos nossos direitos, o nosso local de neg\u00f3cio \u00e9 o foro competente.<\/li>\n<li>Salvo disposi\u00e7\u00e3o em contr\u00e1rio no contrato, o nosso local de neg\u00f3cio \u00e9 o local de cumprimento.<\/li>\n<li>Se disposi\u00e7\u00f5es individuais forem ou se tornarem ineficazes, a validade das restantes disposi\u00e7\u00f5es n\u00e3o ser\u00e1 afetada.<\/li>\n<\/ol>\n<\/div>\n<\/div>\n<\/div>\n<\/div>\n","protected":false},"excerpt":{"rendered":"<p>Condi\u00e7\u00f5es Gerais Condi\u00e7\u00f5es Gerais (CG): \u00a7 1 \u00c2mbito de Aplica\u00e7\u00e3o e Objeto Social \u00a7 2 Condi\u00e7\u00f5es de Utiliza\u00e7\u00e3o \u00a7 3 Celebra\u00e7\u00e3o do Contrato; Direito de Resolu\u00e7\u00e3o \u00a7 4 Execu\u00e7\u00e3o da Entrega; Prazos de Entrega; Transfer\u00eancia de Risco \u00a7 5 Reserva de Propriedade \u00a7 6 Resgate de Vales Promocionais \u00a7 7 Pre\u00e7os e Custos de Envio [&hellip;]<\/p>\n","protected":false},"author":1,"featured_media":0,"parent":0,"menu_order":0,"comment_status":"closed","ping_status":"closed","template":"","meta":{"footnotes":""},"class_list":["post-968","page","type-page","status-publish","hentry"],"aioseo_notices":[],"_links":{"self":[{"href":"https:\/\/kollagen-inventia.de\/pt-pt\/wp-json\/wp\/v2\/pages\/968","targetHints":{"allow":["GET"]}}],"collection":[{"href":"https:\/\/kollagen-inventia.de\/pt-pt\/wp-json\/wp\/v2\/pages"}],"about":[{"href":"https:\/\/kollagen-inventia.de\/pt-pt\/wp-json\/wp\/v2\/types\/page"}],"author":[{"embeddable":true,"href":"https:\/\/kollagen-inventia.de\/pt-pt\/wp-json\/wp\/v2\/users\/1"}],"replies":[{"embeddable":true,"href":"https:\/\/kollagen-inventia.de\/pt-pt\/wp-json\/wp\/v2\/comments?post=968"}],"version-history":[{"count":0,"href":"https:\/\/kollagen-inventia.de\/pt-pt\/wp-json\/wp\/v2\/pages\/968\/revisions"}],"wp:attachment":[{"href":"https:\/\/kollagen-inventia.de\/pt-pt\/wp-json\/wp\/v2\/media?parent=968"}],"curies":[{"name":"wp","href":"https:\/\/api.w.org\/{rel}","templated":true}]}}