{"id":859,"date":"2018-02-16T12:46:33","date_gmt":"2018-02-16T12:46:33","guid":{"rendered":"https:\/\/kollagen-inventia.de\/sobre-a-inventia"},"modified":"2018-02-16T12:46:33","modified_gmt":"2018-02-16T12:46:33","slug":"sobre-a-inventia","status":"publish","type":"page","link":"https:\/\/kollagen-inventia.de\/pt-pt\/sobre-a-inventia","title":{"rendered":"sobre a Inventia"},"content":{"rendered":"<h2>Informa\u00e7\u00f5es sobre a Inventia Polish Technologies Sp. z o.o.<\/h2>\n<div>A miss\u00e3o da Inventia \u00e9 produzir cosm\u00e9ticos e suplementos alimentares de alta qualidade e seguros para a sa\u00fade, baseados em <a href=\"https:\/\/kollagen-inventia.de\/pt-pt\/loja\" data-link-type=\"tree\" data-type=\"linkpicker\">colag\u00e9nio de peixe<\/a> natural, em plena harmonia com o ambiente. Esta miss\u00e3o \u00e9 alcan\u00e7ada atrav\u00e9s dos esfor\u00e7os di\u00e1rios para a satisfa\u00e7\u00e3o dos clientes, da forma\u00e7\u00e3o cont\u00ednua dos colaboradores e do estabelecimento de rela\u00e7\u00f5es de amizade com os parceiros de neg\u00f3cio.<\/div>\n<p>Inventia Polish Technologies Sp. A z o.o. dedica-se \u00e0 produ\u00e7\u00e3o de colag\u00e9nio natural de peixe, <strong>cosm\u00e9ticos inovadores e suplementos alimentares<\/strong> de alta qualidade.<\/p>\n<p>A elevada qualidade dos produtos \u00e9 alcan\u00e7ada atrav\u00e9s da implementa\u00e7\u00e3o e melhoria cont\u00ednua do Sistema de Gest\u00e3o Integrado, do estabelecimento de uma estrutura organizacional adequada, do planeamento anual e monitoriza\u00e7\u00e3o dos objetivos para o ano em curso, do cumprimento dos requisitos legais em vigor, bem como do estrito cumprimento dos requisitos das seguintes normas:<\/p>\n<ul>\n<li>PN-EN ISO 9001:2009 \u201cSistemas de gest\u00e3o da qualidade. Requisitos\u201d.<\/li>\n<li>PN-EN ISO 22000:2006 \u201cSistemas de gest\u00e3o da seguran\u00e7a alimentar. Requisitos para qualquer organiza\u00e7\u00e3o na cadeia alimentar.\u201d<\/li>\n<li>PN-EN ISO 22716:2009 \u201cCosm\u00e9ticos. Boas Pr\u00e1ticas de Fabrico (BPF). Guia sobre Boas Pr\u00e1ticas de Fabrico.\u201d<\/li>\n<\/ul>\n<p>&nbsp;<\/p>\n<p>Inventia Polish Technologies Sp. z o.o. foi fundada no ano de 2003. O primeiro produto desenvolvido pela empresa foi o <a href=\"https:\/\/kollagen-inventia.de\/pt-pt\/produkt\/natural-collagen-inventia-face-gel-30-ml-serum-anti-idade\" data-link-type=\"external\" data-type=\"linkpicker\">Natural Collagen Inventia\u00ae<\/a>. Posteriormente, a oferta da empresa foi complementada com outros cosm\u00e9ticos de alta qualidade baseados em colag\u00e9nio natural nativo.<\/p>\n<p><a href=\"https:\/\/kollagen-inventia.de\/pt-pt\/para-saloes-de-cosmetica-e-beleza\" data-link-type=\"tree\" data-type=\"linkpicker\">Produtos cosm\u00e9ticos Natural Collagen Inventia na Alemanha<\/a><\/p>\n<figure id=\"attachment_287\" aria-describedby=\"caption-attachment-287\" style=\"width: 648px\" class=\"wp-caption aligncenter\"><img loading=\"lazy\" decoding=\"async\" class=\"size-full wp-image-287\" src=\"https:\/\/kollagen-inventia.de\/wp-content\/uploads\/2018\/03\/ISO_Zertifikat_Inventia.jpg\" alt=\"Certificado ISO Inventia\" width=\"648\" height=\"298\" srcset=\"https:\/\/kollagen-inventia.de\/wp-content\/uploads\/2018\/03\/ISO_Zertifikat_Inventia.jpg 648w, https:\/\/kollagen-inventia.de\/wp-content\/uploads\/2018\/03\/ISO_Zertifikat_Inventia-300x138.jpg 300w, https:\/\/kollagen-inventia.de\/wp-content\/uploads\/2018\/03\/ISO_Zertifikat_Inventia-600x276.jpg 600w\" sizes=\"auto, (max-width: 648px) 100vw, 648px\" \/><figcaption id=\"caption-attachment-287\" class=\"wp-caption-text\">Certificado ISO Inventia<\/figcaption><\/figure>\n<p>&nbsp;<\/p>\n<p>&nbsp;<br \/>\n<!--noadsense--><\/p>\n","protected":false},"excerpt":{"rendered":"<p>Informa\u00e7\u00f5es sobre a Inventia Polish Technologies Sp. z o.o. A miss\u00e3o da Inventia \u00e9 produzir cosm\u00e9ticos e suplementos alimentares de alta qualidade e seguros para a sa\u00fade, baseados em colag\u00e9nio de peixe natural, em plena harmonia com o ambiente. Esta miss\u00e3o \u00e9 alcan\u00e7ada atrav\u00e9s dos esfor\u00e7os di\u00e1rios para a satisfa\u00e7\u00e3o dos clientes, da forma\u00e7\u00e3o cont\u00ednua [&hellip;]<\/p>\n","protected":false},"author":1,"featured_media":842,"parent":0,"menu_order":0,"comment_status":"closed","ping_status":"closed","template":"","meta":{"footnotes":""},"class_list":["post-859","page","type-page","status-publish","has-post-thumbnail","hentry"],"aioseo_notices":[],"_links":{"self":[{"href":"https:\/\/kollagen-inventia.de\/pt-pt\/wp-json\/wp\/v2\/pages\/859","targetHints":{"allow":["GET"]}}],"collection":[{"href":"https:\/\/kollagen-inventia.de\/pt-pt\/wp-json\/wp\/v2\/pages"}],"about":[{"href":"https:\/\/kollagen-inventia.de\/pt-pt\/wp-json\/wp\/v2\/types\/page"}],"author":[{"embeddable":true,"href":"https:\/\/kollagen-inventia.de\/pt-pt\/wp-json\/wp\/v2\/users\/1"}],"replies":[{"embeddable":true,"href":"https:\/\/kollagen-inventia.de\/pt-pt\/wp-json\/wp\/v2\/comments?post=859"}],"version-history":[{"count":0,"href":"https:\/\/kollagen-inventia.de\/pt-pt\/wp-json\/wp\/v2\/pages\/859\/revisions"}],"wp:featuredmedia":[{"embeddable":true,"href":"https:\/\/kollagen-inventia.de\/pt-pt\/wp-json\/wp\/v2\/media\/842"}],"wp:attachment":[{"href":"https:\/\/kollagen-inventia.de\/pt-pt\/wp-json\/wp\/v2\/media?parent=859"}],"curies":[{"name":"wp","href":"https:\/\/api.w.org\/{rel}","templated":true}]}}