{"id":845,"date":"2018-02-18T10:08:22","date_gmt":"2018-02-18T10:08:22","guid":{"rendered":"https:\/\/kollagen-inventia.de\/exemplos-de-aplicacao"},"modified":"2018-02-18T10:08:22","modified_gmt":"2018-02-18T10:08:22","slug":"exemplos-de-aplicacao","status":"publish","type":"page","link":"https:\/\/kollagen-inventia.de\/pt-pt\/exemplos-de-aplicacao","title":{"rendered":"Exemplos de aplica\u00e7\u00e3o"},"content":{"rendered":"<h2><strong>Exemplos de tratamento e m\u00e9todos de tratamento com Cosm\u00e9tica Natural Collagen Inventia\u00ae<\/strong><\/h2>\n<hr>\n<h3><u>Tratamento de celulite Kuma Shape<\/u><\/h3>\n<p>Este m\u00e9todo de tratamento melhora o estado da pele, reduz a celulite e modela o corpo.<\/p>\n<p>Dura\u00e7\u00e3o do tratamento: 1,5 &#8211; 2 h<\/p>\n<p>Os tratamentos s\u00e3o realizados em s\u00e9ries de 10 tratamentos. Recomendam-se 1 &#8211; 2 tratamentos por semana. <\/p>\n<p><strong>Passo 1.<\/strong> Com <a href=\"https:\/\/anti-aging-collagen.de\/epages\/39508a79-18ea-40d7-9fc3-afca5ad8e52e.sf\/de_DE\/?ObjectPath=\/Shops\/39508a79-18ea-40d7-9fc3-afca5ad8e52e\/Products\/5906681485349\" data-link-type=\"tree\" data-type=\"linkpicker\">COLLAGEN PEELING CREAM<\/a> realizamos uma esfolia\u00e7\u00e3o de corpo inteiro.<\/p>\n<p><strong>Passo 2.<\/strong>  A cliente remove a esfolia\u00e7\u00e3o no duche.<\/p>\n<p><strong>Passo 3.<\/strong>  Com o aparelho KUMA SHAPE realizamos o tratamento de tonifica\u00e7\u00e3o dos tecidos (trata-se de uma massagem profunda, enriquecida com ondas de radiofrequ\u00eancia e luz infravermelha).<\/p>\n<p><strong>Passo 4.<\/strong>  Sobre a pele aquecida pela massagem aplicamos Natural Collagen Inventia\u00ae BODY.<\/p>\n<p><strong>Passo 5.<\/strong> De seguida, massajamos <a href=\"https:\/\/anti-aging-collagen.de\/epages\/39508a79-18ea-40d7-9fc3-afca5ad8e52e.sf\/de_DE\/?ObjectPath=\/Shops\/39508a79-18ea-40d7-9fc3-afca5ad8e52e\/Products\/5906681485417\" data-link-type=\"tree\" data-type=\"linkpicker\">DYNAMIC BODY SLIMMING SERUM<\/a> no corpo.<\/p>\n<p><strong>Passo 6.<\/strong>  A cliente \u00e9 envolvida em pel\u00edcula, coberta com um cobertor, e deixamos os produtos atuar durante 20 minutos.<\/p>\n<p><strong>Passo 7.<\/strong>  Para finalizar o tratamento, massajamos no corpo o DYNAMIC BODY SLIMMING SERUM n\u00e3o absorvido.<\/p>\n<p><img decoding=\"async\" src=\"https:\/\/anti-aging-collagen.de\/WebRoot\/Store26\/Shops\/39508a79-18ea-40d7-9fc3-afca5ad8e52e\/MediaGallery\/Behandlung_KumaShape.jpg\" alt=\"Tratamento_KumaShape\"><img decoding=\"async\" src=\"https:\/\/anti-aging-collagen.de\/WebRoot\/Store26\/Shops\/39508a79-18ea-40d7-9fc3-afca5ad8e52e\/MediaGallery\/Behandlung_KumaShape2.jpg\" alt=\"Tratamento_KumaShape2\"><\/p>\n<hr>\n<h3><u>Tratamento antirrugas<\/u><\/h3>\n<p>O objetivo deste tratamento \u00e9 revitalizar a pele, alisar as rugas e tonificar os contornos faciais.<\/p>\n<p>Dura\u00e7\u00e3o do tratamento: aprox. 1,5 h<\/p>\n<p>Recomenda-se uma s\u00e9rie de 5 &#8211; 10 tratamentos (dependendo do estado da pele e do resultado desejado) com intervalos de 4 &#8211; 5 dias; para manuten\u00e7\u00e3o do estado, deve realizar-se 1 tratamento a cada 3 &#8211; 4 semanas.<\/p>\n<p><strong>Passo 1.<\/strong>  Com COLLAGEN VITALIZING MILK remove-se a maquilhagem do rosto, pesco\u00e7o e decote.<\/p>\n<p><strong>Passo 2.<\/strong>  Com COLLAGEN SOOTHING TONER tonifica-se o rosto, pesco\u00e7o e decote.<\/p>\n<p><strong>Passo 3.<\/strong>  Com COLLAGEN PEELING CREAM realizamos uma esfolia\u00e7\u00e3o e depois removemos com um disco de algod\u00e3o h\u00famido.<\/p>\n<p><strong>Passo 4.<\/strong>  Com o aux\u00edlio do aparelho de alisamento de rugas realizamos o tratamento correspondente (massagem com eletroestimula\u00e7\u00e3o dos m\u00fasculos faciais).<\/p>\n<p><strong>Passo 5.<\/strong>  Utilizando o produto NATURAL COLLAGEN INVENTIA\u00ae FACE, massajamos manualmente o rosto, pesco\u00e7o e decote.<\/p>\n<p><strong>Passo 6.<\/strong>  Aplicamos INVENTIA PURE GOLD MASK WITH NATIVE FISH COLLAGEN no rosto.<\/p>\n<p><strong>Passo 7.<\/strong>  Ap\u00f3s remover a m\u00e1scara de colag\u00e9nio, aplicamos COLLAGEN SERUM VIT A + E no contorno dos olhos. De seguida, elixir para os olhos <\/p>\n<p><strong>Passo 8.<\/strong>  Para finalizar o tratamento, aplicamos no rosto, pesco\u00e7o e decote COLLAGEN DAY CREAM ou NIGHT CREAM.<\/p>\n<p><img decoding=\"async\" src=\"https:\/\/anti-aging-collagen.de\/WebRoot\/Store26\/Shops\/39508a79-18ea-40d7-9fc3-afca5ad8e52e\/MediaGallery\/Behandlung_Antifalten.jpg\" alt=\"Tratamento_Antirrugas\"> <img decoding=\"async\" src=\"https:\/\/anti-aging-collagen.de\/WebRoot\/Store26\/Shops\/39508a79-18ea-40d7-9fc3-afca5ad8e52e\/MediaGallery\/Behandlung_Antifalten2.jpg\" alt=\"Tratamento_Antirrugas2\"> <img decoding=\"async\" src=\"https:\/\/anti-aging-collagen.de\/WebRoot\/Store26\/Shops\/39508a79-18ea-40d7-9fc3-afca5ad8e52e\/MediaGallery\/Behandlung_Antifalten3.jpg\" alt=\"Tratamento_Antirrugas3\"><\/p>\n<hr>\n<h3><u><strong>TRATAMENTO REVITALIZANTE DA PELE COM MICRODERMOABRAS\u00c3O<\/strong><\/u><\/h3>\n<p>Neste tratamento remove-se a epiderme morta, uniformiza-se o tom da pele e nutrem-se as camadas profundas da pele.<\/p>\n<p>Dura\u00e7\u00e3o do tratamento: aprox. 1 h<\/p>\n<p>Este tratamento n\u00e3o deve ser realizado com uma frequ\u00eancia superior a cada 3 &#8211; 4 semanas.<\/p>\n<p><strong>Passo 1.<\/strong>  Com COLLAGEN VITALIZING MILK remove-se a maquilhagem do rosto, pesco\u00e7o e decote.<\/p>\n<p><strong>Passo 2.<\/strong>  Com COLLAGEN SOOTHING TONER tonifica-se o rosto, pesco\u00e7o e decote.<\/p>\n<p><strong>Passo 3.<\/strong>  Realizamos a microdermoabras\u00e3o no rosto, pesco\u00e7o e decote.<\/p>\n<p><strong>Passo 4.<\/strong>  Com COLLAGEN PEELING CREAM realizamos uma esfolia\u00e7\u00e3o e depois removemos com um disco de algod\u00e3o h\u00famido.<\/p>\n<p><strong>Passo 5.<\/strong> Utilizando o produto <a href=\"http:\/\/anti-aging-collagen.de\/natural-inventia-face-50ml\" data-link-type=\"external\" data-type=\"linkpicker\">NATURAL COLLAGEN INVENTIA\u00ae FACE<\/a>, massajamos manualmente o rosto, pesco\u00e7o e decote.<\/p>\n<p><strong>Passo 6.<\/strong>  Aplicamos INVENTIA PURE GOLD MASK WITH NATIVE FISH COLLAGEN no rosto.<\/p>\n<p><strong>Passo 7.<\/strong>  No contorno dos olhos aplicamos COLLAGEN SERUM VIT A + E e de seguida elixir para os olhos <\/p>\n<p><strong>Passo 8.<\/strong>  Para finalizar o tratamento, aplicamos no rosto COLLAGEN DAY CREAM ou NIGHT CREAM.<\/p>\n<hr>\n<h3><u><strong>Tratamento rejuvenescedor para as m\u00e3os<\/strong><\/u><\/h3>\n<p>O objetivo deste tratamento \u00e9 alisar e hidratar a pele das m\u00e3os.<\/p>\n<p>Dura\u00e7\u00e3o do tratamento: aprox. 30 min.<\/p>\n<p>Recomenda-se realizar este tratamento 1 vez por semana para melhorar o aspeto das m\u00e3os.<\/p>\n<p><strong>Passo 1.<\/strong>  Com COLLAGEN PEELING CREAM realizamos uma esfolia\u00e7\u00e3o das m\u00e3os.<\/p>\n<p><strong>Passo 2.<\/strong> Aplicamos <a href=\"http:\/\/anti-aging-collagen.de\/natural-inventia-haar-naegel-50ml\" data-link-type=\"external\" data-type=\"linkpicker\">NATURAL COLLAGEN INVENTIA\u00ae HAIR&amp;NAILS<\/a> nas m\u00e3os.<\/p>\n<p><strong>Passo 3.<\/strong>  As m\u00e3os s\u00e3o mergulhadas em parafina quente, colocamos luvas de felpo termoisolantes e deixamos a m\u00e1scara atuar durante 15-20 minutos.<\/p>\n<p><strong>Passo 4.<\/strong>  Ap\u00f3s remover a camada de parafina, aplicamos nas m\u00e3os creme nutritivo para as m\u00e3os de a\u00e7\u00e3o profunda.<\/p>\n","protected":false},"excerpt":{"rendered":"<p>Exemplos de tratamento e m\u00e9todos de tratamento com Cosm\u00e9tica Natural Collagen Inventia\u00ae Tratamento de celulite Kuma Shape Este m\u00e9todo de tratamento melhora o estado da pele, reduz a celulite e modela o corpo. Dura\u00e7\u00e3o do tratamento: 1,5 &#8211; 2 h Os tratamentos s\u00e3o realizados em s\u00e9ries de 10 tratamentos. Recomendam-se 1 &#8211; 2 tratamentos por [&hellip;]<\/p>\n","protected":false},"author":1,"featured_media":0,"parent":0,"menu_order":0,"comment_status":"closed","ping_status":"closed","template":"","meta":{"footnotes":""},"class_list":["post-845","page","type-page","status-publish","hentry"],"aioseo_notices":[],"_links":{"self":[{"href":"https:\/\/kollagen-inventia.de\/pt-pt\/wp-json\/wp\/v2\/pages\/845","targetHints":{"allow":["GET"]}}],"collection":[{"href":"https:\/\/kollagen-inventia.de\/pt-pt\/wp-json\/wp\/v2\/pages"}],"about":[{"href":"https:\/\/kollagen-inventia.de\/pt-pt\/wp-json\/wp\/v2\/types\/page"}],"author":[{"embeddable":true,"href":"https:\/\/kollagen-inventia.de\/pt-pt\/wp-json\/wp\/v2\/users\/1"}],"replies":[{"embeddable":true,"href":"https:\/\/kollagen-inventia.de\/pt-pt\/wp-json\/wp\/v2\/comments?post=845"}],"version-history":[{"count":0,"href":"https:\/\/kollagen-inventia.de\/pt-pt\/wp-json\/wp\/v2\/pages\/845\/revisions"}],"wp:attachment":[{"href":"https:\/\/kollagen-inventia.de\/pt-pt\/wp-json\/wp\/v2\/media?parent=845"}],"curies":[{"name":"wp","href":"https:\/\/api.w.org\/{rel}","templated":true}]}}