{"id":841,"date":"2018-02-18T10:13:10","date_gmt":"2018-02-18T10:13:10","guid":{"rendered":"https:\/\/kollagen-inventia.de\/para-saloes-de-cosmetica-e-beleza"},"modified":"2018-02-18T10:13:10","modified_gmt":"2018-02-18T10:13:10","slug":"para-saloes-de-cosmetica-e-beleza","status":"publish","type":"page","link":"https:\/\/kollagen-inventia.de\/pt-pt\/para-saloes-de-cosmetica-e-beleza","title":{"rendered":"Para sal\u00f5es de cosm\u00e9tica e beleza"},"content":{"rendered":"<h2>Tornar-se parceiro de distribui\u00e7\u00e3o da Inventia Alemanha\/\u00c1ustria.<\/h2>\n<p><strong>Somos a representa\u00e7\u00e3o autorizada, oficial e exclusiva para sal\u00f5es de beleza e cosm\u00e9tica da marca <a href=\"https:\/\/anti-aging-collagen.de\/epages\/39508a79-18ea-40d7-9fc3-afca5ad8e52e.sf\/de_DE\/?ObjectPath=\/Shops\/39508a79-18ea-40d7-9fc3-afca5ad8e52e\/Categories\/ueber_Inventia\" data-link-type=\"tree\" data-type=\"linkpicker\">Natural Collagen Inventia<\/a> para a Alemanha. Deseja vender ou distribuir produtos de colag\u00e9nio Inventia no seu estabelecimento? Tem um sal\u00e3o de cosm\u00e9tica, sal\u00e3o de beleza ou similar e quer mimar os seus clientes com produtos Inventia Natural Collagen?<\/strong><\/p>\n<p><strong>Contacte-nos. Teremos todo o prazer em apresentar-lhe uma proposta: <\/strong><\/p>\n<h2><a href=\"https:\/\/kollagen-inventia.de\/kontakt\" data-link-type=\"tree\" data-type=\"linkpicker\"> &gt;&gt; para o formul\u00e1rio de contacto<\/a><\/h2>\n<p><a href=\"https:\/\/jungbleiben.eu\/produkt\/produktproben-set-5-tester-natural-collagen-inventia-hautpflege-2\" data-link-type=\"tree\" data-type=\"linkpicker\">&gt;&gt; Encomendar testadores e amostras de produtos<\/a><\/p>\n<figure id=\"attachment_53\" aria-describedby=\"caption-attachment-53\" style=\"width: 390px\" class=\"wp-caption aligncenter\"><img loading=\"lazy\" decoding=\"async\" class=\"size-full wp-image-53\" src=\"https:\/\/kollagen-inventia.de\/wp-content\/uploads\/2018\/02\/Kollagenksometik_Inventia.jpg\" alt=\"Cosm\u00e9tica de colag\u00e9nio Natural Collagen Inventia\" width=\"390\" height=\"365\" srcset=\"https:\/\/kollagen-inventia.de\/wp-content\/uploads\/2018\/02\/Kollagenksometik_Inventia.jpg 390w, https:\/\/kollagen-inventia.de\/wp-content\/uploads\/2018\/02\/Kollagenksometik_Inventia-300x281.jpg 300w\" sizes=\"auto, (max-width: 390px) 100vw, 390px\" \/><figcaption id=\"caption-attachment-53\" class=\"wp-caption-text\">Cosm\u00e9tica de colag\u00e9nio Natural Collagen Inventia<\/figcaption><\/figure>\n<p>&nbsp;<br \/>\n<!--noadsense--><\/p>\n","protected":false},"excerpt":{"rendered":"<p>Tornar-se parceiro de distribui\u00e7\u00e3o da Inventia Alemanha\/\u00c1ustria. Somos a representa\u00e7\u00e3o autorizada, oficial e exclusiva para sal\u00f5es de beleza e cosm\u00e9tica da marca Natural Collagen Inventia para a Alemanha. Deseja vender ou distribuir produtos de colag\u00e9nio Inventia no seu estabelecimento? Tem um sal\u00e3o de cosm\u00e9tica, sal\u00e3o de beleza ou similar e quer mimar os seus clientes [&hellip;]<\/p>\n","protected":false},"author":1,"featured_media":842,"parent":0,"menu_order":0,"comment_status":"closed","ping_status":"closed","template":"","meta":{"footnotes":""},"class_list":["post-841","page","type-page","status-publish","has-post-thumbnail","hentry"],"aioseo_notices":[],"_links":{"self":[{"href":"https:\/\/kollagen-inventia.de\/pt-pt\/wp-json\/wp\/v2\/pages\/841","targetHints":{"allow":["GET"]}}],"collection":[{"href":"https:\/\/kollagen-inventia.de\/pt-pt\/wp-json\/wp\/v2\/pages"}],"about":[{"href":"https:\/\/kollagen-inventia.de\/pt-pt\/wp-json\/wp\/v2\/types\/page"}],"author":[{"embeddable":true,"href":"https:\/\/kollagen-inventia.de\/pt-pt\/wp-json\/wp\/v2\/users\/1"}],"replies":[{"embeddable":true,"href":"https:\/\/kollagen-inventia.de\/pt-pt\/wp-json\/wp\/v2\/comments?post=841"}],"version-history":[{"count":0,"href":"https:\/\/kollagen-inventia.de\/pt-pt\/wp-json\/wp\/v2\/pages\/841\/revisions"}],"wp:featuredmedia":[{"embeddable":true,"href":"https:\/\/kollagen-inventia.de\/pt-pt\/wp-json\/wp\/v2\/media\/842"}],"wp:attachment":[{"href":"https:\/\/kollagen-inventia.de\/pt-pt\/wp-json\/wp\/v2\/media?parent=841"}],"curies":[{"name":"wp","href":"https:\/\/api.w.org\/{rel}","templated":true}]}}