{"id":839,"date":"2020-07-30T22:40:09","date_gmt":"2020-07-30T22:40:09","guid":{"rendered":"https:\/\/kollagen-inventia.de\/politica-de-cookies-ue"},"modified":"2026-05-03T13:46:29","modified_gmt":"2026-05-03T13:46:29","slug":"politica-de-cookies-ue","status":"publish","type":"page","link":"https:\/\/kollagen-inventia.de\/pt-pt\/politica-de-cookies-ue","title":{"rendered":"Pol\u00edtica de Cookies (UE)"},"content":{"rendered":"Regi\u00e3o EU n\u00e3o ativada para cookie-statement.","protected":false},"excerpt":{"rendered":"","protected":false},"author":1,"featured_media":0,"parent":0,"menu_order":0,"comment_status":"closed","ping_status":"closed","template":"","meta":{"footnotes":""},"class_list":["post-839","page","type-page","status-publish","hentry"],"aioseo_notices":[],"_links":{"self":[{"href":"https:\/\/kollagen-inventia.de\/pt-pt\/wp-json\/wp\/v2\/pages\/839","targetHints":{"allow":["GET"]}}],"collection":[{"href":"https:\/\/kollagen-inventia.de\/pt-pt\/wp-json\/wp\/v2\/pages"}],"about":[{"href":"https:\/\/kollagen-inventia.de\/pt-pt\/wp-json\/wp\/v2\/types\/page"}],"author":[{"embeddable":true,"href":"https:\/\/kollagen-inventia.de\/pt-pt\/wp-json\/wp\/v2\/users\/1"}],"replies":[{"embeddable":true,"href":"https:\/\/kollagen-inventia.de\/pt-pt\/wp-json\/wp\/v2\/comments?post=839"}],"version-history":[{"count":1,"href":"https:\/\/kollagen-inventia.de\/pt-pt\/wp-json\/wp\/v2\/pages\/839\/revisions"}],"predecessor-version":[{"id":840,"href":"https:\/\/kollagen-inventia.de\/pt-pt\/wp-json\/wp\/v2\/pages\/839\/revisions\/840"}],"wp:attachment":[{"href":"https:\/\/kollagen-inventia.de\/pt-pt\/wp-json\/wp\/v2\/media?parent=839"}],"curies":[{"name":"wp","href":"https:\/\/api.w.org\/{rel}","templated":true}]}}