{"id":735,"date":"2018-02-16T10:48:05","date_gmt":"2018-02-16T10:48:05","guid":{"rendered":"https:\/\/kollagen-inventia.de\/metodos-de-pagamento-e-envio"},"modified":"2026-05-03T13:36:45","modified_gmt":"2026-05-03T13:36:45","slug":"metodos-de-pagamento-e-envio","status":"publish","type":"page","link":"https:\/\/kollagen-inventia.de\/pt-pt\/metodos-de-pagamento-e-envio","title":{"rendered":"M\u00e9todos de pagamento e envio"},"content":{"rendered":"<h3>M\u00e9todos de pagamento<\/h3>\n<ul>\n<li class=\"payment_method_bacs\"><strong>PayPal<\/strong>\n<div class=\"payment_box payment_method_bacs\">\n<div class=\"payment_box payment_method_bacs\">Pague de forma r\u00e1pida e segura atrav\u00e9s do PayPal.<\/div>\n<\/div>\n<\/li>\n<li class=\"payment_method_bacs\"><strong>Cart\u00e3o de cr\u00e9dito<\/strong>\n<div class=\"payment_box payment_method_cod\">Pague de forma f\u00e1cil e segura com cart\u00e3o de cr\u00e9dito. Os seus dados s\u00e3o encriptados e n\u00e3o s\u00e3o armazenados. <\/div>\n<\/li>\n<li class=\"payment_method_bacs\"><strong>Transfer\u00eancia banc\u00e1ria<\/strong>\n<div class=\"payment_box payment_method_bacs\">Transfira diretamente para a nossa conta banc\u00e1ria. Utilize o n\u00famero do pedido como refer\u00eancia. O pedido s\u00f3 ser\u00e1 enviado ap\u00f3s a rece\u00e7\u00e3o do pagamento na nossa conta.  <\/div>\n<\/li>\n<li><strong>\u00c0 cobran\u00e7a<\/strong>\n<div class=\"payment_box payment_method_cod\">Pague \u00e0 cobran\u00e7a. (Apenas poss\u00edvel para envios dentro da Alemanha) Taxa de pagamento de <span class=\"amount\">4,00 \u20ac<\/span>. <\/div>\n<\/li>\n<li><strong>D\u00e9bito direto<\/strong>\n<div class=\"payment_box payment_method_bacs\">\n<div class=\"payment_box payment_method_bacs\">Pague facilmente por d\u00e9bito direto. Um servi\u00e7o do PayPal, n\u00e3o necessita de uma conta PayPal. <\/div>\n<div>\n<hr>\n<\/div>\n<\/div>\n<div>\n<h3 class=\"article__title title--md\">Como funciona o envio em anti-aging-collagen.de?<\/h3>\n<div class=\"article__body\">\n<p>Enviamos o seu pedido atrav\u00e9s da DHL. Um pedido em amond.de s\u00f3 pode ser entregue numa morada de entrega na UE. <\/p>\n<p dir=\"ltr\"><strong>Quando chegar\u00e1 o meu pedido?<\/strong><br \/>\nAssim que uma encomenda for enviada, receber\u00e1 uma confirma\u00e7\u00e3o de envio por e-mail. Com o n\u00famero de rastreio da encomenda DHL inclu\u00eddo, poder\u00e1 acompanhar o estado da encomenda a qualquer momento. Para encomendas DHL P\u00e4ckchen n\u00e3o existe n\u00famero de rastreio.  <\/p>\n<p dir=\"ltr\"><strong>Prazo de envio padr\u00e3o:<\/strong> 2-4 dias \u00fateis (segunda a sexta-feira)<\/p>\n<p dir=\"ltr\"><strong>Tenho de pagar alguma coisa?<\/strong><br \/>\nPara o nosso envio padr\u00e3o dentro da Alemanha, \u00e9 cobrada uma taxa de envio de 4 euros. Para envios para outros pa\u00edses da UE, cobramos uma taxa de 10 euros. <\/p>\n<p dir=\"ltr\"><strong>Entrega numa esta\u00e7\u00e3o de recolha DHL<\/strong><br \/>\nPode tamb\u00e9m selecionar esta\u00e7\u00f5es de recolha ou lojas de encomendas como locais de entrega.<\/p>\n<\/div>\n<\/div>\n<\/li>\n<\/ul>\n<p><!--noadsense--><\/p>\n","protected":false},"excerpt":{"rendered":"<p>M\u00e9todos de pagamento PayPal Pague de forma r\u00e1pida e segura atrav\u00e9s do PayPal. Cart\u00e3o de cr\u00e9dito Pague de forma f\u00e1cil e segura com cart\u00e3o de cr\u00e9dito. Os seus dados s\u00e3o encriptados e n\u00e3o s\u00e3o armazenados. Transfer\u00eancia banc\u00e1ria Transfira diretamente para a nossa conta banc\u00e1ria. Utilize o n\u00famero do pedido como refer\u00eancia. O pedido s\u00f3 ser\u00e1 [&hellip;]<\/p>\n","protected":false},"author":1,"featured_media":0,"parent":0,"menu_order":0,"comment_status":"closed","ping_status":"closed","template":"","meta":{"footnotes":""},"class_list":["post-735","page","type-page","status-publish","hentry"],"aioseo_notices":[],"_links":{"self":[{"href":"https:\/\/kollagen-inventia.de\/pt-pt\/wp-json\/wp\/v2\/pages\/735","targetHints":{"allow":["GET"]}}],"collection":[{"href":"https:\/\/kollagen-inventia.de\/pt-pt\/wp-json\/wp\/v2\/pages"}],"about":[{"href":"https:\/\/kollagen-inventia.de\/pt-pt\/wp-json\/wp\/v2\/types\/page"}],"author":[{"embeddable":true,"href":"https:\/\/kollagen-inventia.de\/pt-pt\/wp-json\/wp\/v2\/users\/1"}],"replies":[{"embeddable":true,"href":"https:\/\/kollagen-inventia.de\/pt-pt\/wp-json\/wp\/v2\/comments?post=735"}],"version-history":[{"count":1,"href":"https:\/\/kollagen-inventia.de\/pt-pt\/wp-json\/wp\/v2\/pages\/735\/revisions"}],"predecessor-version":[{"id":736,"href":"https:\/\/kollagen-inventia.de\/pt-pt\/wp-json\/wp\/v2\/pages\/735\/revisions\/736"}],"wp:attachment":[{"href":"https:\/\/kollagen-inventia.de\/pt-pt\/wp-json\/wp\/v2\/media?parent=735"}],"curies":[{"name":"wp","href":"https:\/\/api.w.org\/{rel}","templated":true}]}}