{"id":733,"date":"2018-02-16T13:14:53","date_gmt":"2018-02-16T13:14:53","guid":{"rendered":"https:\/\/kollagen-inventia.de\/o-que-e-o-colagenio"},"modified":"2018-02-16T13:14:53","modified_gmt":"2018-02-16T13:14:53","slug":"o-que-e-o-colagenio","status":"publish","type":"page","link":"https:\/\/kollagen-inventia.de\/pt-pt\/o-que-e-o-colagenio","title":{"rendered":"O que \u00e9 o colag\u00e9nio?"},"content":{"rendered":"<h2>Porque \u00e9 que o colag\u00e9nio \u00e9 t\u00e3o importante para a nossa pele?<\/h2>\n<p>O colag\u00e9nio \u00e9 uma prote\u00edna do tecido conjuntivo que representa cerca de 30% da massa total de todas as prote\u00ednas no corpo dos mam\u00edferos. O colag\u00e9nio \u00e9 o biopol\u00edmero mais importante dos organismos vivos e desempenha um papel muito importante no funcionamento do sistema do corpo. <strong>Esta prote\u00edna fibrilar do tecido conjuntivo constitui 70% da pele<\/strong> e \u00e9 tamb\u00e9m um componente indispens\u00e1vel das cartilagens e dos ossos humanos, de todos os \u00f3rg\u00e3os internos e das paredes dos vasos sangu\u00edneos. As suas propriedades f\u00edsicas e qu\u00edmicas \u00fanicas s\u00e3o respons\u00e1veis pela firmeza e elasticidade da pele e asseguram a transmiss\u00e3o de for\u00e7a atrav\u00e9s dos tend\u00f5es.  <\/p>\n<h2>Ap\u00f3s os 25 anos, o colag\u00e9nio \u00e9 progressivamente degradado<\/h2>\n<p>Isto leva a muitas altera\u00e7\u00f5es desfavor\u00e1veis. Estas altera\u00e7\u00f5es s\u00e3o particularmente evidentes na pele, que perde firmeza, elasticidade e suavidade. Al\u00e9m disso, ocorre ao mesmo tempo a perda de hidrata\u00e7\u00e3o da pele e, consequentemente, a forma\u00e7\u00e3o de rugas. Gra\u00e7as \u00e0s valiosas propriedades do colag\u00e9nio e ao seu importante papel no funcionamento do sistema do corpo, este est\u00e1 constantemente no centro das aten\u00e7\u00f5es de m\u00e9dicos, bi\u00f3logos, biotecn\u00f3logos e cosmet\u00f3logos. As propriedades \u00fanicas do colag\u00e9nio tornam este biopol\u00edmero particularmente interessante para o fabrico de materiais m\u00e9dicos, como suturas, pel\u00edculas de colag\u00e9nio, pensos de colag\u00e9nio, membranas de transplante, pr\u00f3teses vasculares, esponjas de colag\u00e9nio, c\u00e1psulas de medicamentos e, na cosm\u00e9tica, como cosm\u00e9tica anti-envelhecimento, ou seja, <strong>cosm\u00e9tica anti-rugas<\/strong>.    <\/p>\n<h2>Colag\u00e9nio n\u00e3o \u00e9 tudo igual<\/h2>\n<p>At\u00e9 agora, estas formas de colag\u00e9nio eram obtidas sobretudo a partir de pele de bovino ou de porco, o que \u00e9 perigoso devido ao risco de transmiss\u00e3o de doen\u00e7as (por exemplo, BSE) ou de alergias. O colag\u00e9nio destas peles animais \u00e9 fortemente reticulado, o que dificulta a sua penetra\u00e7\u00e3o na pele humana. A penetra\u00e7\u00e3o na pele tamb\u00e9m \u00e9 imposs\u00edvel devido \u00e0 consist\u00eancia do produto. Al\u00e9m disso, os m\u00e9todos utilizados para extrair colag\u00e9nio de bovinos e su\u00ednos s\u00e3o quimicamente agressivos, pois na produ\u00e7\u00e3o s\u00e3o usados \u00e1cidos muito fortes, o que faz com que o produto \u2014 ao contr\u00e1rio do Natural Collagen Inventia\u00ae original produzido a partir de peles de peixe \u2014 deixe de ser natural.   <\/p>\n<h2><strong>Natural Collagen Inventia\u00ae n\u00e3o cont\u00e9m agentes patog\u00e9nicos<\/strong>!<\/h2>\n<p>O <a href=\"https:\/\/kollagen-inventia.de\/produkt\/natural-collagen-inventia-face-gel-50ml-anti-aging-serum\" data-link-type=\"tree\" data-type=\"linkpicker\">Natural Collagen Inventia\u00ae original<\/a> com colag\u00e9nio natural tem a consist\u00eancia de um gel que \u00e9 facilmente absorvido pela pele e que cont\u00e9m mais de 90% de colag\u00e9nio na mat\u00e9ria seca. O colag\u00e9nio bioativo e natural \u00e9 obtido a partir de peles de peixe, pelo que n\u00e3o cont\u00e9m fatores patog\u00e9nicos. \u00c9 significativamente menos reticulado do que o colag\u00e9nio presente nas peles de bovino e de porco. Assim, a sua solubilidade \u00e9 muito maior e penetra bem na pele. S\u00f3 com este tipo de colag\u00e9nio \u00e9 poss\u00edvel obter um <strong>efeito anti-envelhecimento<\/strong>. Al\u00e9m disso, \u00e9 produzido atrav\u00e9s de um processo inovador e totalmente natural, que mant\u00e9m a estrutura espacial e natural da tripla h\u00e9lice. Ao compensar a defici\u00eancia de colag\u00e9nio com uma <strong>prote\u00edna id\u00eantica \u00e0 humana<\/strong>, a nossa pele recebe os elementos de que necessita para formar colag\u00e9nio e os nossos fibroblastos s\u00e3o estimulados a aumentar a s\u00edntese desta prote\u00edna especial. A pele recupera o seu aspeto jovem, firmeza e brilho.       <\/p>\n<p>Para al\u00e9m do colag\u00e9nio natural, o produto original cont\u00e9m tamb\u00e9m outras prote\u00ednas valiosas, por exemplo, elastina. As propor\u00e7\u00f5es entre as prote\u00ednas s\u00e3o naturais e id\u00eanticas \u00e0s que foram determinadas pela natureza ao longo da evolu\u00e7\u00e3o, o que nos d\u00e1 \u2014 a n\u00f3s, organismos vivos \u2014 a possibilidade de regenerar a nossa pele. <\/p>\n<h3><a href=\"https:\/\/kollagen-inventia.de\/natural-collagen-inventia-produkte\" data-link-type=\"tree\" data-type=\"linkpicker\">Compre j\u00e1 aqui Natural Collagen Inventia online, de forma segura e c\u00f3moda &gt;&gt;&gt;<\/a><\/h3>\n","protected":false},"excerpt":{"rendered":"<p>Porque \u00e9 que o colag\u00e9nio \u00e9 t\u00e3o importante para a nossa pele? O colag\u00e9nio \u00e9 uma prote\u00edna do tecido conjuntivo que representa cerca de 30% da massa total de todas as prote\u00ednas no corpo dos mam\u00edferos. O colag\u00e9nio \u00e9 o biopol\u00edmero mais importante dos organismos vivos e desempenha um papel muito importante no funcionamento do [&hellip;]<\/p>\n","protected":false},"author":1,"featured_media":734,"parent":0,"menu_order":0,"comment_status":"closed","ping_status":"closed","template":"","meta":{"footnotes":""},"class_list":["post-733","page","type-page","status-publish","has-post-thumbnail","hentry"],"aioseo_notices":[],"_links":{"self":[{"href":"https:\/\/kollagen-inventia.de\/pt-pt\/wp-json\/wp\/v2\/pages\/733","targetHints":{"allow":["GET"]}}],"collection":[{"href":"https:\/\/kollagen-inventia.de\/pt-pt\/wp-json\/wp\/v2\/pages"}],"about":[{"href":"https:\/\/kollagen-inventia.de\/pt-pt\/wp-json\/wp\/v2\/types\/page"}],"author":[{"embeddable":true,"href":"https:\/\/kollagen-inventia.de\/pt-pt\/wp-json\/wp\/v2\/users\/1"}],"replies":[{"embeddable":true,"href":"https:\/\/kollagen-inventia.de\/pt-pt\/wp-json\/wp\/v2\/comments?post=733"}],"version-history":[{"count":0,"href":"https:\/\/kollagen-inventia.de\/pt-pt\/wp-json\/wp\/v2\/pages\/733\/revisions"}],"wp:featuredmedia":[{"embeddable":true,"href":"https:\/\/kollagen-inventia.de\/pt-pt\/wp-json\/wp\/v2\/media\/734"}],"wp:attachment":[{"href":"https:\/\/kollagen-inventia.de\/pt-pt\/wp-json\/wp\/v2\/media?parent=733"}],"curies":[{"name":"wp","href":"https:\/\/api.w.org\/{rel}","templated":true}]}}