{"id":731,"date":"2018-02-16T10:48:05","date_gmt":"2018-02-16T10:48:05","guid":{"rendered":"https:\/\/kollagen-inventia.de\/impressao-legal"},"modified":"2026-05-03T13:36:26","modified_gmt":"2026-05-03T13:36:26","slug":"impressao-legal","status":"publish","type":"page","link":"https:\/\/kollagen-inventia.de\/pt-pt\/impressao-legal","title":{"rendered":"Impress\u00e3o legal"},"content":{"rendered":"<div>\n<h4>Formul\u00e1rio de contacto<\/h4>\n<style type=\"text\/css\" id=\"cspFormShell_11_559621_style\">#cspFormShell_11_559621 {}\n#cspFormShell_11_559621 label {\n\twidth: 100%;\n}\n\/*Fields shell basic*\/\n#cspFormShell_11_559621 .cfsFieldShell input:not([type=\"checkbox\"]):not([type=\"radio\"]),\n#cspFormShell_11_559621 .cfsFieldShell textarea,\n#cspFormShell_11_559621 .cfsFieldShell .cfsListSelect, \n#cspFormShell_11_559621 .cfsFieldShell .cfsCheck,\n#cspFormShell_11_559621 .cfsFieldShell button {\n    padding: 10px;\n    width: 100%;\n    font-size: 12px;\n    line-height: normal;  \tborder: 1px solidrgba(205,205,205,1);\n  \tbackground-color:#ffffff;    hyphens: none;\n    border-radius: 4px;\n    margin: 0;\n    max-width: 100%;\n    vertical-align: baseline;\n  \tdisplay: block;\n  \tcolor: #333;\n  \theight: auto;\n}\n#cspFormShell_11_559621 input:not([type=\"checkbox\"]):not([type=\"radio\"]):focus,\n#cspFormShell_11_559621 textarea:focus,\n#cspFormShell_11_559621 .cfsListSelect:focus, \n#cspFormShell_11_559621 .cfsChec:focus {  \tborder: 1px solid #7af97c;\n  \tcolor: #7af97c;}\n#cspFormShell_11_559621 .cfsFieldShell input[type=\"submit\"]:not([type=\"checkbox\"]):not([type=\"radio\"]), \n#cspFormShell_11_559621 .cfsFieldShell input[type=\"reset\"]:not([type=\"checkbox\"]):not([type=\"radio\"]), \n#cspFormShell_11_559621 .cfsFieldShell input[type=\"button\"],\n#cspFormShell_11_559621 .cfsFieldShell button {\n\tcursor: pointer;\n  \tfont-weight: 700;\n    border: 0 none;\n    color: #fff;\n    text-transform: uppercase;\n  \t-webkit-appearance: none;\n}\n#cspFormShell_11_559621 .cfsFieldShell input[type=\"submit\"]:not([type=\"checkbox\"]):not([type=\"radio\"]), \n#cspFormShell_11_559621 .cfsFieldShell input[type=\"button\"],\n#cspFormShell_11_559621 .cfsFieldShell button {  \tbackground-color: #7af97c;\n  \tbackground-image: none;}\n#cspFormShell_11_559621 .cfsFieldShell input[type=\"submit\"]:not([type=\"checkbox\"]):not([type=\"radio\"]):hover, \n#cspFormShell_11_559621 .cfsFieldShell input[type=\"button\"]:hover,\n#cspFormShell_11_559621 .cfsFieldShell button:hover {  \tbackground-color:rgba(122,249,124,0.7);}\n#cspFormShell_11_559621 .cfsFieldShell input[type=\"reset\"]:not([type=\"checkbox\"]):not([type=\"radio\"]) {  \tbackground-color: #ff807c;\n  \tbackground-image: none;}\n#cspFormShell_11_559621 .cfsFieldShell input[type=\"reset\"]:not([type=\"checkbox\"]):not([type=\"radio\"]):hover {  \tbackground-color:rgba(255,128,124,0.7);}\n\/* Placeholder text color -- selectors need to be separate to work. *\/\n#cspFormShell_11_559621 ::-webkit-input-placeholder {\n\tcolor: rgba(51, 51, 51, 0.3);\n}\n#cspFormShell_11_559621 :-moz-placeholder {\n\tcolor: rgba(51, 51, 51, 0.3);\n}\n#cspFormShell_11_559621 ::-moz-placeholder {\n\tcolor: rgba(51, 51, 51, 0.3);\n\topacity: 1; \/* Since FF19 lowers the opacity of the placeholder by default *\/\n}\n#cspFormShell_11_559621 :-ms-input-placeholder {\n\tcolor: rgba(51, 51, 51, 0.3);\n}#cspFormShell_11_559621 { width: 100%}#cspFormShell_11_559621 .cfsSuccessMsg { color: #4ae8ea !important}<\/style><div id=\"cspFormShell_11_559621\" class=\"cfsFormShell\"><form class=\"csfForm\" method=\"post\" action=\"https:\/\/kollagen-inventia.de\/\">\n<div class=\"supRow cfsFieldsRow\"><div class=\"supSm12 cfsFieldCol\" data-name=\"first_name\" data-type=\"text\"><div class=\"cfsFieldShell cfsField_text\" ><input type=\"text\" name=\"fields[first_name]\" value=\"\" data-name=\"first_name\" required  placeholder=\"Name\" \/><\/div><\/div><\/div><div class=\"supRow cfsFieldsRow\"><div class=\"supSm12 cfsFieldCol\" data-name=\"email\" data-type=\"email\"><div class=\"cfsFieldShell cfsField_email\" ><input type=\"email\" name=\"fields[email]\" value=\"\" data-name=\"email\" required  placeholder=\"Email\" \/><\/div><\/div><\/div><div class=\"supRow cfsFieldsRow\"><div class=\"supSm12 cfsFieldCol\" data-name=\"subject\" data-type=\"text\"><div class=\"cfsFieldShell cfsField_text\" ><input type=\"text\" name=\"fields[subject]\" value=\"\" data-name=\"subject\" required  placeholder=\"Betreff\" \/><\/div><\/div><\/div><div class=\"supRow cfsFieldsRow\"><div class=\"supSm12 cfsFieldCol\" data-name=\"message\" data-type=\"textarea\"><div class=\"cfsFieldShell cfsField_textarea\" ><textarea name=\"fields[message]\" data-name=\"message\" required  placeholder=\"Deine Nachricht\" supRows=\"3\" cols=\"50\"><\/textarea><\/div><\/div><\/div><div class=\"supRow cfsFieldsRow\"><div class=\"supSm12 cfsFieldCol\" data-name=\"send\" data-type=\"submit\"><div class=\"cfsFieldShell cfsField_submit\" ><input type=\"submit\" name=\"fields[send]\" value=\"Senden\" data-name=\"send\" \/><\/div><\/div><\/div>\n<input type=\"hidden\" name=\"mod\" value=\"forms\"  \/><input type=\"hidden\" name=\"action\" value=\"contact\"  \/><input type=\"hidden\" name=\"id\" value=\"11\"  \/><input type=\"hidden\" name=\"_wpnonce\" value=\"d9985c52e5\"  \/><div class=\"cfsContactMsg\"><\/div><\/form><\/div><span style=\"display: none !important;\" class=\"cfsFormDesc\">eyJpZCI6IjExIiwibGFiZWwiOiJLb250YWt0Zm9ybXVsYXIiLCJhY3RpdmUiOiIxIiwib3JpZ2luYWxfaWQiOiI0IiwidW5pcXVlX2lkIjoidmJuMjNhIiwicGFyYW1zIjp7ImVuYWJsZUZvck1lbWJlcnNoaXAiOiIwIiwidHBsIjp7IndpZHRoIjoiMTAwIiwid2lkdGhfbWVhc3VyZSI6IiUiLCJiZ190eXBlXzAiOiJub25lIiwiYmdfaW1nXzAiOiIiLCJiZ19jb2xvcl8wIjoiI2NkY2RjZCIsImJnX3R5cGVfMSI6ImNvbG9yIiwiYmdfaW1nXzEiOiIiLCJiZ19jb2xvcl8xIjoiI2NkY2RjZCIsImJnX3R5cGVfMiI6ImNvbG9yIiwiYmdfaW1nXzIiOiIiLCJiZ19jb2xvcl8yIjoiIzdhZjk3YyIsImJnX3R5cGVfMyI6ImNvbG9yIiwiYmdfaW1nXzMiOiIiLCJiZ19jb2xvcl8zIjoiI2ZmODA3YyIsImZpZWxkX2Vycm9yX2ludmFsaWQiOiIiLCJmb3JtX3NlbnRfbXNnIjoiVmllbGVuIERhbmsgZlx1MDBmY3IgSWhyZSBOYWNocmljaHQhIiwiZm9ybV9zZW50X21zZ19jb2xvciI6IiM0YWU4ZWEiLCJoaWRlX29uX3N1Ym1pdCI6IjEiLCJyZWRpcmVjdF9vbl9zdWJtaXQiOiIiLCJ0ZXN0X2VtYWlsIjoiaW5mb0BqdW5nYmxlaWJlbi5ldSIsInNhdmVfY29udGFjdHMiOiIxIiwiZXhwX2RlbGltIjoiOyIsImZiX2NvbnZlcnRfYmFzZSI6IiIsInB1Yl9wb3N0X3R5cGUiOiJwb3N0IiwicHViX3Bvc3Rfc3RhdHVzIjoicHVibGlzaCIsInJlZ193cF9jcmVhdGVfdXNlcl9yb2xlIjoic3Vic2NyaWJlciIsImZpZWxkX3dyYXBwZXIiOiI8ZGl2IFtmaWVsZF9zaGVsbF9jbGFzc2VzXSBbZmllbGRfc2hlbGxfc3R5bGVzXT5bZmllbGRdPFwvZGl2PiJ9LCJmaWVsZHMiOlt7ImJzX2NsYXNzX2lkIjoiMTIiLCJuYW1lIjoiZmlyc3RfbmFtZSIsImxhYmVsIjoiIiwicGxhY2Vob2xkZXIiOiJOYW1lIiwidmFsdWUiOiIiLCJ2YWx1ZV9wcmVzZXQiOiIiLCJodG1sIjoidGV4dCIsIm1hbmRhdG9yeSI6IjEiLCJtaW5fc2l6ZSI6IiIsIm1heF9zaXplIjoiIiwiYWRkX2NsYXNzZXMiOiIiLCJhZGRfc3R5bGVzIjoiIiwiYWRkX2F0dHIiOiIiLCJ2bl9vbmx5X251bWJlciI6IjAiLCJ2bl9vbmx5X2xldHRlcnMiOiIwIiwidm5fcGF0dGVybiI6IjAiLCJ2bl9lcXVhbCI6IiIsImljb25fY2xhc3MiOiIiLCJpY29uX3NpemUiOiIiLCJpY29uX2NvbG9yIjoiIiwidGVybXMiOiIifSx7ImJzX2NsYXNzX2lkIjoiMTIiLCJuYW1lIjoiZW1haWwiLCJsYWJlbCI6IiIsInBsYWNlaG9sZGVyIjoiRW1haWwiLCJ2YWx1ZSI6IiIsImh0bWwiOiJlbWFpbCIsIm1hbmRhdG9yeSI6IjEiLCJtaW5fc2l6ZSI6IiIsIm1heF9zaXplIjoiIiwiYWRkX2NsYXNzZXMiOiIiLCJhZGRfc3R5bGVzIjoiIiwiYWRkX2F0dHIiOiIiLCJ2bl9vbmx5X251bWJlciI6IjAiLCJ2bl9vbmx5X2xldHRlcnMiOiIwIiwidm5fcGF0dGVybiI6IjAifSx7ImJzX2NsYXNzX2lkIjoiMTIiLCJuYW1lIjoic3ViamVjdCIsImxhYmVsIjoiIiwicGxhY2Vob2xkZXIiOiJCZXRyZWZmIiwidmFsdWUiOiIiLCJ2YWx1ZV9wcmVzZXQiOiIiLCJodG1sIjoidGV4dCIsIm1hbmRhdG9yeSI6IjEiLCJtaW5fc2l6ZSI6IiIsIm1heF9zaXplIjoiIiwiYWRkX2NsYXNzZXMiOiIiLCJhZGRfc3R5bGVzIjoiIiwiYWRkX2F0dHIiOiIiLCJ2bl9vbmx5X251bWJlciI6IjAiLCJ2bl9vbmx5X2xldHRlcnMiOiIwIiwidm5fcGF0dGVybiI6IjAiLCJ2bl9lcXVhbCI6IiIsImljb25fY2xhc3MiOiIiLCJpY29uX3NpemUiOiIiLCJpY29uX2NvbG9yIjoiIiwidGVybXMiOiIifSx7ImJzX2NsYXNzX2lkIjoiMTIiLCJuYW1lIjoibWVzc2FnZSIsImxhYmVsIjoiIiwicGxhY2Vob2xkZXIiOiJEZWluZSBOYWNocmljaHQiLCJ2YWx1ZSI6IiIsInZhbHVlX3ByZXNldCI6IiIsImh0bWwiOiJ0ZXh0YXJlYSIsIm1hbmRhdG9yeSI6IjEiLCJtaW5fc2l6ZSI6IiIsIm1heF9zaXplIjoiIiwiYWRkX2NsYXNzZXMiOiIiLCJhZGRfc3R5bGVzIjoiIiwiYWRkX2F0dHIiOiIiLCJ2bl9vbmx5X251bWJlciI6IjAiLCJ2bl9vbmx5X2xldHRlcnMiOiIwIiwidm5fcGF0dGVybiI6IjAiLCJ2bl9lcXVhbCI6IiIsImljb25fY2xhc3MiOiIiLCJpY29uX3NpemUiOiIiLCJpY29uX2NvbG9yIjoiIiwidGVybXMiOiIifSx7ImJzX2NsYXNzX2lkIjoiMTIiLCJuYW1lIjoic2VuZCIsImxhYmVsIjoiU2VuZGVuIiwiaHRtbCI6InN1Ym1pdCIsImFkZF9jbGFzc2VzIjoiIiwiYWRkX3N0eWxlcyI6IiIsImFkZF9hdHRyIjoiIiwiaWNvbl9jbGFzcyI6IiIsImljb25fc2l6ZSI6IiIsImljb25fY29sb3IiOiIiLCJ0ZXJtcyI6IiJ9XSwib3B0c19hdHRycyI6eyJiZ19udW1iZXIiOiI0In19LCJpbWdfcHJldmlldyI6InNpbXBsZS13aGl0ZS5wbmciLCJ2aWV3cyI6IjE4NjYiLCJ1bmlxdWVfdmlld3MiOiIxNDU4IiwiYWN0aW9ucyI6IjMyODMiLCJzb3J0X29yZGVyIjoiNCIsImlzX3BybyI6IjAiLCJhYl9pZCI6IjAiLCJkYXRlX2NyZWF0ZWQiOiIyMDE2LTA1LTAzIDEzOjAxOjAzIiwiaW1nX3ByZXZpZXdfdXJsIjoiaHR0cHM6XC9cL2tvbGxhZ2VuLWludmVudGlhLmRlXC93cC1jb250ZW50XC9wbHVnaW5zXC9jb250YWN0LWZvcm0tYnktc3Vwc3lzdGljXC9hc3NldHNcL2Zvcm1zXC9pbWdcL3ByZXZpZXdcL3NpbXBsZS13aGl0ZS5wbmciLCJ2aWV3X2lkIjoiMTFfNTU5NjIxIiwidmlld19odG1sX2lkIjoiY3NwRm9ybVNoZWxsXzExXzU1OTYyMSIsImNvbm5lY3RfaGFzaCI6IjliYjA4OWFmMzhjZGRjY2E4MjZmYjFjNTE5ZTVhNmQzIn0=<\/span>\n<hr>\n<h2>Inventia Alemanha<\/h2>\n<div>Empres\u00e1ria em nome individual<\/div>\n<div>Propriet\u00e1ria: Dra. Zuzana Jacob<\/div>\n<\/div>\n<table class=\"Imprint\">\n<tbody>\n<tr>\n<td class=\"Label\">Morada<\/td>\n<td>Inventia Alemanha<\/p>\n<div>Dra. Zuzana Jacob<\/div>\n<div>Froebelstr.33<br \/>\n04463 Grosspoesna<br \/>\nAlemanha<\/div>\n<p>N.\u00ba de identifica\u00e7\u00e3o IVA: DE298329616<\/p>\n<p>&nbsp;<\/p>\n<p><strong>Procedimento de reclama\u00e7\u00e3o<\/strong><\/p>\n<p>Resolu\u00e7\u00e3o de lit\u00edgios em linha nos termos do art. 14.\u00ba, n.\u00ba 1 do Regulamento ODR: A Comiss\u00e3o Europeia disponibiliza uma plataforma de resolu\u00e7\u00e3o de lit\u00edgios em linha (RLL), que pode encontrar em <a href=\"http:\/\/ec.europa.eu\/consumers\/odr\/\" target=\"_blank\" rel=\"noopener\">http:\/\/ec.europa.eu\/consumers\/odr\/<\/a>.<\/td>\n<\/tr>\n<tr>\n<td class=\"Label\">Pessoa de contacto<\/td>\n<td>Dra. Z. Jacob<\/td>\n<\/tr>\n<tr>\n<td class=\"Label\">E-mail<\/td>\n<td><a id=\"ObscureImprint\" href=\"https:\/\/anti-aging-collagen.de\/epages\/39508a79-18ea-40d7-9fc3-afca5ad8e52e.sf\/de_DE\/bWFpbHRvOmluZm9AaW52ZW50aWEtc2hvcC5kZQ==\" rel=\"nofollow\">info@inventia-shop.de<\/a><\/td>\n<\/tr>\n<\/tbody>\n<\/table>\n","protected":false},"excerpt":{"rendered":"<p>Formul\u00e1rio de contacto Inventia Alemanha Empres\u00e1ria em nome individual Propriet\u00e1ria: Dra. Zuzana Jacob Morada Inventia Alemanha Dra. Zuzana Jacob Froebelstr.33 04463 Grosspoesna Alemanha N.\u00ba de identifica\u00e7\u00e3o IVA: DE298329616 &nbsp; Procedimento de reclama\u00e7\u00e3o Resolu\u00e7\u00e3o de lit\u00edgios em linha nos termos do art. 14.\u00ba, n.\u00ba 1 do Regulamento ODR: A Comiss\u00e3o Europeia disponibiliza uma plataforma de resolu\u00e7\u00e3o [&hellip;]<\/p>\n","protected":false},"author":1,"featured_media":0,"parent":0,"menu_order":0,"comment_status":"closed","ping_status":"closed","template":"","meta":{"footnotes":""},"class_list":["post-731","page","type-page","status-publish","hentry"],"aioseo_notices":[],"_links":{"self":[{"href":"https:\/\/kollagen-inventia.de\/pt-pt\/wp-json\/wp\/v2\/pages\/731","targetHints":{"allow":["GET"]}}],"collection":[{"href":"https:\/\/kollagen-inventia.de\/pt-pt\/wp-json\/wp\/v2\/pages"}],"about":[{"href":"https:\/\/kollagen-inventia.de\/pt-pt\/wp-json\/wp\/v2\/types\/page"}],"author":[{"embeddable":true,"href":"https:\/\/kollagen-inventia.de\/pt-pt\/wp-json\/wp\/v2\/users\/1"}],"replies":[{"embeddable":true,"href":"https:\/\/kollagen-inventia.de\/pt-pt\/wp-json\/wp\/v2\/comments?post=731"}],"version-history":[{"count":1,"href":"https:\/\/kollagen-inventia.de\/pt-pt\/wp-json\/wp\/v2\/pages\/731\/revisions"}],"predecessor-version":[{"id":732,"href":"https:\/\/kollagen-inventia.de\/pt-pt\/wp-json\/wp\/v2\/pages\/731\/revisions\/732"}],"wp:attachment":[{"href":"https:\/\/kollagen-inventia.de\/pt-pt\/wp-json\/wp\/v2\/media?parent=731"}],"curies":[{"name":"wp","href":"https:\/\/api.w.org\/{rel}","templated":true}]}}