{"id":961,"date":"2018-02-25T13:44:11","date_gmt":"2018-02-25T13:44:11","guid":{"rendered":"https:\/\/kollagen-inventia.de\/produkt\/creme-clareador-natural-collagen-inventia-50-ml"},"modified":"2018-02-25T13:44:11","modified_gmt":"2018-02-25T13:44:11","slug":"creme-clareador-natural-collagen-inventia-50-ml","status":"publish","type":"product","link":"https:\/\/kollagen-inventia.de\/pt-br\/produkt\/creme-clareador-natural-collagen-inventia-50-ml","title":{"rendered":"Creme Clareador Natural Collagen Inventia &#8211; 50 ml"},"content":{"rendered":"<p>A Creme Clareadora Natural Collagen com Col\u00e1geno \u00e9 um produto com uma f\u00f3rmula incrivelmente rica e eficaz. Cont\u00e9m tr\u00eas ingredientes ativos que clareiam e iluminam a pele. A Creme Clareadora com Col\u00e1geno possui um complexo de oligossacar\u00eddeos para a s\u00edntese de melanina, o principal pigmento respons\u00e1vel pela cor da pele. O extrato de levedura na creme reduz a quantidade de melanina produzida pela nossa pele. Um clareamento ativo da pele tamb\u00e9m \u00e9 garantido pela Vitamina C e \u00c1cido L\u00e1tico contidos. O Natural Collagen Inventia garante que a pele seja bem nutrida, regenerada e hidratada. Al\u00e9m disso, a f\u00f3rmula da Creme Clareadora Natural Collagen Inventia com Col\u00e1geno (col\u00e1geno de peixe) tamb\u00e9m \u00e9 enriquecida com Esqualano, obtido do azeite de oliva, que cria uma barreira hidrolip\u00eddica natural e proporciona hidrata\u00e7\u00e3o suficiente. A prote\u00e7\u00e3o solar f\u00edsica protege a pele contra a radia\u00e7\u00e3o UV-A e UV-B.       <\/p>\n","protected":false},"excerpt":{"rendered":"<p>A Creme Clareadora Natural Collagen com Col\u00e1geno \u00e9 um produto com uma f\u00f3rmula incrivelmente rica e eficaz. Cont\u00e9m tr\u00eas ingredientes ativos que clareiam e iluminam a pele. <\/p>\n","protected":false},"featured_media":193,"comment_status":"open","ping_status":"closed","template":"","meta":[],"product_brand":[],"product_cat":[75],"product_tag":[],"class_list":{"0":"post-961","1":"product","2":"type-product","3":"status-publish","4":"has-post-thumbnail","6":"product_cat-cuidados-com-o-corpo","8":"first","9":"outofstock","10":"taxable","11":"shipping-taxable","12":"purchasable","13":"product-type-simple"},"aioseo_notices":[],"_links":{"self":[{"href":"https:\/\/kollagen-inventia.de\/pt-br\/wp-json\/wp\/v2\/product\/961","targetHints":{"allow":["GET"]}}],"collection":[{"href":"https:\/\/kollagen-inventia.de\/pt-br\/wp-json\/wp\/v2\/product"}],"about":[{"href":"https:\/\/kollagen-inventia.de\/pt-br\/wp-json\/wp\/v2\/types\/product"}],"replies":[{"embeddable":true,"href":"https:\/\/kollagen-inventia.de\/pt-br\/wp-json\/wp\/v2\/comments?post=961"}],"wp:featuredmedia":[{"embeddable":true,"href":"https:\/\/kollagen-inventia.de\/pt-br\/wp-json\/wp\/v2\/media\/193"}],"wp:attachment":[{"href":"https:\/\/kollagen-inventia.de\/pt-br\/wp-json\/wp\/v2\/media?parent=961"}],"wp:term":[{"taxonomy":"product_brand","embeddable":true,"href":"https:\/\/kollagen-inventia.de\/pt-br\/wp-json\/wp\/v2\/product_brand?post=961"},{"taxonomy":"product_cat","embeddable":true,"href":"https:\/\/kollagen-inventia.de\/pt-br\/wp-json\/wp\/v2\/product_cat?post=961"},{"taxonomy":"product_tag","embeddable":true,"href":"https:\/\/kollagen-inventia.de\/pt-br\/wp-json\/wp\/v2\/product_tag?post=961"}],"curies":[{"name":"wp","href":"https:\/\/api.w.org\/{rel}","templated":true}]}}