{"id":957,"date":"2026-04-27T10:43:21","date_gmt":"2026-04-27T10:43:21","guid":{"rendered":"https:\/\/kollagen-inventia.de\/produkt\/natural-collagen-inventia-dragons-blood-sangue-de-dragao"},"modified":"2026-04-27T10:43:21","modified_gmt":"2026-04-27T10:43:21","slug":"natural-collagen-inventia-dragons-blood-sangue-de-dragao","status":"publish","type":"product","link":"https:\/\/kollagen-inventia.de\/pt-br\/produkt\/natural-collagen-inventia-dragons-blood-sangue-de-dragao","title":{"rendered":"Natural Collagen Inventia Dragon&#8217;s Blood\/ Sangue de Drag\u00e3o"},"content":{"rendered":"<p>O Col\u00e1geno Natural com Sangue de Drag\u00e3o \u00e9 o produto de ponta da Inventia Polish Technologies. Ele combina de forma \u00fanica o valioso col\u00e1geno nativo de peixe com a resina pura do dragoeiro, o chamado Sangue de Drag\u00e3o. Esta combina\u00e7\u00e3o \u00e9 ideal para quem deseja uma pele saud\u00e1vel e jovem. O preparado estimula a s\u00edntese natural dos componentes da matriz extracelular da pele, especialmente o col\u00e1geno tipo I, essencial para a firmeza, suavidade e elasticidade. O cosm\u00e9tico regenera, nutre e hidrata intensamente. Esta a\u00e7\u00e3o complexa resulta numa redu\u00e7\u00e3o extrema das rugas, tanto em comprimento quanto em profundidade. Al\u00e9m disso, remove suavemente as c\u00e9lulas mortas, permitindo que os ativos penetrem melhor e a pele pare\u00e7a radiante e jovem. O Col\u00e1geno Natural com Sangue de Drag\u00e3o confere \u00e0 pele uma suavidade, firmeza e frescor extraordin\u00e1rios.       <\/p>\n<p><strong>EFEITO<\/strong><\/p>\n<p>O produto estimula a produ\u00e7\u00e3o de col\u00e1geno do pr\u00f3prio corpo.<br \/>\nMelhora a apar\u00eancia geral da pele.<br \/>\nAumenta visivelmente a hidrata\u00e7\u00e3o da pele.<br \/>\nMelhora a capacidade da pele de reter umidade.<br \/>\nForma um filme protetor na pele que evita a perda de umidade. Reduz eficazmente a aspereza e torna a pele mais lisa e el\u00e1stica.<br \/>\nEsfolia suavemente a epiderme, acelerando a sua renova\u00e7\u00e3o. <\/p>\n<p>Aplica uma pequena quantidade de gel na pele do rosto limpa e \u00famida. Massageia suavemente. Assim que for absorvido, usa o creme adequado para o teu tipo de pele para evitar a sensa\u00e7\u00e3o de repuxamento.  <\/p>\n<p><strong>INGREDIENTES (INCI)<\/strong><\/p>\n<p>Aqua, Collagen, Babassu Oil Glycereth-8 Esters, Dracaena Cochinchinensis Resin Extract, Caprylyl Glycol, Elastin, Lactic Acid<\/p>\n","protected":false},"excerpt":{"rendered":"<p>Inventia Col\u00e1geno Sangue de Drag\u00e3o combina de forma \u00fanica o valioso col\u00e1geno nativo de peixe com a resina pura do dragoeiro, o chamado Sangue de Drag\u00e3o. Esta combina\u00e7\u00e3o \u00e9 ideal para quem deseja uma pele saud\u00e1vel e jovem. O Col\u00e1geno Natural com Sangue de Drag\u00e3o confere \u00e0 pele uma suavidade, firmeza e frescor extraordin\u00e1rios.  <\/p>\n","protected":false},"featured_media":708,"comment_status":"closed","ping_status":"closed","template":"","meta":[],"product_brand":[],"product_cat":[73],"product_tag":[],"class_list":{"0":"post-957","1":"product","2":"type-product","3":"status-publish","4":"has-post-thumbnail","6":"product_cat-cuidados-faciais","8":"first","9":"instock","10":"taxable","11":"shipping-taxable","12":"purchasable","13":"product-type-simple"},"aioseo_notices":[],"_links":{"self":[{"href":"https:\/\/kollagen-inventia.de\/pt-br\/wp-json\/wp\/v2\/product\/957","targetHints":{"allow":["GET"]}}],"collection":[{"href":"https:\/\/kollagen-inventia.de\/pt-br\/wp-json\/wp\/v2\/product"}],"about":[{"href":"https:\/\/kollagen-inventia.de\/pt-br\/wp-json\/wp\/v2\/types\/product"}],"replies":[{"embeddable":true,"href":"https:\/\/kollagen-inventia.de\/pt-br\/wp-json\/wp\/v2\/comments?post=957"}],"wp:featuredmedia":[{"embeddable":true,"href":"https:\/\/kollagen-inventia.de\/pt-br\/wp-json\/wp\/v2\/media\/708"}],"wp:attachment":[{"href":"https:\/\/kollagen-inventia.de\/pt-br\/wp-json\/wp\/v2\/media?parent=957"}],"wp:term":[{"taxonomy":"product_brand","embeddable":true,"href":"https:\/\/kollagen-inventia.de\/pt-br\/wp-json\/wp\/v2\/product_brand?post=957"},{"taxonomy":"product_cat","embeddable":true,"href":"https:\/\/kollagen-inventia.de\/pt-br\/wp-json\/wp\/v2\/product_cat?post=957"},{"taxonomy":"product_tag","embeddable":true,"href":"https:\/\/kollagen-inventia.de\/pt-br\/wp-json\/wp\/v2\/product_tag?post=957"}],"curies":[{"name":"wp","href":"https:\/\/api.w.org\/{rel}","templated":true}]}}