{"id":953,"date":"2018-02-24T14:47:16","date_gmt":"2018-02-24T14:47:16","guid":{"rendered":"https:\/\/kollagen-inventia.de\/produkt\/creme-esfoliante-natural-collagen-inventia-100-ml"},"modified":"2018-02-24T14:47:16","modified_gmt":"2018-02-24T14:47:16","slug":"creme-esfoliante-natural-collagen-inventia-100-ml","status":"publish","type":"product","link":"https:\/\/kollagen-inventia.de\/pt-br\/produkt\/creme-esfoliante-natural-collagen-inventia-100-ml","title":{"rendered":"Creme Esfoliante Natural Collagen Inventia &#8211; 100 ml"},"content":{"rendered":"<p><span id=\"ctl00_ContentPlaceHolder1_lblText\">O Natural Collagen Inventia Peeling Cream \u00e9 destinado \u00e0 limpeza de todos os tipos de pele. Sua consist\u00eancia cremosa previne irrita\u00e7\u00f5es e o ressecamento. Part\u00edculas esfoliantes naturais de conchas de ostras mo\u00eddas n\u00e3o apenas removem suavemente a epiderme, mas tamb\u00e9m melhoram a microcircula\u00e7\u00e3o e fornecem elementos valiosos como: c\u00e1lcio, magn\u00e9sio, ferro, pot\u00e1ssio e zinco. O preparado suaviza a pele e a prepara para uma melhor absor\u00e7\u00e3o dos demais ingredientes. Al\u00e9m das subst\u00e2ncias esfoliantes, o produto cont\u00e9m: col\u00e1geno (col\u00e1geno de peixe), extratos de aloe vera e noni, al\u00e9m de \u00f3leo de borragem, alanto\u00edna e D-pantenol, que nutrem, regeneram, hidratam, acalmam e suavizam a pele. Com o uso do Collagen Peeling Cream, a pele recupera sua cor natural, frescor e brilho. O uso regular auxilia na manuten\u00e7\u00e3o de uma pele saud\u00e1vel e limpa.      <\/span><\/p>\n<p><span id=\"ctl00_ContentPlaceHolder1_lblText\"><strong>EFEITOS<\/strong><\/span><\/p>\n<ul>\n<li><span id=\"ctl00_ContentPlaceHolder1_lblText\">Limpa e esfolia suavemente as c\u00e9lulas mortas da epiderme<\/span><\/li>\n<li><span id=\"ctl00_ContentPlaceHolder1_lblText\">Melhora o tom da pele e clareia hiperpigmenta\u00e7\u00f5es<\/span><\/li>\n<li><span id=\"ctl00_ContentPlaceHolder1_lblText\">Nutre, hidrata e firma<\/span><\/li>\n<li><span id=\"ctl00_ContentPlaceHolder1_lblText\">Suaviza e rejuvenesce a pele<\/span><\/li>\n<\/ul>\n<div align=\"center\">\n<script async=\"\" src=\"\/\/pagead2.googlesyndication.com\/pagead\/js\/adsbygoogle.js\"><\/script><br \/>\n<ins class=\"adsbygoogle\" style=\"display:block; text-align:center;\" data-ad-layout=\"in-article\" data-ad-format=\"fluid\" data-ad-client=\"ca-pub-6998664093247383\" data-ad-slot=\"1150623665\"><\/ins><br \/>\n<script>\n     (adsbygoogle = window.adsbygoogle || []).push({});\n<\/script>\n\t<\/div>\n","protected":false},"excerpt":{"rendered":"<p><span id=\"ctl00_ContentPlaceHolder1_lblText\">O Natural Collagen Inventia Peeling Cream \u00e9 destinado \u00e0 limpeza de todos os tipos de pele. Sua consist\u00eancia cremosa previne irrita\u00e7\u00f5es e o ressecamento. Part\u00edculas esfoliantes naturais de conchas de ostras mo\u00eddas n\u00e3o apenas removem suavemente a epiderme, mas tamb\u00e9m melhoram a microcircula\u00e7\u00e3o e fornecem elementos valiosos como: c\u00e1lcio, magn\u00e9sio, ferro, pot\u00e1ssio e zinco. O preparado suaviza a pele e a prepara para uma melhor absor\u00e7\u00e3o dos demais ingredientes.   <\/span><\/p>\n","protected":false},"featured_media":173,"comment_status":"open","ping_status":"closed","template":"","meta":[],"product_brand":[],"product_cat":[73],"product_tag":[74],"class_list":{"0":"post-953","1":"product","2":"type-product","3":"status-publish","4":"has-post-thumbnail","6":"product_cat-cuidados-faciais","7":"product_tag-natural-collagen-inventia","9":"first","10":"instock","11":"taxable","12":"shipping-taxable","13":"purchasable","14":"product-type-simple"},"aioseo_notices":[],"_links":{"self":[{"href":"https:\/\/kollagen-inventia.de\/pt-br\/wp-json\/wp\/v2\/product\/953","targetHints":{"allow":["GET"]}}],"collection":[{"href":"https:\/\/kollagen-inventia.de\/pt-br\/wp-json\/wp\/v2\/product"}],"about":[{"href":"https:\/\/kollagen-inventia.de\/pt-br\/wp-json\/wp\/v2\/types\/product"}],"replies":[{"embeddable":true,"href":"https:\/\/kollagen-inventia.de\/pt-br\/wp-json\/wp\/v2\/comments?post=953"}],"wp:featuredmedia":[{"embeddable":true,"href":"https:\/\/kollagen-inventia.de\/pt-br\/wp-json\/wp\/v2\/media\/173"}],"wp:attachment":[{"href":"https:\/\/kollagen-inventia.de\/pt-br\/wp-json\/wp\/v2\/media?parent=953"}],"wp:term":[{"taxonomy":"product_brand","embeddable":true,"href":"https:\/\/kollagen-inventia.de\/pt-br\/wp-json\/wp\/v2\/product_brand?post=953"},{"taxonomy":"product_cat","embeddable":true,"href":"https:\/\/kollagen-inventia.de\/pt-br\/wp-json\/wp\/v2\/product_cat?post=953"},{"taxonomy":"product_tag","embeddable":true,"href":"https:\/\/kollagen-inventia.de\/pt-br\/wp-json\/wp\/v2\/product_tag?post=953"}],"curies":[{"name":"wp","href":"https:\/\/api.w.org\/{rel}","templated":true}]}}