{"id":944,"date":"2018-05-14T08:48:10","date_gmt":"2018-05-14T08:48:10","guid":{"rendered":"https:\/\/kollagen-inventia.de\/produkt\/natural-collagen-inventia-spray-de-colageno-com-acido-hialuronico-100ml"},"modified":"2018-05-14T08:48:10","modified_gmt":"2018-05-14T08:48:10","slug":"natural-collagen-inventia-spray-de-colageno-com-acido-hialuronico-100ml","status":"publish","type":"product","link":"https:\/\/kollagen-inventia.de\/pt-br\/produkt\/natural-collagen-inventia-spray-de-colageno-com-acido-hialuronico-100ml","title":{"rendered":"Natural Collagen Inventia Spray de Col\u00e1geno com \u00c1cido Hialur\u00f4nico 100ml"},"content":{"rendered":"<p>Para rosto, colo e corpo. O Natural Collagen Inventia Face &amp; Body Spray 100 ml \u00e9 um spray de col\u00e1geno rejuvenescedor, regenerador e hidratante que atua intensamente contra rugas. O spray hidrata intensamente, revitaliza e refresca a pele do rosto e do corpo, sendo adequado para peles jovens, maduras e at\u00e9 mesmo muito sens\u00edveis. Ele melhora significativamente a firmeza, flexibilidade e hidrata\u00e7\u00e3o da pele, deixando-a lisa e visivelmente mais macia.<br \/>\nO revigorante Natural Collagen Inventia Spray de Col\u00e1geno cont\u00e9m col\u00e1geno natural hidratado altamente eficaz e \u00e1cido hialur\u00f4nico \u2013 duas subst\u00e2ncias altamente ativas com excelente capacidade antienvelhecimento. Col\u00e1geno e \u00e1cido hialur\u00f4nico melhoram significativamente a apar\u00eancia da pele, ret\u00eam a umidade e previnem o ressecamento. Al\u00e9m disso, o col\u00e1geno suaviza a pele, reduz rugas, previne o surgimento de novas rugas, estimula a produ\u00e7\u00e3o de col\u00e1geno pr\u00f3pria do corpo e acelera o processo de regenera\u00e7\u00e3o da pele.     <\/p>\n<p>O Natural Collagen Inventia Spray de Col\u00e1geno \u00e9 rico em subst\u00e2ncias raras, complexas e naturais. Seu fator de hidrata\u00e7\u00e3o (NMF), PCA, lactato e amino\u00e1cidos melhoram a hidrata\u00e7\u00e3o da pele, fortalecem sua barreira protetora natural e a tornam mais resistente a influ\u00eancias externas prejudiciais. <\/p>\n<p>Um componente importante do Natural Collagen Inventia Spray \u00e9 um extrato da fruta tropical Noni, que cont\u00e9m grandes quantidades de umectantes e prote\u00ednas e enzimas \u00fanicas para a nutri\u00e7\u00e3o da pele.<\/p>\n<p>O Natural Collagen Inventia Spray \u00e9 hipoalerg\u00eanico, dermatologicamente testado, livre de parabenos, corantes e \u00e1lcool. A pele n\u00e3o resseca e o spray tamb\u00e9m pode ser usado para fixar a maquiagem. <\/p>\n<ul>\n<li> regenera e fortalece as estruturas naturais da pele e reconstr\u00f3i<\/li>\n<li> cont\u00e9m col\u00e1geno natural<\/li>\n<li> atua contra rugas<\/li>\n<li> estimula a s\u00edntese de col\u00e1geno<\/li>\n<li> reduz significativamente a visibilidade de rugas profundas<\/li>\n<li> hidrata a pele de forma significativa e duradoura<\/li>\n<li> a pele fica mais firme, el\u00e1stica e lisa<\/li>\n<li> devolve \u00e0 pele seu brilho e vitalidade juvenis<\/li>\n<\/ul>\n<p><strong>Aplica\u00e7\u00e3o<\/strong><br \/>\nDe manh\u00e3 e \u00e0 noite, aplique uma pequena quantidade do Natural Collagen Inventia Spray de Col\u00e1geno na pele limpa do rosto, pesco\u00e7o e colo e deixe secar. Mantenha os olhos fechados ao pulverizar no rosto. O s\u00e9rum \u00e9 adequado para todos os tipos de pele, mesmo as sens\u00edveis e delicadas.  <\/p>\n<p><strong>Composi\u00e7\u00e3o<\/strong><br \/>\nAqua, Butylene Glycol, Gluconolactone, Arginine, Polysorbate 20, Morinda Citrifolia Fruit Extract, Soluble Collagen, Methyl Gluceth-10, Sodium PCA, Glucose, Urea, Glutamic Acid, Sodium Hyaluronate, Lysine, Glycine, Allantoin, Lactic Acid, Propylene Glycol, Sodium Benzoate, Perfume, Phenoxyelhanol, Hexyl Cinnamal, Butylphenyl Methylpropional, Limonene, Linalool.<\/p>\n<div align=\"center\">\n<script async=\"\" src=\"\/\/pagead2.googlesyndication.com\/pagead\/js\/adsbygoogle.js\"><\/script><br \/>\n<ins class=\"adsbygoogle\" style=\"display:block; text-align:center;\" data-ad-layout=\"in-article\" data-ad-format=\"fluid\" data-ad-client=\"ca-pub-6998664093247383\" data-ad-slot=\"1150623665\"><\/ins><br \/>\n<script>\n     (adsbygoogle = window.adsbygoogle || []).push({});\n<\/script>\n\t<\/div>\n","protected":false},"excerpt":{"rendered":"<p>O exclusivo Natural Collagen Inventia Face &amp; Body Spray \u00e9 um spray de col\u00e1geno rejuvenescedor, regenerador e hidratante com o col\u00e1geno natural Inventia.<\/p>\n","protected":false},"featured_media":320,"comment_status":"open","ping_status":"closed","template":"","meta":[],"product_brand":[],"product_cat":[75,73],"product_tag":[74],"class_list":{"0":"post-944","1":"product","2":"type-product","3":"status-publish","4":"has-post-thumbnail","6":"product_cat-cuidados-com-o-corpo","7":"product_cat-cuidados-faciais","8":"product_tag-natural-collagen-inventia","10":"first","11":"instock","12":"taxable","13":"shipping-taxable","14":"purchasable","15":"product-type-simple"},"aioseo_notices":[],"_links":{"self":[{"href":"https:\/\/kollagen-inventia.de\/pt-br\/wp-json\/wp\/v2\/product\/944","targetHints":{"allow":["GET"]}}],"collection":[{"href":"https:\/\/kollagen-inventia.de\/pt-br\/wp-json\/wp\/v2\/product"}],"about":[{"href":"https:\/\/kollagen-inventia.de\/pt-br\/wp-json\/wp\/v2\/types\/product"}],"replies":[{"embeddable":true,"href":"https:\/\/kollagen-inventia.de\/pt-br\/wp-json\/wp\/v2\/comments?post=944"}],"wp:featuredmedia":[{"embeddable":true,"href":"https:\/\/kollagen-inventia.de\/pt-br\/wp-json\/wp\/v2\/media\/320"}],"wp:attachment":[{"href":"https:\/\/kollagen-inventia.de\/pt-br\/wp-json\/wp\/v2\/media?parent=944"}],"wp:term":[{"taxonomy":"product_brand","embeddable":true,"href":"https:\/\/kollagen-inventia.de\/pt-br\/wp-json\/wp\/v2\/product_brand?post=944"},{"taxonomy":"product_cat","embeddable":true,"href":"https:\/\/kollagen-inventia.de\/pt-br\/wp-json\/wp\/v2\/product_cat?post=944"},{"taxonomy":"product_tag","embeddable":true,"href":"https:\/\/kollagen-inventia.de\/pt-br\/wp-json\/wp\/v2\/product_tag?post=944"}],"curies":[{"name":"wp","href":"https:\/\/api.w.org\/{rel}","templated":true}]}}