{"id":942,"date":"2018-02-25T13:03:58","date_gmt":"2018-02-25T13:03:58","guid":{"rendered":"https:\/\/kollagen-inventia.de\/produkt\/serum-corporal-redutor-dinamico-para-celulite-collagen-inventia-200ml"},"modified":"2018-02-25T13:03:58","modified_gmt":"2018-02-25T13:03:58","slug":"serum-corporal-redutor-dinamico-para-celulite-collagen-inventia-200ml","status":"publish","type":"product","link":"https:\/\/kollagen-inventia.de\/pt-br\/produkt\/serum-corporal-redutor-dinamico-para-celulite-collagen-inventia-200ml","title":{"rendered":"S\u00e9rum Corporal Redutor Din\u00e2mico para Celulite Collagen Inventia &#8211; 200ml"},"content":{"rendered":"<p><span id=\"ctl00_ContentPlaceHolder1_lblText\">O S\u00e9rum Corporal Redutor Din\u00e2mico de Col\u00e1geno Natural Inventia \u00e9 um preparado com o aroma e a cor do cappuccino. Este produto de cuidado \u00e9 destinado ao combate da celulite, um defeito est\u00e9tico que tira o sono de quase toda mulher. Apesar de sua consist\u00eancia delicada e aveludada, o produto \u00e9 um inimigo perigoso da celulite. A celulite \u00e9 uma condi\u00e7\u00e3o que, estima-se, afeta at\u00e9 95% das mulheres ap\u00f3s a puberdade. Este problema afeta n\u00e3o apenas mulheres com excesso de peso, mas tamb\u00e9m as muito magras. Em geral, a celulite representa uma forma\u00e7\u00e3o incorreta do tecido adiposo, que \u00e9 definida por especialistas como uma doen\u00e7a cr\u00f4nica n\u00e3o inflamat\u00f3ria do tecido adiposo. O processo de forma\u00e7\u00e3o da celulite \u00e9 o resultado do aumento do volume das c\u00e9lulas de gordura, que causam dist\u00farbios na circula\u00e7\u00e3o sangu\u00ednea e linf\u00e1tica ao pressionar os vasos, o que, no final, leva a dist\u00farbios metab\u00f3licos dentro desse tecido. Devido \u00e0 isquemia, os adip\u00f3citos come\u00e7am a acumular toxinas al\u00e9m da gordura. Al\u00e9m disso, exsudatos de vasos sangu\u00edneos com vazamento causam edemas, que prejudicam ainda mais o fluxo de fluidos corporais. As c\u00e9lulas de gordura excessivamente crescidas pressionam as fibras de col\u00e1geno e elastina, causando uma deforma\u00e7\u00e3o destas \u00faltimas, o que endurece o tecido conjuntivo e o faz perder sua elasticidade. Existem muitos fatores que contribuem para o crescimento excessivo do tecido adiposo. A primeira causa \u00e9 a falta de uma dieta equilibrada e de exerc\u00edcios, o que muitas vezes leva ao excesso de peso, ou seja, ao ac\u00famulo de grandes quantidades de gordura. Al\u00e9m disso, fatores gen\u00e9ticos e predisposi\u00e7\u00f5es desempenham um papel. No entanto, a base para o desenvolvimento desta condi\u00e7\u00e3o s\u00e3o dist\u00farbios hormonais \u2013 em particular, um excesso de horm\u00f4nios sexuais femininos \u2013 estrog\u00eanios, bem como a pr\u00f3pria estrutura da pele feminina e suas fibras de suporte. N\u00e3o temos influ\u00eancia sobre uma parte das causas do surgimento da \u201ccasca de laranja\u201d, mas as pesquisas realizadas por centros cient\u00edficos em todo o mundo nos deram uma vis\u00e3o das rea\u00e7\u00f5es subjacentes a essa doen\u00e7a. E, acima de tudo, nos equiparam com o conhecimento que permite uma luta eficaz contra a \u201ccasca de laranja\u201d. Uma abordagem abrangente do problema que preocupa as mulheres e uma an\u00e1lise das causas de sua forma\u00e7\u00e3o nos levaram a buscar os ingredientes ativos que garantem os m\u00e1ximos resultados para nossas clientes. Os ingredientes ativos que selecionamos e que comp\u00f5em a f\u00f3rmula atuam de forma multifacetada:                 <\/span><\/p>\n<ul>\n<li><span id=\"ctl00_ContentPlaceHolder1_lblText\">Estimulam a lip\u00f3lise, ou seja, a quebra de gordura nas c\u00e9lulas adiposas, para que as c\u00e9lulas j\u00e1 existentes n\u00e3o armazenem mais gordura, mas, pelo contr\u00e1rio, comecem a decomp\u00f4-la ativamente.<\/span><\/li>\n<li><span id=\"ctl00_ContentPlaceHolder1_lblText\">Estimulam a microcircula\u00e7\u00e3o para aumentar a drenagem tecidual e eliminar toxinas e \u00e1gua acumuladas, al\u00e9m de facilitar a penetra\u00e7\u00e3o dos ingredientes ativos no tecido adiposo problem\u00e1tico.<\/span><\/li>\n<li><span id=\"ctl00_ContentPlaceHolder1_lblText\">Retardam o processo de adipog\u00eanese, ou seja, a forma\u00e7\u00e3o de c\u00e9lulas de gordura, pois as c\u00e9lulas imaturas n\u00e3o s\u00e3o capazes de acumular reservas de gordura.<\/span><\/li>\n<li><span id=\"ctl00_ContentPlaceHolder1_lblText\">Retardam a lipog\u00eanese, ou seja, o processo de armazenamento de gordura nas c\u00e9lulas adiposas, para limitar ao m\u00e1ximo seu crescimento.<\/span><\/li>\n<\/ul>\n<p><span id=\"ctl00_ContentPlaceHolder1_lblText\">A solu\u00e7\u00e3o que propomos atua nas bases da forma\u00e7\u00e3o da \u201ccasca de laranja\u201d. No entanto, o produto em quest\u00e3o n\u00e3o apenas leva a uma melhoria tempor\u00e1ria do estado do tecido adiposo, mas, em primeiro lugar, previne a forma\u00e7\u00e3o de novo tecido adiposo (reduzindo a capacidade de armazenar gordura) e, adicionalmente, ajuda a manter os resultados alcan\u00e7ados (prevenindo a forma\u00e7\u00e3o de novas reservas de gordura). <\/span><\/p>\n<p><span id=\"ctl00_ContentPlaceHolder1_lblText\"><strong>EFEITOS<\/strong><\/span><\/p>\n<p><span id=\"ctl00_ContentPlaceHolder1_lblText\">A aplica\u00e7\u00e3o regular do nosso preparado traz resultados mensur\u00e1veis na forma de:<\/span><\/p>\n<ul>\n<li><span id=\"ctl00_ContentPlaceHolder1_lblText\">Redu\u00e7\u00e3o do peso corporal<\/span><\/li>\n<li><span id=\"ctl00_ContentPlaceHolder1_lblText\">Redu\u00e7\u00e3o do excesso de \u00e1gua extracelular<\/span><\/li>\n<li><span id=\"ctl00_ContentPlaceHolder1_lblText\">Redu\u00e7\u00e3o da circunfer\u00eancia de coxas e gl\u00fateos<\/span><\/li>\n<li><span id=\"ctl00_ContentPlaceHolder1_lblText\">Redu\u00e7\u00e3o da visibilidade da \u201ccasca de laranja\u201d<\/span><\/li>\n<li><span id=\"ctl00_ContentPlaceHolder1_lblText\">Melhora da microcircula\u00e7\u00e3o, o que \u00e9 percept\u00edvel como \u201cvasinhos\u201d menos vis\u00edveis<\/span><\/li>\n<li><span id=\"ctl00_ContentPlaceHolder1_lblText\">Melhora significativa da hidrata\u00e7\u00e3o, densidade e elasticidade da pele<\/span><\/li>\n<\/ul>\n<div align=\"center\">\n<script async=\"\" src=\"\/\/pagead2.googlesyndication.com\/pagead\/js\/adsbygoogle.js\"><\/script><br \/>\n<ins class=\"adsbygoogle\" style=\"display:block; text-align:center;\" data-ad-layout=\"in-article\" data-ad-format=\"fluid\" data-ad-client=\"ca-pub-6998664093247383\" data-ad-slot=\"1150623665\"><\/ins><br \/>\n<script>\n     (adsbygoogle = window.adsbygoogle || []).push({});\n<\/script>\n\t<\/div>\n","protected":false},"excerpt":{"rendered":"<p>O S\u00e9rum Corporal Redutor Din\u00e2mico de Col\u00e1geno Natural Inventia \u00e9 um preparado com o aroma e a cor do cappuccino. Este produto de cuidado \u00e9 destinado ao combate da celulite, um defeito est\u00e9tico que tira o sono de quase toda mulher. Apesar de sua consist\u00eancia delicada e aveludada, o produto \u00e9 um inimigo perigoso da [&hellip;]<\/p>\n","protected":false},"featured_media":186,"comment_status":"open","ping_status":"closed","template":"","meta":[],"product_brand":[],"product_cat":[75],"product_tag":[74],"class_list":{"0":"post-942","1":"product","2":"type-product","3":"status-publish","4":"has-post-thumbnail","6":"product_cat-cuidados-com-o-corpo","7":"product_tag-natural-collagen-inventia","9":"first","10":"instock","11":"sale","12":"taxable","13":"shipping-taxable","14":"purchasable","15":"product-type-simple"},"aioseo_notices":[],"_links":{"self":[{"href":"https:\/\/kollagen-inventia.de\/pt-br\/wp-json\/wp\/v2\/product\/942","targetHints":{"allow":["GET"]}}],"collection":[{"href":"https:\/\/kollagen-inventia.de\/pt-br\/wp-json\/wp\/v2\/product"}],"about":[{"href":"https:\/\/kollagen-inventia.de\/pt-br\/wp-json\/wp\/v2\/types\/product"}],"replies":[{"embeddable":true,"href":"https:\/\/kollagen-inventia.de\/pt-br\/wp-json\/wp\/v2\/comments?post=942"}],"wp:featuredmedia":[{"embeddable":true,"href":"https:\/\/kollagen-inventia.de\/pt-br\/wp-json\/wp\/v2\/media\/186"}],"wp:attachment":[{"href":"https:\/\/kollagen-inventia.de\/pt-br\/wp-json\/wp\/v2\/media?parent=942"}],"wp:term":[{"taxonomy":"product_brand","embeddable":true,"href":"https:\/\/kollagen-inventia.de\/pt-br\/wp-json\/wp\/v2\/product_brand?post=942"},{"taxonomy":"product_cat","embeddable":true,"href":"https:\/\/kollagen-inventia.de\/pt-br\/wp-json\/wp\/v2\/product_cat?post=942"},{"taxonomy":"product_tag","embeddable":true,"href":"https:\/\/kollagen-inventia.de\/pt-br\/wp-json\/wp\/v2\/product_tag?post=942"}],"curies":[{"name":"wp","href":"https:\/\/api.w.org\/{rel}","templated":true}]}}