{"id":940,"date":"2018-02-23T12:46:09","date_gmt":"2018-02-23T12:46:09","guid":{"rendered":"https:\/\/kollagen-inventia.de\/produkt\/natural-collagen-inventia-creme-diurno-day-com-colageno-50ml"},"modified":"2018-02-23T12:46:09","modified_gmt":"2018-02-23T12:46:09","slug":"natural-collagen-inventia-creme-diurno-day-com-colageno-50ml","status":"publish","type":"product","link":"https:\/\/kollagen-inventia.de\/pt-br\/produkt\/natural-collagen-inventia-creme-diurno-day-com-colageno-50ml","title":{"rendered":"Natural Collagen Inventia Creme Diurno Day com Col\u00e1geno &#8211; 50ml"},"content":{"rendered":"<p><span id=\"ctl00_ContentPlaceHolder1_lblText\">Creme diurno anti-aging intensamente nutritivo da Natural Collagen Inventia com col\u00e1geno natural. O creme antirrugas \u00e9 adequado para todos os tipos de pele, mas \u00e9 especialmente recomendado para pele cansada e seca. Cont\u00e9m col\u00e1geno bioativo natural (col\u00e1geno de peixe natural) e Matrixyl\u00ae 3000, que apresentam fortes propriedades antirrugas. Al\u00e9m disso, hidratam a pele e protegem-na contra a perda de umidade. A pele fica mais lisa, a firmeza e elasticidade s\u00e3o melhoradas, as rugas s\u00e3o suavizadas. A vitamina E e os extratos de aloe e noni nutrem a pele, gra\u00e7as aos quais ela recupera sua cor natural, correta e saud\u00e1vel. D-Pantenol, alanto\u00edna e extrato de Centella asiatica aliviam irrita\u00e7\u00f5es cut\u00e2neas e previnem o surgimento de inflama\u00e7\u00f5es, e o \u00f3leo de borragem e sojadine conferem elasticidade \u00e0 pele, previnem aspereza e descama\u00e7\u00e3o. O creme diurno Natural Collagen Inventia com efeito rejuvenescedor nutre, alisa e hidrata intensamente a pele, deixando-a relaxada e devolvendo seu brilho pleno e natural.       <\/span><\/p>\n<p><span id=\"ctl00_ContentPlaceHolder1_lblText\"><strong>EFEITOS<\/strong><\/span><\/p>\n<ul>\n<li><span id=\"ctl00_ContentPlaceHolder1_lblText\">Fortes propriedades antirrugas<\/span><\/li>\n<li><span id=\"ctl00_ContentPlaceHolder1_lblText\">Regenera e nutre de forma duradoura<\/span><\/li>\n<li><span id=\"ctl00_ContentPlaceHolder1_lblText\">Cuida, alivia irrita\u00e7\u00f5es<\/span><\/li>\n<li><span id=\"ctl00_ContentPlaceHolder1_lblText\">Hidrata, firma, alisa<\/span><\/li>\n<\/ul>\n<div align=\"center\">\n<script async=\"\" src=\"\/\/pagead2.googlesyndication.com\/pagead\/js\/adsbygoogle.js\"><\/script><br \/>\n<ins class=\"adsbygoogle\" style=\"display:block; text-align:center;\" data-ad-layout=\"in-article\" data-ad-format=\"fluid\" data-ad-client=\"ca-pub-6998664093247383\" data-ad-slot=\"1150623665\"><\/ins><br \/>\n<script>\n     (adsbygoogle = window.adsbygoogle || []).push({});\n<\/script>\n\t<\/div>\n","protected":false},"excerpt":{"rendered":"<p><span id=\"ctl00_ContentPlaceHolder1_lblText\">Creme diurno anti-aging intensamente nutritivo da Natural Collagen Inventia com col\u00e1geno natural. O creme antirrugas \u00e9 adequado para todos os tipos de pele, mas \u00e9 especialmente recomendado para pele cansada e seca. Cont\u00e9m col\u00e1geno bioativo natural  <\/span><\/p>\n","protected":false},"featured_media":164,"comment_status":"open","ping_status":"closed","template":"","meta":[],"product_brand":[],"product_cat":[73],"product_tag":[74],"class_list":{"0":"post-940","1":"product","2":"type-product","3":"status-publish","4":"has-post-thumbnail","6":"product_cat-cuidados-faciais","7":"product_tag-natural-collagen-inventia","9":"first","10":"instock","11":"taxable","12":"shipping-taxable","13":"purchasable","14":"product-type-simple"},"aioseo_notices":[],"_links":{"self":[{"href":"https:\/\/kollagen-inventia.de\/pt-br\/wp-json\/wp\/v2\/product\/940","targetHints":{"allow":["GET"]}}],"collection":[{"href":"https:\/\/kollagen-inventia.de\/pt-br\/wp-json\/wp\/v2\/product"}],"about":[{"href":"https:\/\/kollagen-inventia.de\/pt-br\/wp-json\/wp\/v2\/types\/product"}],"replies":[{"embeddable":true,"href":"https:\/\/kollagen-inventia.de\/pt-br\/wp-json\/wp\/v2\/comments?post=940"}],"wp:featuredmedia":[{"embeddable":true,"href":"https:\/\/kollagen-inventia.de\/pt-br\/wp-json\/wp\/v2\/media\/164"}],"wp:attachment":[{"href":"https:\/\/kollagen-inventia.de\/pt-br\/wp-json\/wp\/v2\/media?parent=940"}],"wp:term":[{"taxonomy":"product_brand","embeddable":true,"href":"https:\/\/kollagen-inventia.de\/pt-br\/wp-json\/wp\/v2\/product_brand?post=940"},{"taxonomy":"product_cat","embeddable":true,"href":"https:\/\/kollagen-inventia.de\/pt-br\/wp-json\/wp\/v2\/product_cat?post=940"},{"taxonomy":"product_tag","embeddable":true,"href":"https:\/\/kollagen-inventia.de\/pt-br\/wp-json\/wp\/v2\/product_tag?post=940"}],"curies":[{"name":"wp","href":"https:\/\/api.w.org\/{rel}","templated":true}]}}