{"id":935,"date":"2018-02-26T12:20:09","date_gmt":"2018-02-26T12:20:09","guid":{"rendered":"https:\/\/kollagen-inventia.de\/produkt\/serum-para-a-area-dos-olhos-natural-collagen-inventia-vitamina-ae-15-ml"},"modified":"2018-02-26T12:20:09","modified_gmt":"2018-02-26T12:20:09","slug":"serum-para-a-area-dos-olhos-natural-collagen-inventia-vitamina-ae-15-ml","status":"publish","type":"product","link":"https:\/\/kollagen-inventia.de\/pt-br\/produkt\/serum-para-a-area-dos-olhos-natural-collagen-inventia-vitamina-ae-15-ml","title":{"rendered":"S\u00e9rum para a \u00c1rea dos Olhos Natural Collagen Inventia Vitamina A+E &#8211; 15 ml"},"content":{"rendered":"<p><span id=\"ctl00_ContentPlaceHolder1_lblText\">O S\u00e9rum de Col\u00e1geno Anti-Aging Natural Collagen Inventia com col\u00e1geno natural \u00e9 destinado ao cuidado da \u00e1rea dos olhos e ajuda a combater rugas e olheiras nesta regi\u00e3o facial especialmente sens\u00edvel. O produto \u00e9 um gel de col\u00e1geno, caracterizado por uma consist\u00eancia de gel homog\u00eanea com cor levemente opalescente e um aroma suave caracter\u00edstico. O s\u00e9rum de col\u00e1geno cont\u00e9m mais col\u00e1geno natural no &#8220;col\u00e1geno&#8221;, ou seja, possui um teor de col\u00e1geno mais elevado na massa seca. A quantidade de col\u00e1geno no s\u00e9rum foi aumentada em 10%. Al\u00e9m disso, o produto foi enriquecido com duas vitaminas valiosas para uma apar\u00eancia saud\u00e1vel da pele: A e E. Como estas vitaminas s\u00e3o antioxidantes potentes, foram protegidas contra a perda de atividade atrav\u00e9s do encapsulamento em esferas, das quais s\u00f3 s\u00e3o liberadas durante o contato com a pele.     <\/span><\/p>\n<p><span id=\"ctl00_ContentPlaceHolder1_lblText\"><strong>EFEITOS<\/strong><\/span><\/p>\n<ul>\n<li><span id=\"ctl00_ContentPlaceHolder1_lblText\">Efeito de rejuvenescimento vis\u00edvel da \u00e1rea dos olhos<\/span><\/li>\n<li>ajuda contra olheiras e rugas nos olhos<\/li>\n<li><span id=\"ctl00_ContentPlaceHolder1_lblText\">Rugas menos vis\u00edveis<\/span><\/li>\n<li><span id=\"ctl00_ContentPlaceHolder1_lblText\">Prote\u00e7\u00e3o ativa contra o envelhecimento precoce da pele ao redor dos olhos<\/span><\/li>\n<li><span id=\"ctl00_ContentPlaceHolder1_lblText\">Cuida da pele exigente e muito sens\u00edvel da \u00e1rea dos olhos<\/span><\/li>\n<li><span id=\"ctl00_ContentPlaceHolder1_lblText\">Hidrata, suaviza, firma a pele e devolve \u00e0 tua apar\u00eancia um brilho juvenil<\/span><\/li>\n<li>cont\u00e9m col\u00e1geno de peixe natural<\/li>\n<\/ul>\n<p><a href=\"https:\/\/anti-aging-collagen.de\/epages\/39508a79-18ea-40d7-9fc3-afca5ad8e52e.sf\/de_DE\/?ObjectPath=\/Shops\/39508a79-18ea-40d7-9fc3-afca5ad8e52e\/Categories\/Blog\" data-link-type=\"tree\" data-type=\"linkpicker\">Relatos de experi\u00eancias sobre o S\u00e9rum para a \u00c1rea dos Olhos Natural Collagen Inventia com Vitamina A+E &gt;&gt;&gt;<\/a><\/p>\n<div align=\"center\">\n<script async=\"\" src=\"\/\/pagead2.googlesyndication.com\/pagead\/js\/adsbygoogle.js\"><\/script><br \/>\n<ins class=\"adsbygoogle\" style=\"display:block; text-align:center;\" data-ad-layout=\"in-article\" data-ad-format=\"fluid\" data-ad-client=\"ca-pub-6998664093247383\" data-ad-slot=\"1150623665\"><\/ins><br \/>\n<script>\n     (adsbygoogle = window.adsbygoogle || []).push({});\n<\/script>\n\t<\/div>\n","protected":false},"excerpt":{"rendered":"<p><span id=\"ctl00_ContentPlaceHolder1_lblText\">O S\u00e9rum de Col\u00e1geno Anti-Aging Natural Collagen Inventia com col\u00e1geno natural \u00e9 destinado ao cuidado da \u00e1rea dos olhos e ajuda a combater rugas e olheiras nesta regi\u00e3o facial especialmente sens\u00edvel.<\/span><\/p>\n","protected":false},"featured_media":158,"comment_status":"open","ping_status":"closed","template":"","meta":[],"product_brand":[],"product_cat":[73],"product_tag":[74],"class_list":{"0":"post-935","1":"product","2":"type-product","3":"status-publish","4":"has-post-thumbnail","6":"product_cat-cuidados-faciais","7":"product_tag-natural-collagen-inventia","9":"first","10":"instock","11":"sale","12":"taxable","13":"shipping-taxable","14":"purchasable","15":"product-type-simple"},"aioseo_notices":[],"_links":{"self":[{"href":"https:\/\/kollagen-inventia.de\/pt-br\/wp-json\/wp\/v2\/product\/935","targetHints":{"allow":["GET"]}}],"collection":[{"href":"https:\/\/kollagen-inventia.de\/pt-br\/wp-json\/wp\/v2\/product"}],"about":[{"href":"https:\/\/kollagen-inventia.de\/pt-br\/wp-json\/wp\/v2\/types\/product"}],"replies":[{"embeddable":true,"href":"https:\/\/kollagen-inventia.de\/pt-br\/wp-json\/wp\/v2\/comments?post=935"}],"wp:featuredmedia":[{"embeddable":true,"href":"https:\/\/kollagen-inventia.de\/pt-br\/wp-json\/wp\/v2\/media\/158"}],"wp:attachment":[{"href":"https:\/\/kollagen-inventia.de\/pt-br\/wp-json\/wp\/v2\/media?parent=935"}],"wp:term":[{"taxonomy":"product_brand","embeddable":true,"href":"https:\/\/kollagen-inventia.de\/pt-br\/wp-json\/wp\/v2\/product_brand?post=935"},{"taxonomy":"product_cat","embeddable":true,"href":"https:\/\/kollagen-inventia.de\/pt-br\/wp-json\/wp\/v2\/product_cat?post=935"},{"taxonomy":"product_tag","embeddable":true,"href":"https:\/\/kollagen-inventia.de\/pt-br\/wp-json\/wp\/v2\/product_tag?post=935"}],"curies":[{"name":"wp","href":"https:\/\/api.w.org\/{rel}","templated":true}]}}