{"id":930,"date":"2018-02-27T10:34:07","date_gmt":"2018-02-27T10:34:07","guid":{"rendered":"https:\/\/kollagen-inventia.de\/produkt\/capsulas-de-colageno-invita-pele-bonita-120-unid"},"modified":"2018-02-27T10:34:07","modified_gmt":"2018-02-27T10:34:07","slug":"capsulas-de-colageno-invita-pele-bonita-120-unid","status":"publish","type":"product","link":"https:\/\/kollagen-inventia.de\/pt-br\/produkt\/capsulas-de-colageno-invita-pele-bonita-120-unid","title":{"rendered":"C\u00e1psulas de Col\u00e1geno Invita Pele Bonita &#8211; 120 unid."},"content":{"rendered":"<p><span id=\"ctl00_ContentPlaceHolder1_lblText\">Invita Skin Beauty \u00e9 um suplemento alimentar com col\u00e1geno de peixe e uma composi\u00e7\u00e3o \u00fanica. Cont\u00e9m algas micronizadas, um liofilizado de col\u00e1geno de peixe de tripla h\u00e9lice e um derivado natural de vitamina E (<em>acetato de D-\u03b1-tocoferol<\/em>) extra\u00eddo da soja. Os componentes do Invita Skin Beauty apresentam-se na forma de compostos org\u00e2nicos altamente biodispon\u00edveis, tornando o preparado uma fonte sin\u00e9rgica de nutrientes, incluindo col\u00e1geno, vitamina E e iodo. O Invita Skin Beauty estimula os processos de forma\u00e7\u00e3o de col\u00e1geno. O iodo contido auxilia no funcionamento da tireoide e na manuten\u00e7\u00e3o de uma pele saud\u00e1vel, enquanto a vitamina E protege as c\u00e9lulas contra o estresse oxidativo. O col\u00e1geno ajuda a manter a estrutura e a elasticidade corretas da pele. Atualmente, \u00e9 o \u00fanico suplemento alimentar produzido cujo teor proteico \u00e9 obtido exclusivamente por liofiliza\u00e7\u00e3o do hidrato de col\u00e1geno, preservando a conforma\u00e7\u00e3o de tripla h\u00e9lice das mol\u00e9culas isoladas de peles de peixe. A composi\u00e7\u00e3o \u00e9 encapsulada em gelatina de peixe e embalada em blisters de 10 unidades.       <\/span><\/p>\n<p><span id=\"ctl00_ContentPlaceHolder1_lblText\"><strong>  A\u00c7\u00c3O<\/strong><\/span><\/p>\n<ul>\n<li><span id=\"ctl00_ContentPlaceHolder1_lblText\">O col\u00e1geno natural (col\u00e1geno de peixe) cuida da pele de dentro para fora, deixando-a macia e firme.<\/span><\/li>\n<li><span id=\"ctl00_ContentPlaceHolder1_lblText\">O col\u00e1geno ajuda a manter a estrutura correta da pele.<\/span><\/li>\n<li><span id=\"ctl00_ContentPlaceHolder1_lblText\">A vitamina E retarda o processo de envelhecimento dos tecidos e os protege contra o estresse oxidativo.<\/span><\/li>\n<li><span id=\"ctl00_ContentPlaceHolder1_lblText\">O iodo \u00e9 importante para manter a pele saud\u00e1vel.<\/span><\/li>\n<\/ul>\n<div align=\"center\">\n<script async=\"\" src=\"\/\/pagead2.googlesyndication.com\/pagead\/js\/adsbygoogle.js\"><\/script><br \/>\n<ins class=\"adsbygoogle\" style=\"display:block; text-align:center;\" data-ad-layout=\"in-article\" data-ad-format=\"fluid\" data-ad-client=\"ca-pub-6998664093247383\" data-ad-slot=\"1150623665\"><\/ins><br \/>\n<script>\n     (adsbygoogle = window.adsbygoogle || []).push({});\n<\/script>\n\t<\/div>\n","protected":false},"excerpt":{"rendered":"<p><span id=\"ctl00_ContentPlaceHolder1_lblText\">Invita Skin Beauty \u00e9 um suplemento alimentar com col\u00e1geno de peixe e uma composi\u00e7\u00e3o \u00fanica. Cont\u00e9m algas micronizadas, um liofilizado de col\u00e1geno de peixe de tripla h\u00e9lice e um derivado natural de vitamina E (<em>acetato de D-\u03b1-tocoferol<\/em>) extra\u00eddo da soja. <\/span><\/p>\n","protected":false},"featured_media":204,"comment_status":"open","ping_status":"closed","template":"","meta":[],"product_brand":[],"product_cat":[81],"product_tag":[74],"class_list":{"0":"post-930","1":"product","2":"type-product","3":"status-publish","4":"has-post-thumbnail","6":"product_cat-suplemento-alimentar","7":"product_tag-natural-collagen-inventia","9":"first","10":"instock","11":"taxable","12":"shipping-taxable","13":"purchasable","14":"product-type-simple"},"aioseo_notices":[],"_links":{"self":[{"href":"https:\/\/kollagen-inventia.de\/pt-br\/wp-json\/wp\/v2\/product\/930","targetHints":{"allow":["GET"]}}],"collection":[{"href":"https:\/\/kollagen-inventia.de\/pt-br\/wp-json\/wp\/v2\/product"}],"about":[{"href":"https:\/\/kollagen-inventia.de\/pt-br\/wp-json\/wp\/v2\/types\/product"}],"replies":[{"embeddable":true,"href":"https:\/\/kollagen-inventia.de\/pt-br\/wp-json\/wp\/v2\/comments?post=930"}],"wp:featuredmedia":[{"embeddable":true,"href":"https:\/\/kollagen-inventia.de\/pt-br\/wp-json\/wp\/v2\/media\/204"}],"wp:attachment":[{"href":"https:\/\/kollagen-inventia.de\/pt-br\/wp-json\/wp\/v2\/media?parent=930"}],"wp:term":[{"taxonomy":"product_brand","embeddable":true,"href":"https:\/\/kollagen-inventia.de\/pt-br\/wp-json\/wp\/v2\/product_brand?post=930"},{"taxonomy":"product_cat","embeddable":true,"href":"https:\/\/kollagen-inventia.de\/pt-br\/wp-json\/wp\/v2\/product_cat?post=930"},{"taxonomy":"product_tag","embeddable":true,"href":"https:\/\/kollagen-inventia.de\/pt-br\/wp-json\/wp\/v2\/product_tag?post=930"}],"curies":[{"name":"wp","href":"https:\/\/api.w.org\/{rel}","templated":true}]}}