{"id":927,"date":"2018-02-27T10:33:45","date_gmt":"2018-02-27T10:33:45","guid":{"rendered":"https:\/\/kollagen-inventia.de\/produkt\/capsulas-de-colageno-invita-pele-bonita-60un"},"modified":"2018-02-27T10:33:45","modified_gmt":"2018-02-27T10:33:45","slug":"capsulas-de-colageno-invita-pele-bonita-60un","status":"publish","type":"product","link":"https:\/\/kollagen-inventia.de\/pt-br\/produkt\/capsulas-de-colageno-invita-pele-bonita-60un","title":{"rendered":"C\u00e1psulas de Col\u00e1geno Invita Pele Bonita &#8211; 60un"},"content":{"rendered":"<p><span id=\"ctl00_ContentPlaceHolder1_lblText\">Invita Skin Beauty \u00e9 um suplemento alimentar com col\u00e1geno de peixe e uma composi\u00e7\u00e3o \u00fanica. Cont\u00e9m algas micronizadas, um liofilizado de col\u00e1geno de peixe de tripla h\u00e9lice e um derivado natural de vitamina E (<em>D-\u03b1-tocoferil acetato<\/em>), obtido a partir de soja.  Os componentes do Invita Skin Beauty t\u00eam a forma de compostos org\u00e2nicos muito bem absorvidos, fazendo com que o produto seja uma fonte sin\u00e9rgica de nutrientes, incluindo col\u00e1geno, vitamina E e iodo. Invita Skin Beauty estimula os processos de forma\u00e7\u00e3o de col\u00e1geno. O iodo contido nele apoia a fun\u00e7\u00e3o da tireoide e contribui para a manuten\u00e7\u00e3o de uma pele saud\u00e1vel, e a vitamina E protege as c\u00e9lulas contra o estresse oxidativo. O col\u00e1geno ajuda a manter a estrutura e elasticidade adequadas da pele. Invita Pele Bonita da Natural Collagen Inventia \u00e9 atualmente o \u00fanico suplemento alimentar produzido cuja por\u00e7\u00e3o proteica \u00e9 obtida exclusivamente pelo princ\u00edpio da liofiliza\u00e7\u00e3o do hidrato de col\u00e1geno, sendo que as mol\u00e9culas isoladas de peles de peixe que o comp\u00f5em mantiveram a conforma\u00e7\u00e3o de tripla h\u00e9lice. A composi\u00e7\u00e3o feita a partir dos ingredientes acima \u00e9 encapsulada em c\u00e1psulas de gelatina de peixe e depois embalada em blisters de 10 unidades cada.     <\/span><\/p>\n<p><span id=\"ctl00_ContentPlaceHolder1_lblText\"><strong>  A\u00c7\u00c3O<\/strong><\/span><\/p>\n<ul>\n<li><span id=\"ctl00_ContentPlaceHolder1_lblText\">O col\u00e1geno natural (col\u00e1geno de peixe) cuida da pele de dentro para fora, deixando-a macia e firme.<\/span><\/li>\n<li><span id=\"ctl00_ContentPlaceHolder1_lblText\">O col\u00e1geno ajuda a manter a estrutura adequada da pele.<\/span><\/li>\n<li><span id=\"ctl00_ContentPlaceHolder1_lblText\">A vitamina E inibe o processo de envelhecimento do tecido e protege-o contra o estresse oxidativo.<\/span><\/li>\n<li><span id=\"ctl00_ContentPlaceHolder1_lblText\">O iodo \u00e9 importante para a manuten\u00e7\u00e3o de uma pele saud\u00e1vel.<\/span><\/li>\n<\/ul>\n<div align=\"center\">\n<script async=\"\" src=\"\/\/pagead2.googlesyndication.com\/pagead\/js\/adsbygoogle.js\"><\/script><br \/>\n<ins class=\"adsbygoogle\" style=\"display:block; text-align:center;\" data-ad-layout=\"in-article\" data-ad-format=\"fluid\" data-ad-client=\"ca-pub-6998664093247383\" data-ad-slot=\"1150623665\"><\/ins><br \/>\n<script>\n     (adsbygoogle = window.adsbygoogle || []).push({});\n<\/script>\n\t<\/div>\n","protected":false},"excerpt":{"rendered":"<p><span id=\"ctl00_ContentPlaceHolder1_lblText\">Invita Skin Beauty \u00e9 um suplemento alimentar com col\u00e1geno de peixe e uma composi\u00e7\u00e3o \u00fanica. Cont\u00e9m algas micronizadas, um liofilizado de col\u00e1geno de peixe de tripla h\u00e9lice e um derivado natural de vitamina E (<em>D-\u03b1-tocoferil acetato<\/em>), obtido a partir de soja. <\/span><\/p>\n","protected":false},"featured_media":204,"comment_status":"open","ping_status":"closed","template":"","meta":[],"product_brand":[],"product_cat":[81],"product_tag":[74],"class_list":{"0":"post-927","1":"product","2":"type-product","3":"status-publish","4":"has-post-thumbnail","6":"product_cat-suplemento-alimentar","7":"product_tag-natural-collagen-inventia","9":"first","10":"instock","11":"sale","12":"taxable","13":"shipping-taxable","14":"purchasable","15":"product-type-simple"},"aioseo_notices":[],"_links":{"self":[{"href":"https:\/\/kollagen-inventia.de\/pt-br\/wp-json\/wp\/v2\/product\/927","targetHints":{"allow":["GET"]}}],"collection":[{"href":"https:\/\/kollagen-inventia.de\/pt-br\/wp-json\/wp\/v2\/product"}],"about":[{"href":"https:\/\/kollagen-inventia.de\/pt-br\/wp-json\/wp\/v2\/types\/product"}],"replies":[{"embeddable":true,"href":"https:\/\/kollagen-inventia.de\/pt-br\/wp-json\/wp\/v2\/comments?post=927"}],"wp:featuredmedia":[{"embeddable":true,"href":"https:\/\/kollagen-inventia.de\/pt-br\/wp-json\/wp\/v2\/media\/204"}],"wp:attachment":[{"href":"https:\/\/kollagen-inventia.de\/pt-br\/wp-json\/wp\/v2\/media?parent=927"}],"wp:term":[{"taxonomy":"product_brand","embeddable":true,"href":"https:\/\/kollagen-inventia.de\/pt-br\/wp-json\/wp\/v2\/product_brand?post=927"},{"taxonomy":"product_cat","embeddable":true,"href":"https:\/\/kollagen-inventia.de\/pt-br\/wp-json\/wp\/v2\/product_cat?post=927"},{"taxonomy":"product_tag","embeddable":true,"href":"https:\/\/kollagen-inventia.de\/pt-br\/wp-json\/wp\/v2\/product_tag?post=927"}],"curies":[{"name":"wp","href":"https:\/\/api.w.org\/{rel}","templated":true}]}}