{"id":915,"date":"2018-02-25T13:21:55","date_gmt":"2018-02-25T13:21:55","guid":{"rendered":"https:\/\/kollagen-inventia.de\/produkt\/natural-collagen-inventia-body-serum-de-colageno-50ml"},"modified":"2018-02-25T13:21:55","modified_gmt":"2018-02-25T13:21:55","slug":"natural-collagen-inventia-body-serum-de-colageno-50ml","status":"publish","type":"product","link":"https:\/\/kollagen-inventia.de\/pt-br\/produkt\/natural-collagen-inventia-body-serum-de-colageno-50ml","title":{"rendered":"Natural Collagen Inventia Body S\u00e9rum de Col\u00e1geno &#8211; 50ml"},"content":{"rendered":"<p><span id=\"ctl00_ContentPlaceHolder1_lblText\">O Natural Collagen Inventia Body S\u00e9rum de Col\u00e1geno 50 ml \u00e9 recomendado para o cuidado intensivo de todos os tipos de pele, especialmente pele seca e sens\u00edvel. \u00c9 indicado para uso em sal\u00f5es de beleza e em casa, sendo tamb\u00e9m ideal ap\u00f3s banhos de sol, quando a pele est\u00e1 seca e precisa de nutrientes extras. O s\u00e9rum de col\u00e1geno \u00e9 um gel semifluido com tonalidade cinza perolado. A forma em gel facilita a aplica\u00e7\u00e3o e distribui\u00e7\u00e3o.<br \/>\nPara o cuidado do rosto e decote, recomendamos o Natural Collagen Inventia Face S\u00e9rum de Col\u00e1geno. O Natural Collagen Inventia Hair&amp;Nails \u00e9 recomendado para o cuidado de cabelos e unhas, bem como aditivo para banho.    <\/span><\/p>\n<p><span id=\"ctl00_ContentPlaceHolder1_lblText\"><strong>EFEITOS<\/strong><\/span><\/p>\n<ul>\n<li><span id=\"ctl00_ContentPlaceHolder1_lblText\">Aumenta a firmeza da pele, minimizando a visibilidade das rugas<\/span><\/li>\n<li><span id=\"ctl00_ContentPlaceHolder1_lblText\">O produto estimula a produ\u00e7\u00e3o de col\u00e1geno pr\u00f3prio do corpo<\/span><\/li>\n<li>O gel cont\u00e9m col\u00e1geno de peixe<\/li>\n<li><span id=\"ctl00_ContentPlaceHolder1_lblText\">Melhora a apar\u00eancia geral da pele<\/span><\/li>\n<li><span id=\"ctl00_ContentPlaceHolder1_lblText\">Melhora visivelmente a hidrata\u00e7\u00e3o<\/span><\/li>\n<li><span id=\"ctl00_ContentPlaceHolder1_lblText\">Aumenta a capacidade de reten\u00e7\u00e3o de \u00e1gua da pele<\/span><\/li>\n<li><span id=\"ctl00_ContentPlaceHolder1_lblText\">Forma uma pel\u00edcula protetora na pele, evitando a perda de umidade<\/span><\/li>\n<li><span id=\"ctl00_ContentPlaceHolder1_lblText\">Reduz significativamente a aspereza da pele, alisa e torna el\u00e1stica<\/span><\/li>\n<li><span id=\"ctl00_ContentPlaceHolder1_lblText\">Esfolia suavemente a epiderme, acelerando sua regenera\u00e7\u00e3o, clareia hiperpigmenta\u00e7\u00f5es e uniformiza o tom da pele<\/span><\/li>\n<li><span id=\"ctl00_ContentPlaceHolder1_lblText\">Possui alto grau de absor\u00e7\u00e3o<\/span><\/li>\n<li><span id=\"ctl00_ContentPlaceHolder1_lblText\">Muito compat\u00edvel com a pele<\/span><\/li>\n<li><span id=\"ctl00_ContentPlaceHolder1_lblText\">N\u00e3o representa fonte de pr\u00edons<\/span><\/li>\n<li><span id=\"ctl00_ContentPlaceHolder1_lblText\">Caracteriza-se por um grau de pureza muito elevado<\/span><\/li>\n<li><span id=\"ctl00_ContentPlaceHolder1_lblText\">N\u00e3o cont\u00e9m parabenos nem conservantes!<\/span><\/li>\n<\/ul>\n<div align=\"center\">\n<script async=\"\" src=\"\/\/pagead2.googlesyndication.com\/pagead\/js\/adsbygoogle.js\"><\/script><br \/>\n<ins class=\"adsbygoogle\" style=\"display:block; text-align:center;\" data-ad-layout=\"in-article\" data-ad-format=\"fluid\" data-ad-client=\"ca-pub-6998664093247383\" data-ad-slot=\"1150623665\"><\/ins><br \/>\n<script>\n     (adsbygoogle = window.adsbygoogle || []).push({});\n<\/script>\n\t<\/div>\n","protected":false},"excerpt":{"rendered":"<p><span id=\"ctl00_ContentPlaceHolder1_lblText\">O Natural Collagen Inventia Body S\u00e9rum de Col\u00e1geno 50 ml \u00e9 recomendado para o cuidado intensivo de todos os tipos de pele, especialmente pele seca e sens\u00edvel. \u00c9 indicado para uso em sal\u00f5es de beleza e em casa, sendo tamb\u00e9m ideal ap\u00f3s banhos de sol, quando a pele est\u00e1 seca e precisa de nutrientes extras. <\/span><\/p>\n","protected":false},"featured_media":188,"comment_status":"open","ping_status":"closed","template":"","meta":[],"product_brand":[],"product_cat":[75],"product_tag":[74],"class_list":{"0":"post-915","1":"product","2":"type-product","3":"status-publish","4":"has-post-thumbnail","6":"product_cat-cuidados-com-o-corpo","7":"product_tag-natural-collagen-inventia","9":"first","10":"instock","11":"taxable","12":"shipping-taxable","13":"purchasable","14":"product-type-simple"},"aioseo_notices":[],"_links":{"self":[{"href":"https:\/\/kollagen-inventia.de\/pt-br\/wp-json\/wp\/v2\/product\/915","targetHints":{"allow":["GET"]}}],"collection":[{"href":"https:\/\/kollagen-inventia.de\/pt-br\/wp-json\/wp\/v2\/product"}],"about":[{"href":"https:\/\/kollagen-inventia.de\/pt-br\/wp-json\/wp\/v2\/types\/product"}],"replies":[{"embeddable":true,"href":"https:\/\/kollagen-inventia.de\/pt-br\/wp-json\/wp\/v2\/comments?post=915"}],"wp:featuredmedia":[{"embeddable":true,"href":"https:\/\/kollagen-inventia.de\/pt-br\/wp-json\/wp\/v2\/media\/188"}],"wp:attachment":[{"href":"https:\/\/kollagen-inventia.de\/pt-br\/wp-json\/wp\/v2\/media?parent=915"}],"wp:term":[{"taxonomy":"product_brand","embeddable":true,"href":"https:\/\/kollagen-inventia.de\/pt-br\/wp-json\/wp\/v2\/product_brand?post=915"},{"taxonomy":"product_cat","embeddable":true,"href":"https:\/\/kollagen-inventia.de\/pt-br\/wp-json\/wp\/v2\/product_cat?post=915"},{"taxonomy":"product_tag","embeddable":true,"href":"https:\/\/kollagen-inventia.de\/pt-br\/wp-json\/wp\/v2\/product_tag?post=915"}],"curies":[{"name":"wp","href":"https:\/\/api.w.org\/{rel}","templated":true}]}}