{"id":890,"date":"2018-02-25T13:26:58","date_gmt":"2018-02-25T13:26:58","guid":{"rendered":"https:\/\/kollagen-inventia.de\/produkt\/mascara-facial-nanogold-natural-inventia-com-colageno-nativo-de-peixe-3-unid"},"modified":"2018-02-25T13:26:58","modified_gmt":"2018-02-25T13:26:58","slug":"mascara-facial-nanogold-natural-inventia-com-colageno-nativo-de-peixe-3-unid","status":"publish","type":"product","link":"https:\/\/kollagen-inventia.de\/pt-br\/produkt\/mascara-facial-nanogold-natural-inventia-com-colageno-nativo-de-peixe-3-unid","title":{"rendered":"M\u00e1scara Facial Nanogold Natural Inventia com Col\u00e1geno Nativo de Peixe &#8211; 3 unid."},"content":{"rendered":"<p><span id=\"ctl00_ContentPlaceHolder1_lblText\">M\u00e1scara Facial Natural Collagen Inventia Nanogold com col\u00e1geno. As m\u00e1scaras anti-idade com ouro s\u00e3o produtos exclusivos, ricos em ativos, incluindo mol\u00e9culas de ouro \u00fanicas e valiosas. O efeito ben\u00e9fico do ouro \u00e9 potencializado pela a\u00e7\u00e3o intensamente regeneradora e nutritiva do col\u00e1geno e da elastina, bem como da vitamina B3 e das propriedades hidratantes extraordin\u00e1rias do sal de s\u00f3dio PCA e do \u00e1cido hialur\u00f4nico. Al\u00e9m disso, entre os ingredientes da m\u00e1scara, encontram-se o extrato de aloe vera, rico em subst\u00e2ncias essenciais, e a conhecida combatente dos radicais livres \u2013 a vitamina E.   <\/span><\/p>\n<p><span id=\"ctl00_ContentPlaceHolder1_lblText\"><strong>EFEITOS<\/strong><\/span><\/p>\n<ul>\n<li><span id=\"ctl00_ContentPlaceHolder1_lblText\">Hidrata a pele do rosto de forma excelente e duradoura<\/span><\/li>\n<li><span id=\"ctl00_ContentPlaceHolder1_lblText\">Regenera a pele com o uso regular e reduz a profundidade e o comprimento das rugas<\/span><\/li>\n<li><span id=\"ctl00_ContentPlaceHolder1_lblText\">Restaura a firmeza e a elasticidade da pele<\/span><\/li>\n<li><span id=\"ctl00_ContentPlaceHolder1_lblText\">Refresca a pele e confere uma apar\u00eancia luminosa<\/span><\/li>\n<li><span id=\"ctl00_ContentPlaceHolder1_lblText\">Devolve ao teu rosto o seu aspeto radiante e juvenil<\/span><\/li>\n<li>cont\u00e9m col\u00e1geno de peixe natural<\/li>\n<\/ul>\n<div align=\"center\">\n<script async=\"\" src=\"\/\/pagead2.googlesyndication.com\/pagead\/js\/adsbygoogle.js\"><\/script><br \/>\n<ins class=\"adsbygoogle\" style=\"display:block; text-align:center;\" data-ad-layout=\"in-article\" data-ad-format=\"fluid\" data-ad-client=\"ca-pub-6998664093247383\" data-ad-slot=\"1150623665\"><\/ins><br \/>\n<script>\n     (adsbygoogle = window.adsbygoogle || []).push({});\n<\/script>\n\t<\/div>\n","protected":false},"excerpt":{"rendered":"<p><span id=\"ctl00_ContentPlaceHolder1_lblText\">M\u00e1scara Facial Natural Collagen Inventia Nanogold com col\u00e1geno. As m\u00e1scaras anti-idade com ouro s\u00e3o produtos exclusivos, ricos em ativos, incluindo mol\u00e9culas de ouro \u00fanicas e valiosas. O efeito ben\u00e9fico do ouro \u00e9 potencializado pela a\u00e7\u00e3o intensamente regeneradora e nutritiva do col\u00e1geno e da elastina, bem como da vitamina B3 e das propriedades hidratantes extraordin\u00e1rias do sal de s\u00f3dio PCA e do \u00e1cido hialur\u00f4nico.  <\/span><\/p>\n","protected":false},"featured_media":178,"comment_status":"open","ping_status":"closed","template":"","meta":[],"product_brand":[],"product_cat":[73],"product_tag":[74],"class_list":{"0":"post-890","1":"product","2":"type-product","3":"status-publish","4":"has-post-thumbnail","6":"product_cat-cuidados-faciais","7":"product_tag-natural-collagen-inventia","9":"first","10":"instock","11":"sale","12":"taxable","13":"shipping-taxable","14":"purchasable","15":"product-type-simple"},"aioseo_notices":[],"_links":{"self":[{"href":"https:\/\/kollagen-inventia.de\/pt-br\/wp-json\/wp\/v2\/product\/890","targetHints":{"allow":["GET"]}}],"collection":[{"href":"https:\/\/kollagen-inventia.de\/pt-br\/wp-json\/wp\/v2\/product"}],"about":[{"href":"https:\/\/kollagen-inventia.de\/pt-br\/wp-json\/wp\/v2\/types\/product"}],"replies":[{"embeddable":true,"href":"https:\/\/kollagen-inventia.de\/pt-br\/wp-json\/wp\/v2\/comments?post=890"}],"wp:featuredmedia":[{"embeddable":true,"href":"https:\/\/kollagen-inventia.de\/pt-br\/wp-json\/wp\/v2\/media\/178"}],"wp:attachment":[{"href":"https:\/\/kollagen-inventia.de\/pt-br\/wp-json\/wp\/v2\/media?parent=890"}],"wp:term":[{"taxonomy":"product_brand","embeddable":true,"href":"https:\/\/kollagen-inventia.de\/pt-br\/wp-json\/wp\/v2\/product_brand?post=890"},{"taxonomy":"product_cat","embeddable":true,"href":"https:\/\/kollagen-inventia.de\/pt-br\/wp-json\/wp\/v2\/product_cat?post=890"},{"taxonomy":"product_tag","embeddable":true,"href":"https:\/\/kollagen-inventia.de\/pt-br\/wp-json\/wp\/v2\/product_tag?post=890"}],"curies":[{"name":"wp","href":"https:\/\/api.w.org\/{rel}","templated":true}]}}