{"id":888,"date":"2018-02-24T14:58:57","date_gmt":"2018-02-24T14:58:57","guid":{"rendered":"https:\/\/kollagen-inventia.de\/produkt\/elixir-facial-decote-natural-collagen-inventia-30-ml"},"modified":"2018-02-24T14:58:57","modified_gmt":"2018-02-24T14:58:57","slug":"elixir-facial-decote-natural-collagen-inventia-30-ml","status":"publish","type":"product","link":"https:\/\/kollagen-inventia.de\/pt-br\/produkt\/elixir-facial-decote-natural-collagen-inventia-30-ml","title":{"rendered":"Elixir Facial &amp; Decote Natural Collagen Inventia &#8211; 30 ml"},"content":{"rendered":"<p><span id=\"ctl00_ContentPlaceHolder1_lblText\">O elixir facial e para o decote da Natural Collagen Inventia \u00e9 uma emuls\u00e3o extremamente leve e elegante, que oferece conforto excepcional \u00e0 pele madura. A emuls\u00e3o \u00e9 absorvida muito rapidamente e hidrata, nutre e protege a pele contra os efeitos negativos do ambiente. Ajuda a prevenir os sinais do envelhecimento da pele ao influenciar a s\u00edntese, a organiza\u00e7\u00e3o e a degrada\u00e7\u00e3o do col\u00e1geno; tamb\u00e9m evita o comprometimento do manto lip\u00eddico protetor natural da pele e, assim, melhora a hidrata\u00e7\u00e3o.  <\/span><\/p>\n<p><span id=\"ctl00_ContentPlaceHolder1_lblText\"><strong>EFEITOS<\/strong><\/span><\/p>\n<ul>\n<li><span id=\"ctl00_ContentPlaceHolder1_lblText\">Reconstr\u00f3i a pele, regenera e fortalece as estruturas naturais da pele<\/span><\/li>\n<li><span id=\"ctl00_ContentPlaceHolder1_lblText\">Estimula a s\u00edntese de col\u00e1geno e, ao mesmo tempo, garante sua organiza\u00e7\u00e3o correta<\/span><\/li>\n<li>cont\u00e9m col\u00e1geno natural de peixe<\/li>\n<li><span id=\"ctl00_ContentPlaceHolder1_lblText\">Reduz visivelmente, especialmente, a apar\u00eancia de rugas profundas<\/span><\/li>\n<li><span id=\"ctl00_ContentPlaceHolder1_lblText\">Hidrata a pele de forma vis\u00edvel e duradoura<\/span><\/li>\n<li><span id=\"ctl00_ContentPlaceHolder1_lblText\">A pele fica firme, el\u00e1stica e lisa<\/span><\/li>\n<li><span id=\"ctl00_ContentPlaceHolder1_lblText\">Devolve \u00e0 pele o brilho jovem e a vitalidade<\/span><\/li>\n<\/ul>\n<div align=\"center\">\n<script async=\"\" src=\"\/\/pagead2.googlesyndication.com\/pagead\/js\/adsbygoogle.js\"><\/script><br \/>\n<ins class=\"adsbygoogle\" style=\"display:block; text-align:center;\" data-ad-layout=\"in-article\" data-ad-format=\"fluid\" data-ad-client=\"ca-pub-6998664093247383\" data-ad-slot=\"1150623665\"><\/ins><br \/>\n<script>\n     (adsbygoogle = window.adsbygoogle || []).push({});\n<\/script>\n\t<\/div>\n","protected":false},"excerpt":{"rendered":"<p><span id=\"ctl00_ContentPlaceHolder1_lblText\">O elixir facial e para o decote da Natural Collagen Inventia \u00e9 uma emuls\u00e3o extremamente leve e elegante, que oferece conforto excepcional \u00e0 pele madura. A emuls\u00e3o \u00e9 absorvida muito rapidamente e hidrata, nutre e protege a pele contra os efeitos negativos do ambiente. Ajuda a prevenir os sinais do envelhecimento da pele  <\/span><\/p>\n","protected":false},"featured_media":176,"comment_status":"open","ping_status":"closed","template":"","meta":[],"product_brand":[],"product_cat":[75,73],"product_tag":[74],"class_list":{"0":"post-888","1":"product","2":"type-product","3":"status-publish","4":"has-post-thumbnail","6":"product_cat-cuidados-com-o-corpo","7":"product_cat-cuidados-faciais","8":"product_tag-natural-collagen-inventia","10":"first","11":"instock","12":"taxable","13":"shipping-taxable","14":"purchasable","15":"product-type-simple"},"aioseo_notices":[],"_links":{"self":[{"href":"https:\/\/kollagen-inventia.de\/pt-br\/wp-json\/wp\/v2\/product\/888","targetHints":{"allow":["GET"]}}],"collection":[{"href":"https:\/\/kollagen-inventia.de\/pt-br\/wp-json\/wp\/v2\/product"}],"about":[{"href":"https:\/\/kollagen-inventia.de\/pt-br\/wp-json\/wp\/v2\/types\/product"}],"replies":[{"embeddable":true,"href":"https:\/\/kollagen-inventia.de\/pt-br\/wp-json\/wp\/v2\/comments?post=888"}],"wp:featuredmedia":[{"embeddable":true,"href":"https:\/\/kollagen-inventia.de\/pt-br\/wp-json\/wp\/v2\/media\/176"}],"wp:attachment":[{"href":"https:\/\/kollagen-inventia.de\/pt-br\/wp-json\/wp\/v2\/media?parent=888"}],"wp:term":[{"taxonomy":"product_brand","embeddable":true,"href":"https:\/\/kollagen-inventia.de\/pt-br\/wp-json\/wp\/v2\/product_brand?post=888"},{"taxonomy":"product_cat","embeddable":true,"href":"https:\/\/kollagen-inventia.de\/pt-br\/wp-json\/wp\/v2\/product_cat?post=888"},{"taxonomy":"product_tag","embeddable":true,"href":"https:\/\/kollagen-inventia.de\/pt-br\/wp-json\/wp\/v2\/product_tag?post=888"}],"curies":[{"name":"wp","href":"https:\/\/api.w.org\/{rel}","templated":true}]}}