{"id":884,"date":"2018-02-23T15:53:24","date_gmt":"2018-02-23T15:53:24","guid":{"rendered":"https:\/\/kollagen-inventia.de\/produkt\/natural-collagen-inventia-leite-de-limpeza-revitalizante"},"modified":"2018-02-23T15:53:24","modified_gmt":"2018-02-23T15:53:24","slug":"natural-collagen-inventia-leite-de-limpeza-revitalizante","status":"publish","type":"product","link":"https:\/\/kollagen-inventia.de\/pt-br\/produkt\/natural-collagen-inventia-leite-de-limpeza-revitalizante","title":{"rendered":"Natural Collagen Inventia Leite de Limpeza Revitalizante"},"content":{"rendered":"<p><span id=\"ctl00_ContentPlaceHolder1_lblText\">O Leite de Limpeza Revitalizante Natural Collagen Inventia \u00e9 uma emuls\u00e3o excepcionalmente suave para remo\u00e7\u00e3o de maquiagem, indicada para todos os tipos de pele, especialmente as sens\u00edveis e exigentes. Um preparado suave, baseado em ingredientes extremamente delicados e especialmente selecionados, com \u00f3tima toler\u00e2ncia para a pele. O leite cont\u00e9m ingredientes ativos como: Col\u00e1geno (col\u00e1geno de peixe natural), Matrixyl\u00ae 3000, Moist 24TM, \u00f3leo de borragem, Vitamina E, D-Pantenol, Alanto\u00edna e extrato de Aloe. Uma f\u00f3rmula t\u00e3o rica garante a efic\u00e1cia \u00fanica do produto. O Leite Revitalizante Natural Collagen Inventia remove as impurezas completamente e, ao mesmo tempo, proporciona uma sensa\u00e7\u00e3o de conforto pronunciada.    <\/span><\/p>\n<p><span id=\"ctl00_ContentPlaceHolder1_lblText\"><strong>EFEITOS<\/strong><\/span><\/p>\n<ul>\n<li><span id=\"ctl00_ContentPlaceHolder1_lblText\">Remove as impurezas de forma eficaz e suave ao mesmo tempo<\/span><\/li>\n<li><span id=\"ctl00_ContentPlaceHolder1_lblText\">Nutre, hidrata e firma a pele<\/span><\/li>\n<li><span id=\"ctl00_ContentPlaceHolder1_lblText\">Suaviza e acalma irrita\u00e7\u00f5es<\/span><\/li>\n<\/ul>\n<div align=\"center\">\n<script async=\"\" src=\"\/\/pagead2.googlesyndication.com\/pagead\/js\/adsbygoogle.js\"><\/script><br \/>\n<ins class=\"adsbygoogle\" style=\"display:block; text-align:center;\" data-ad-layout=\"in-article\" data-ad-format=\"fluid\" data-ad-client=\"ca-pub-6998664093247383\" data-ad-slot=\"1150623665\"><\/ins><br \/>\n<script>\n     (adsbygoogle = window.adsbygoogle || []).push({});\n<\/script>\n\t<\/div>\n","protected":false},"excerpt":{"rendered":"<p><span id=\"ctl00_ContentPlaceHolder1_lblText\">O Leite de Limpeza Revitalizante Natural Collagen Inventia \u00e9 uma emuls\u00e3o excepcionalmente suave para remo\u00e7\u00e3o de maquiagem, indicada para todos os tipos de pele, especialmente as sens\u00edveis e exigentes. Um preparado suave, baseado em ingredientes extremamente delicados e especialmente selecionados, com \u00f3tima toler\u00e2ncia para a pele. <\/span><\/p>\n","protected":false},"featured_media":162,"comment_status":"open","ping_status":"closed","template":"","meta":[],"product_brand":[],"product_cat":[73],"product_tag":[74],"class_list":{"0":"post-884","1":"product","2":"type-product","3":"status-publish","4":"has-post-thumbnail","6":"product_cat-cuidados-faciais","7":"product_tag-natural-collagen-inventia","9":"first","10":"instock","11":"sale","12":"taxable","13":"shipping-taxable","14":"purchasable","15":"product-type-simple"},"aioseo_notices":[],"_links":{"self":[{"href":"https:\/\/kollagen-inventia.de\/pt-br\/wp-json\/wp\/v2\/product\/884","targetHints":{"allow":["GET"]}}],"collection":[{"href":"https:\/\/kollagen-inventia.de\/pt-br\/wp-json\/wp\/v2\/product"}],"about":[{"href":"https:\/\/kollagen-inventia.de\/pt-br\/wp-json\/wp\/v2\/types\/product"}],"replies":[{"embeddable":true,"href":"https:\/\/kollagen-inventia.de\/pt-br\/wp-json\/wp\/v2\/comments?post=884"}],"wp:featuredmedia":[{"embeddable":true,"href":"https:\/\/kollagen-inventia.de\/pt-br\/wp-json\/wp\/v2\/media\/162"}],"wp:attachment":[{"href":"https:\/\/kollagen-inventia.de\/pt-br\/wp-json\/wp\/v2\/media?parent=884"}],"wp:term":[{"taxonomy":"product_brand","embeddable":true,"href":"https:\/\/kollagen-inventia.de\/pt-br\/wp-json\/wp\/v2\/product_brand?post=884"},{"taxonomy":"product_cat","embeddable":true,"href":"https:\/\/kollagen-inventia.de\/pt-br\/wp-json\/wp\/v2\/product_cat?post=884"},{"taxonomy":"product_tag","embeddable":true,"href":"https:\/\/kollagen-inventia.de\/pt-br\/wp-json\/wp\/v2\/product_tag?post=884"}],"curies":[{"name":"wp","href":"https:\/\/api.w.org\/{rel}","templated":true}]}}