{"id":874,"date":"2018-02-23T12:51:28","date_gmt":"2018-02-23T12:51:28","guid":{"rendered":"https:\/\/kollagen-inventia.de\/produkt\/natural-collagen-inventia-creme-noturno-night-com-colageno-50ml"},"modified":"2018-02-23T12:51:28","modified_gmt":"2018-02-23T12:51:28","slug":"natural-collagen-inventia-creme-noturno-night-com-colageno-50ml","status":"publish","type":"product","link":"https:\/\/kollagen-inventia.de\/pt-br\/produkt\/natural-collagen-inventia-creme-noturno-night-com-colageno-50ml","title":{"rendered":"Natural Collagen Inventia Creme Noturno Night com Col\u00e1geno &#8211; 50ml"},"content":{"rendered":"<p><span id=\"ctl00_ContentPlaceHolder1_lblText\">Creme noturno anti-aging intensamente regenerador da Natural Collagen Inventia com col\u00e1geno natural. Indicado para todos os tipos de pele e especialmente para pele seca e estressada que perdeu sua firmeza e frescor. A composi\u00e7\u00e3o \u00fanica do produto garante nutri\u00e7\u00e3o e hidrata\u00e7\u00e3o adequadas \u00e0 pele. A tens\u00e3o, firmeza e elasticidade da pele melhoram visivelmente. Gra\u00e7as ao conte\u00fado de col\u00e1geno e Matrixyl\u00ae 3000, o creme previne eficazmente o envelhecimento precoce da pele, reduz rugas profundas e elimina as pequenas. O extrato de melissa tonifica a pele e regula a produ\u00e7\u00e3o de sebo. Al\u00e9m disso, melissa e D-Pantenol acalmam irrita\u00e7\u00f5es e previnem seu surgimento. A pele fica macia como veludo, lisa e adquire uma apar\u00eancia saud\u00e1vel e fresca gra\u00e7as ao creme noturno Natural Collagen Inventia.       <\/span><\/p>\n<p><span id=\"ctl00_ContentPlaceHolder1_lblText\"><strong>EFEITOS<\/strong><\/span><\/p>\n<ul>\n<li><span id=\"ctl00_ContentPlaceHolder1_lblText\">Regenera e nutre intensamente<\/span><\/li>\n<li><span id=\"ctl00_ContentPlaceHolder1_lblText\">Age contra rugas<\/span><\/li>\n<li><span id=\"ctl00_ContentPlaceHolder1_lblText\">Hidrata, confere elasticidade, firma<\/span><\/li>\n<li><span id=\"ctl00_ContentPlaceHolder1_lblText\">Confere maciez aveludada<\/span><\/li>\n<\/ul>\n<div align=\"center\">\n<script async=\"\" src=\"\/\/pagead2.googlesyndication.com\/pagead\/js\/adsbygoogle.js\"><\/script><br \/>\n<ins class=\"adsbygoogle\" style=\"display:block; text-align:center;\" data-ad-layout=\"in-article\" data-ad-format=\"fluid\" data-ad-client=\"ca-pub-6998664093247383\" data-ad-slot=\"1150623665\"><\/ins><br \/>\n<script>\n     (adsbygoogle = window.adsbygoogle || []).push({});\n<\/script>\n\t<\/div>\n","protected":false},"excerpt":{"rendered":"<p><span id=\"ctl00_ContentPlaceHolder1_lblText\">Creme noturno anti-aging intensamente regenerador da Natural Collagen Inventia com col\u00e1geno natural. Indicado para todos os tipos de pele e especialmente para pele seca e estressada que perdeu sua firmeza e frescor. A composi\u00e7\u00e3o \u00fanica do produto garante nutri\u00e7\u00e3o e hidrata\u00e7\u00e3o adequadas \u00e0 pele. A tens\u00e3o, firmeza e elasticidade da pele melhoram visivelmente.   <\/span><\/p>\n","protected":false},"featured_media":166,"comment_status":"open","ping_status":"closed","template":"","meta":[],"product_brand":[],"product_cat":[73],"product_tag":[74],"class_list":{"0":"post-874","1":"product","2":"type-product","3":"status-publish","4":"has-post-thumbnail","6":"product_cat-cuidados-faciais","7":"product_tag-natural-collagen-inventia","9":"first","10":"instock","11":"taxable","12":"shipping-taxable","13":"purchasable","14":"product-type-simple"},"aioseo_notices":[],"_links":{"self":[{"href":"https:\/\/kollagen-inventia.de\/pt-br\/wp-json\/wp\/v2\/product\/874","targetHints":{"allow":["GET"]}}],"collection":[{"href":"https:\/\/kollagen-inventia.de\/pt-br\/wp-json\/wp\/v2\/product"}],"about":[{"href":"https:\/\/kollagen-inventia.de\/pt-br\/wp-json\/wp\/v2\/types\/product"}],"replies":[{"embeddable":true,"href":"https:\/\/kollagen-inventia.de\/pt-br\/wp-json\/wp\/v2\/comments?post=874"}],"wp:featuredmedia":[{"embeddable":true,"href":"https:\/\/kollagen-inventia.de\/pt-br\/wp-json\/wp\/v2\/media\/166"}],"wp:attachment":[{"href":"https:\/\/kollagen-inventia.de\/pt-br\/wp-json\/wp\/v2\/media?parent=874"}],"wp:term":[{"taxonomy":"product_brand","embeddable":true,"href":"https:\/\/kollagen-inventia.de\/pt-br\/wp-json\/wp\/v2\/product_brand?post=874"},{"taxonomy":"product_cat","embeddable":true,"href":"https:\/\/kollagen-inventia.de\/pt-br\/wp-json\/wp\/v2\/product_cat?post=874"},{"taxonomy":"product_tag","embeddable":true,"href":"https:\/\/kollagen-inventia.de\/pt-br\/wp-json\/wp\/v2\/product_tag?post=874"}],"curies":[{"name":"wp","href":"https:\/\/api.w.org\/{rel}","templated":true}]}}