{"id":871,"date":"2018-02-23T11:53:07","date_gmt":"2018-02-23T11:53:07","guid":{"rendered":"https:\/\/kollagen-inventia.de\/produkt\/natural-collagen-inventia-face-gel-200ml-serum-anti-idade"},"modified":"2018-02-23T11:53:07","modified_gmt":"2018-02-23T11:53:07","slug":"natural-collagen-inventia-face-gel-200ml-serum-anti-idade","status":"publish","type":"product","link":"https:\/\/kollagen-inventia.de\/pt-br\/produkt\/natural-collagen-inventia-face-gel-200ml-serum-anti-idade","title":{"rendered":"Natural Collagen Inventia FACE GEL &#8211; 200ml S\u00e9rum Anti-Idade"},"content":{"rendered":"<p><span id=\"ctl00_ContentPlaceHolder1_lblText\">Natural Collagen Inventia Face GEL 200 ml \u00e9 um s\u00e9rum antirrugas com alto teor de col\u00e1geno natural, adequado para o cuidado intensivo de todos os tipos de pele e um aliado contra as rugas. \u00c9 especialmente recomendado para o cuidado de peles maduras, secas e sens\u00edveis, principalmente para o rosto e colo.<\/span> O produto \u00e9 um gel semifluido, de cor branca clara a cinza perolado. A forma em gel facilita a aplica\u00e7\u00e3o e distribui\u00e7\u00e3o na pele. <\/p>\n<p><span id=\"ctl00_ContentPlaceHolder1_lblText\"><strong>EFEITOS<\/strong><\/span><\/p>\n<ul>\n<li><span id=\"ctl00_ContentPlaceHolder1_lblText\">Aumenta a firmeza da pele, minimizando a visibilidade das linhas de express\u00e3o e rugas<\/span><\/li>\n<li><span id=\"ctl00_ContentPlaceHolder1_lblText\">O produto estimula a produ\u00e7\u00e3o de col\u00e1geno natural do corpo<\/span><\/li>\n<li>O gel cont\u00e9m col\u00e1geno de peixe<\/li>\n<li><span id=\"ctl00_ContentPlaceHolder1_lblText\">Melhora a apar\u00eancia geral da pele<\/span><\/li>\n<li><span id=\"ctl00_ContentPlaceHolder1_lblText\">Melhora visivelmente a hidrata\u00e7\u00e3o<\/span><\/li>\n<li><span id=\"ctl00_ContentPlaceHolder1_lblText\">Aumenta a capacidade de reten\u00e7\u00e3o de \u00e1gua da pele<\/span><\/li>\n<li><span id=\"ctl00_ContentPlaceHolder1_lblText\">Forma um filme protetor na pele, evitando a perda de umidade<\/span><\/li>\n<li><span id=\"ctl00_ContentPlaceHolder1_lblText\">Reduz significativamente a aspereza da pele, suaviza e torna el\u00e1stica<\/span><\/li>\n<li><span id=\"ctl00_ContentPlaceHolder1_lblText\">Esfolia suavemente a epiderme e acelera sua regenera\u00e7\u00e3o, clareia hiperpigmenta\u00e7\u00f5es e uniformiza o tom da pele<\/span><\/li>\n<li><span id=\"ctl00_ContentPlaceHolder1_lblText\">Possui alto grau de absor\u00e7\u00e3o<\/span><\/li>\n<li><span id=\"ctl00_ContentPlaceHolder1_lblText\">Muito compat\u00edvel com a pele<\/span><\/li>\n<li><span id=\"ctl00_ContentPlaceHolder1_lblText\">N\u00e3o representa fonte de pr\u00edons<\/span><\/li>\n<li><span id=\"ctl00_ContentPlaceHolder1_lblText\">\u00c9 caracterizado por um grau de pureza muito elevado<\/span><\/li>\n<li>previne o envelhecimento precoce da pele<\/li>\n<li><span id=\"ctl00_ContentPlaceHolder1_lblText\">N\u00e3o cont\u00e9m parabenos nem conservantes!<\/span><\/li>\n<\/ul>\n<div align=\"center\">\n<script async=\"\" src=\"\/\/pagead2.googlesyndication.com\/pagead\/js\/adsbygoogle.js\"><\/script><br \/>\n<ins class=\"adsbygoogle\" style=\"display:block; text-align:center;\" data-ad-layout=\"in-article\" data-ad-format=\"fluid\" data-ad-client=\"ca-pub-6998664093247383\" data-ad-slot=\"1150623665\"><\/ins><br \/>\n<script>\n     (adsbygoogle = window.adsbygoogle || []).push({});\n<\/script>\n\t<\/div>\n","protected":false},"excerpt":{"rendered":"<p><span id=\"ctl00_ContentPlaceHolder1_lblText\">Natural Collagen Inventia Face GEL 200 ml \u00e9 um s\u00e9rum de col\u00e1geno com alto teor de col\u00e1geno natural, adequado para o cuidado intensivo de todos os tipos de pele. Ajuda intensamente contra as rugas e \u00e9 especialmente recomendado para o cuidado de peles maduras, secas e sens\u00edveis. <\/span><\/p>\n","protected":false},"featured_media":62,"comment_status":"open","ping_status":"closed","template":"","meta":[],"product_brand":[],"product_cat":[73],"product_tag":[74],"class_list":{"0":"post-871","1":"product","2":"type-product","3":"status-publish","4":"has-post-thumbnail","6":"product_cat-cuidados-faciais","7":"product_tag-natural-collagen-inventia","9":"first","10":"instock","11":"taxable","12":"shipping-taxable","13":"purchasable","14":"product-type-simple"},"aioseo_notices":[],"_links":{"self":[{"href":"https:\/\/kollagen-inventia.de\/pt-br\/wp-json\/wp\/v2\/product\/871","targetHints":{"allow":["GET"]}}],"collection":[{"href":"https:\/\/kollagen-inventia.de\/pt-br\/wp-json\/wp\/v2\/product"}],"about":[{"href":"https:\/\/kollagen-inventia.de\/pt-br\/wp-json\/wp\/v2\/types\/product"}],"replies":[{"embeddable":true,"href":"https:\/\/kollagen-inventia.de\/pt-br\/wp-json\/wp\/v2\/comments?post=871"}],"wp:featuredmedia":[{"embeddable":true,"href":"https:\/\/kollagen-inventia.de\/pt-br\/wp-json\/wp\/v2\/media\/62"}],"wp:attachment":[{"href":"https:\/\/kollagen-inventia.de\/pt-br\/wp-json\/wp\/v2\/media?parent=871"}],"wp:term":[{"taxonomy":"product_brand","embeddable":true,"href":"https:\/\/kollagen-inventia.de\/pt-br\/wp-json\/wp\/v2\/product_brand?post=871"},{"taxonomy":"product_cat","embeddable":true,"href":"https:\/\/kollagen-inventia.de\/pt-br\/wp-json\/wp\/v2\/product_cat?post=871"},{"taxonomy":"product_tag","embeddable":true,"href":"https:\/\/kollagen-inventia.de\/pt-br\/wp-json\/wp\/v2\/product_tag?post=871"}],"curies":[{"name":"wp","href":"https:\/\/api.w.org\/{rel}","templated":true}]}}