{"id":869,"date":"2018-02-23T12:08:10","date_gmt":"2018-02-23T12:08:10","guid":{"rendered":"https:\/\/kollagen-inventia.de\/produkt\/natural-collagen-inventia-elixir-para-a-area-dos-olhos-serum-antirrugas-15-ml"},"modified":"2018-02-23T12:08:10","modified_gmt":"2018-02-23T12:08:10","slug":"natural-collagen-inventia-elixir-para-a-area-dos-olhos-serum-antirrugas-15-ml","status":"publish","type":"product","link":"https:\/\/kollagen-inventia.de\/pt-br\/produkt\/natural-collagen-inventia-elixir-para-a-area-dos-olhos-serum-antirrugas-15-ml","title":{"rendered":"Natural Collagen Inventia Elixir para a \u00c1rea dos Olhos &#8211; S\u00e9rum antirrugas 15 ml"},"content":{"rendered":"<p><span id=\"ctl00_ContentPlaceHolder1_lblText\">O Natural Collagen Inventia Elixir para a \u00c1rea dos Olhos \u00e9 um creme delicado com col\u00e1geno, indicado para um tratamento antirrugas da pele fina e especialmente sens\u00edvel ao redor dos olhos. O creme \u00e9 rico em col\u00e1geno, Pepha\u00ae-Tight e Moist 24TM, com propriedades excepcionais de hidrata\u00e7\u00e3o, firmeza e est\u00edmulo. Cont\u00e9m Eyeseryl\u00ae, que suaviza visivelmente as rugas ao estimular a microcircula\u00e7\u00e3o e reduzir o incha\u00e7o e as sombras sob os olhos. O elixir com col\u00e1geno natural revitaliza e regenera a epiderme, respeitando a sensibilidade especial dessa \u00e1rea. J\u00e1 na primeira aplica\u00e7\u00e3o, a pele ao redor dos olhos fica mais hidratada, iluminada e lisa. O Natural Collagen Inventia Under Eye Elixir devolve ao teu olhar um brilho radiante.     <\/span><\/p>\n<p><span id=\"ctl00_ContentPlaceHolder1_lblText\"><strong>EFEITOS<\/strong><\/span><\/p>\n<ul>\n<li><span id=\"ctl00_ContentPlaceHolder1_lblText\">Prote\u00e7\u00e3o ativa contra o envelhecimento precoce da pele ao redor dos olhos<\/span><\/li>\n<li><span id=\"ctl00_ContentPlaceHolder1_lblText\">Cuida da pele exigente e muito seca ao redor dos olhos<\/span><\/li>\n<li>ajuda contra olheiras e rugas ao redor dos olhos<\/li>\n<li><span id=\"ctl00_ContentPlaceHolder1_lblText\">Hidrata, suaviza e d\u00e1 firmeza<\/span><\/li>\n<li><span id=\"ctl00_ContentPlaceHolder1_lblText\">Acalma e reduz o incha\u00e7o<\/span><\/li>\n<li><span id=\"ctl00_ContentPlaceHolder1_lblText\">Proporciona um brilho suave e uma sensa\u00e7\u00e3o de frescor extraordin\u00e1ria<\/span><\/li>\n<li>cont\u00e9m col\u00e1geno natural de peixe<\/li>\n<\/ul>\n<div align=\"center\">\n<script async=\"\" src=\"\/\/pagead2.googlesyndication.com\/pagead\/js\/adsbygoogle.js\"><\/script><br \/>\n<ins class=\"adsbygoogle\" style=\"display:block; text-align:center;\" data-ad-layout=\"in-article\" data-ad-format=\"fluid\" data-ad-client=\"ca-pub-6998664093247383\" data-ad-slot=\"1150623665\"><\/ins><br \/>\n<script>\n     (adsbygoogle = window.adsbygoogle || []).push({});\n<\/script>\n\t<\/div>\n","protected":false},"excerpt":{"rendered":"<p><span id=\"ctl00_ContentPlaceHolder1_lblText\">O Natural Collagen Inventia Elixir para a \u00c1rea dos Olhos \u00e9 um creme delicado, indicado para um tratamento antirrugas da pele fina e especialmente sens\u00edvel ao redor dos olhos. O creme \u00e9 rico em col\u00e1geno, Pepha\u00ae-Tight e Moist 24TM, com propriedades excepcionais de hidrata\u00e7\u00e3o, firmeza e est\u00edmulo. <\/span><\/p>\n","protected":false},"featured_media":156,"comment_status":"open","ping_status":"closed","template":"","meta":[],"product_brand":[],"product_cat":[73],"product_tag":[74],"class_list":{"0":"post-869","1":"product","2":"type-product","3":"status-publish","4":"has-post-thumbnail","6":"product_cat-cuidados-faciais","7":"product_tag-natural-collagen-inventia","9":"first","10":"instock","11":"sale","12":"taxable","13":"shipping-taxable","14":"purchasable","15":"product-type-simple"},"aioseo_notices":[],"_links":{"self":[{"href":"https:\/\/kollagen-inventia.de\/pt-br\/wp-json\/wp\/v2\/product\/869","targetHints":{"allow":["GET"]}}],"collection":[{"href":"https:\/\/kollagen-inventia.de\/pt-br\/wp-json\/wp\/v2\/product"}],"about":[{"href":"https:\/\/kollagen-inventia.de\/pt-br\/wp-json\/wp\/v2\/types\/product"}],"replies":[{"embeddable":true,"href":"https:\/\/kollagen-inventia.de\/pt-br\/wp-json\/wp\/v2\/comments?post=869"}],"wp:featuredmedia":[{"embeddable":true,"href":"https:\/\/kollagen-inventia.de\/pt-br\/wp-json\/wp\/v2\/media\/156"}],"wp:attachment":[{"href":"https:\/\/kollagen-inventia.de\/pt-br\/wp-json\/wp\/v2\/media?parent=869"}],"wp:term":[{"taxonomy":"product_brand","embeddable":true,"href":"https:\/\/kollagen-inventia.de\/pt-br\/wp-json\/wp\/v2\/product_brand?post=869"},{"taxonomy":"product_cat","embeddable":true,"href":"https:\/\/kollagen-inventia.de\/pt-br\/wp-json\/wp\/v2\/product_cat?post=869"},{"taxonomy":"product_tag","embeddable":true,"href":"https:\/\/kollagen-inventia.de\/pt-br\/wp-json\/wp\/v2\/product_tag?post=869"}],"curies":[{"name":"wp","href":"https:\/\/api.w.org\/{rel}","templated":true}]}}