{"id":868,"date":"2018-02-23T11:51:10","date_gmt":"2018-02-23T11:51:10","guid":{"rendered":"https:\/\/kollagen-inventia.de\/produkt\/natural-collagen-inventia-face-gel-serum-anti-idade-100-ml"},"modified":"2018-02-23T11:51:10","modified_gmt":"2018-02-23T11:51:10","slug":"natural-collagen-inventia-face-gel-serum-anti-idade-100-ml","status":"publish","type":"product","link":"https:\/\/kollagen-inventia.de\/pt-br\/produkt\/natural-collagen-inventia-face-gel-serum-anti-idade-100-ml","title":{"rendered":"Natural Collagen Inventia FACE GEL &#8211; S\u00e9rum Anti-Idade 100 ml"},"content":{"rendered":"<p><span id=\"ctl00_ContentPlaceHolder1_lblText\">Natural Collagen Inventia Face GEL 100 ml \u00e9 um s\u00e9rum antirrugas com alto teor de col\u00e1geno natural, indicado para o cuidado intensivo de todos os tipos de pele e como aliado contra rugas. O concentrado de col\u00e1geno \u00e9 especialmente recomendado para o cuidado de pele madura, seca e sens\u00edvel, principalmente para rosto e colo.<\/span> O produto \u00e9 um gel semil\u00edquido, com cor que varia do branco transparente ao cinza perolado. A textura em gel facilita a aplica\u00e7\u00e3o e a distribui\u00e7\u00e3o na pele. <\/p>\n<p><span id=\"ctl00_ContentPlaceHolder1_lblText\"><strong>EFEITOS<\/strong><\/span><\/p>\n<ul>\n<li><span id=\"ctl00_ContentPlaceHolder1_lblText\">Aumenta a firmeza da pele, minimizando a visibilidade das linhas do sorriso e linhas de express\u00e3o<\/span><\/li>\n<li><span id=\"ctl00_ContentPlaceHolder1_lblText\">O produto estimula a produ\u00e7\u00e3o de col\u00e1geno do pr\u00f3prio corpo<\/span><\/li>\n<li>O gel cont\u00e9m col\u00e1geno de peixe<\/li>\n<li><span id=\"ctl00_ContentPlaceHolder1_lblText\">Melhora o aspecto geral da pele<\/span><\/li>\n<li><span id=\"ctl00_ContentPlaceHolder1_lblText\">Melhora visivelmente a hidrata\u00e7\u00e3o<\/span><\/li>\n<li><span id=\"ctl00_ContentPlaceHolder1_lblText\">Aumenta a capacidade da pele de reter \u00e1gua<\/span><\/li>\n<li><span id=\"ctl00_ContentPlaceHolder1_lblText\">Forma um filme protetor na pele, evitando a perda de hidrata\u00e7\u00e3o<\/span><\/li>\n<li><span id=\"ctl00_ContentPlaceHolder1_lblText\">Reduz significativamente a aspereza da pele, alisa e deixa mais el\u00e1stica<\/span><\/li>\n<li><span id=\"ctl00_ContentPlaceHolder1_lblText\">Esfolia suavemente a epiderme e acelera sua regenera\u00e7\u00e3o, clareia hiperpigmenta\u00e7\u00f5es e uniformiza o tom<\/span><\/li>\n<li><span id=\"ctl00_ContentPlaceHolder1_lblText\">Alta taxa de absor\u00e7\u00e3o<\/span><\/li>\n<li><span id=\"ctl00_ContentPlaceHolder1_lblText\">Muito bem tolerado pela pele<\/span><\/li>\n<li><span id=\"ctl00_ContentPlaceHolder1_lblText\">N\u00e3o \u00e9 fonte de pr\u00edons<\/span><\/li>\n<li><span id=\"ctl00_ContentPlaceHolder1_lblText\">Caracteriza-se por um grau de pureza muito alto<\/span><\/li>\n<li>Ajuda a prevenir o envelhecimento precoce da pele<\/li>\n<li><span id=\"ctl00_ContentPlaceHolder1_lblText\">N\u00e3o cont\u00e9m parabenos nem conservantes!<\/span><\/li>\n<\/ul>\n<div align=\"center\">\n<script async=\"\" src=\"\/\/pagead2.googlesyndication.com\/pagead\/js\/adsbygoogle.js\"><\/script><br \/>\n<ins class=\"adsbygoogle\" style=\"display:block; text-align:center;\" data-ad-layout=\"in-article\" data-ad-format=\"fluid\" data-ad-client=\"ca-pub-6998664093247383\" data-ad-slot=\"1150623665\"><\/ins><br \/>\n<script>\n     (adsbygoogle = window.adsbygoogle || []).push({});\n<\/script>\n\t<\/div>\n","protected":false},"excerpt":{"rendered":"<p><span id=\"ctl00_ContentPlaceHolder1_lblText\">Natural Collagen Inventia Face GEL 100 ml \u00e9 um s\u00e9rum de col\u00e1geno com alto teor de col\u00e1geno natural, indicado para o cuidado intensivo de todos os tipos de pele. Ajuda intensamente contra rugas e \u00e9 especialmente recomendado para o cuidado de pele madura, seca e sens\u00edvel. <\/span><\/p>\n","protected":false},"featured_media":62,"comment_status":"open","ping_status":"closed","template":"","meta":[],"product_brand":[],"product_cat":[73],"product_tag":[74],"class_list":{"0":"post-868","1":"product","2":"type-product","3":"status-publish","4":"has-post-thumbnail","6":"product_cat-cuidados-faciais","7":"product_tag-natural-collagen-inventia","9":"first","10":"instock","11":"taxable","12":"shipping-taxable","13":"purchasable","14":"product-type-simple"},"aioseo_notices":[],"_links":{"self":[{"href":"https:\/\/kollagen-inventia.de\/pt-br\/wp-json\/wp\/v2\/product\/868","targetHints":{"allow":["GET"]}}],"collection":[{"href":"https:\/\/kollagen-inventia.de\/pt-br\/wp-json\/wp\/v2\/product"}],"about":[{"href":"https:\/\/kollagen-inventia.de\/pt-br\/wp-json\/wp\/v2\/types\/product"}],"replies":[{"embeddable":true,"href":"https:\/\/kollagen-inventia.de\/pt-br\/wp-json\/wp\/v2\/comments?post=868"}],"wp:featuredmedia":[{"embeddable":true,"href":"https:\/\/kollagen-inventia.de\/pt-br\/wp-json\/wp\/v2\/media\/62"}],"wp:attachment":[{"href":"https:\/\/kollagen-inventia.de\/pt-br\/wp-json\/wp\/v2\/media?parent=868"}],"wp:term":[{"taxonomy":"product_brand","embeddable":true,"href":"https:\/\/kollagen-inventia.de\/pt-br\/wp-json\/wp\/v2\/product_brand?post=868"},{"taxonomy":"product_cat","embeddable":true,"href":"https:\/\/kollagen-inventia.de\/pt-br\/wp-json\/wp\/v2\/product_cat?post=868"},{"taxonomy":"product_tag","embeddable":true,"href":"https:\/\/kollagen-inventia.de\/pt-br\/wp-json\/wp\/v2\/product_tag?post=868"}],"curies":[{"name":"wp","href":"https:\/\/api.w.org\/{rel}","templated":true}]}}