{"id":865,"date":"2018-02-16T12:13:27","date_gmt":"2018-02-16T12:13:27","guid":{"rendered":"https:\/\/kollagen-inventia.de\/produkt\/kit-promocional-natural-collagen-inventia-creme-de-dia-creme-de-noite"},"modified":"2018-02-16T12:13:27","modified_gmt":"2018-02-16T12:13:27","slug":"kit-promocional-natural-collagen-inventia-creme-de-dia-creme-de-noite","status":"publish","type":"product","link":"https:\/\/kollagen-inventia.de\/pt-br\/produkt\/kit-promocional-natural-collagen-inventia-creme-de-dia-creme-de-noite","title":{"rendered":"Kit Promocional: Natural Collagen Inventia Creme de Dia + Creme de Noite"},"content":{"rendered":"<h3>Creme de Dia Natural Collagen Inventia 50 ml<\/h3>\n<p><span id=\"ctl00_ContentPlaceHolder1_lblText\">Creme de dia anti-idade nutritivo intensivo da Natural Collagen Inventia com col\u00e1geno natural. O creme antirrugas \u00e9 adequado para todos os tipos de pele, mas \u00e9 especialmente recomendado para peles cansadas e secas. Cont\u00e9m col\u00e1geno natural bioativo (col\u00e1geno de peixe natural) e Matrixyl\u00ae 3000, que possuem fortes propriedades antirrugas. Al\u00e9m disso, hidratam a pele e a protegem contra a perda de umidade. A pele torna-se mais lisa, a firmeza e a elasticidade s\u00e3o melhoradas e as rugas s\u00e3o suavizadas. A vitamina E e os extratos de aloe vera e noni nutrem a pele, fazendo com que ela recupere sua cor natural, adequada e saud\u00e1vel. O D-pantenol, a alanto\u00edna e o extrato de Centella asiatica acalmam as irrita\u00e7\u00f5es cut\u00e2neas e previnem o aparecimento de inflama\u00e7\u00f5es, enquanto o \u00f3leo de borragem e a Sojadine ajudam na elasticidade da pele, prevenindo a aspereza e a descama\u00e7\u00e3o. O produto nutre, suaviza e hidrata intensamente a pele, deixando-a relaxada e cheia de brilho natural.       <\/span><\/p>\n<p><span id=\"ctl00_ContentPlaceHolder1_lblText\"><strong>EFEITOS<\/strong><\/span><\/p>\n<ul>\n<li><span id=\"ctl00_ContentPlaceHolder1_lblText\">Fortes propriedades antirrugas<\/span><\/li>\n<li><span id=\"ctl00_ContentPlaceHolder1_lblText\">Regenera e nutre de forma duradoura<\/span><\/li>\n<li><span id=\"ctl00_ContentPlaceHolder1_lblText\">Cuida e acalma irrita\u00e7\u00f5es<\/span><\/li>\n<li><span id=\"ctl00_ContentPlaceHolder1_lblText\">Hidrata, firma e suaviza<\/span><\/li>\n<\/ul>\n<hr>\n<h3>Creme de Noite Natural Collagen Inventia 50 ml<\/h3>\n<p><span id=\"ctl00_ContentPlaceHolder1_lblText\">Creme de noite anti-idade de regenera\u00e7\u00e3o intensa. Destinado a todos os tipos de pele e, especialmente, para peles secas e estressadas que perderam a firmeza e o frescor. A composi\u00e7\u00e3o \u00fanica do produto garante a nutri\u00e7\u00e3o e hidrata\u00e7\u00e3o adequadas da pele. A tens\u00e3o, firmeza e elasticidade da pele melhoram. Gra\u00e7as ao teor de col\u00e1geno e Matrixyl\u00ae 3000, o creme previne eficazmente o envelhecimento precoce da pele, reduz rugas profundas e elimina as pequenas. O extrato de erva-cidreira tonifica a pele e regula a produ\u00e7\u00e3o de sebo. Al\u00e9m disso, a erva-cidreira e o D-pantenol acalmam as irrita\u00e7\u00f5es e previnem o seu aparecimento. A pele torna-se macia como veludo, lisa e ganha uma apar\u00eancia saud\u00e1vel e fresca.       <\/span><\/p>\n<p><span id=\"ctl00_ContentPlaceHolder1_lblText\"><strong>EFEITOS<\/strong><\/span><\/p>\n<ul>\n<li><span id=\"ctl00_ContentPlaceHolder1_lblText\">Regenera e nutre intensamente<\/span><\/li>\n<li><span id=\"ctl00_ContentPlaceHolder1_lblText\">Age contra as rugas<\/span><\/li>\n<li><span id=\"ctl00_ContentPlaceHolder1_lblText\">Hidrata, confere elasticidade e firma<\/span><\/li>\n<li><span id=\"ctl00_ContentPlaceHolder1_lblText\">Proporciona uma maciez aveludada<\/span><\/li>\n<\/ul>\n<div align=\"center\">\n<script async=\"\" src=\"\/\/pagead2.googlesyndication.com\/pagead\/js\/adsbygoogle.js\"><\/script><br \/>\n<ins class=\"adsbygoogle\" style=\"display:block; text-align:center;\" data-ad-layout=\"in-article\" data-ad-format=\"fluid\" data-ad-client=\"ca-pub-6998664093247383\" data-ad-slot=\"1150623665\"><\/ins><br \/>\n<script>\n     (adsbygoogle = window.adsbygoogle || []).push({});\n<\/script>\n\t<\/div>\n","protected":false},"excerpt":{"rendered":"<p>No kit promocional: Creme de dia e de noite contra rugas faciais da Natural Collagen Inventia<\/p>\n","protected":false},"featured_media":33,"comment_status":"open","ping_status":"closed","template":"","meta":[],"product_brand":[],"product_cat":[73,77],"product_tag":[74],"class_list":{"0":"post-865","1":"product","2":"type-product","3":"status-publish","4":"has-post-thumbnail","6":"product_cat-cuidados-faciais","7":"product_cat-ofertas","8":"product_tag-natural-collagen-inventia","10":"first","11":"instock","12":"sale","13":"taxable","14":"shipping-taxable","15":"purchasable","16":"product-type-simple"},"aioseo_notices":[],"_links":{"self":[{"href":"https:\/\/kollagen-inventia.de\/pt-br\/wp-json\/wp\/v2\/product\/865","targetHints":{"allow":["GET"]}}],"collection":[{"href":"https:\/\/kollagen-inventia.de\/pt-br\/wp-json\/wp\/v2\/product"}],"about":[{"href":"https:\/\/kollagen-inventia.de\/pt-br\/wp-json\/wp\/v2\/types\/product"}],"replies":[{"embeddable":true,"href":"https:\/\/kollagen-inventia.de\/pt-br\/wp-json\/wp\/v2\/comments?post=865"}],"wp:featuredmedia":[{"embeddable":true,"href":"https:\/\/kollagen-inventia.de\/pt-br\/wp-json\/wp\/v2\/media\/33"}],"wp:attachment":[{"href":"https:\/\/kollagen-inventia.de\/pt-br\/wp-json\/wp\/v2\/media?parent=865"}],"wp:term":[{"taxonomy":"product_brand","embeddable":true,"href":"https:\/\/kollagen-inventia.de\/pt-br\/wp-json\/wp\/v2\/product_brand?post=865"},{"taxonomy":"product_cat","embeddable":true,"href":"https:\/\/kollagen-inventia.de\/pt-br\/wp-json\/wp\/v2\/product_cat?post=865"},{"taxonomy":"product_tag","embeddable":true,"href":"https:\/\/kollagen-inventia.de\/pt-br\/wp-json\/wp\/v2\/product_tag?post=865"}],"curies":[{"name":"wp","href":"https:\/\/api.w.org\/{rel}","templated":true}]}}